{"id":10810,"date":"2022-03-23T16:52:25","date_gmt":"2022-03-23T20:52:25","guid":{"rendered":"http:\/\/149.4.100.129\/academics\/bio\/?page_id=10810"},"modified":"2024-04-02T18:30:44","modified_gmt":"2024-04-02T22:30:44","slug":"uldis-roze","status":"publish","type":"page","link":"https:\/\/www.qc.cuny.edu\/academics\/bio\/uldis-roze\/","title":{"rendered":"Dr. Uldis Roze"},"content":{"rendered":"<p>[et_pb_section fb_built=&#8221;1&#8243; _builder_version=&#8221;4.16&#8243; background_color=&#8221;rgba(0,0,0,0)&#8221; custom_padding=&#8221;16px|||||&#8221; global_colors_info=&#8221;{}&#8221;][et_pb_row column_structure=&#8221;1_3,2_3&#8243; _builder_version=&#8221;4.16&#8243; _module_preset=&#8221;default&#8221; global_colors_info=&#8221;{}&#8221;][et_pb_column type=&#8221;1_3&#8243; _builder_version=&#8221;4.16&#8243; _module_preset=&#8221;default&#8221; global_colors_info=&#8221;{}&#8221;][et_pb_image src=&#8221;https:\/\/www.qc.cuny.edu\/academics\/bio\/wp-content\/uploads\/sites\/117\/2022\/03\/URporc5-31-11-e1397006025375.jpg&#8221; alt=&#8221;Dr. Uldis Roze holding a porcupine.&#8221; title_text=&#8221;Dr. Uldis Roze holding a porcupine.&#8221; align=&#8221;center&#8221; _builder_version=&#8221;4.16&#8243; _module_preset=&#8221;default&#8221; border_width_all=&#8221;1px&#8221; border_color_all=&#8221;#000000&#8243; global_colors_info=&#8221;{}&#8221;][\/et_pb_image][\/et_pb_column][et_pb_column type=&#8221;2_3&#8243; _builder_version=&#8221;4.16&#8243; _module_preset=&#8221;default&#8221; global_colors_info=&#8221;{}&#8221;][dsm_text_divider header=&#8221;Dr. Uldis Roze&#8221; text_alignment=&#8221;left&#8221; color=&#8221;#E71939&#8243; divider_position=&#8221;flex-end&#8221; divider_weight=&#8221;5px&#8221; _builder_version=&#8221;4.16&#8243; _module_preset=&#8221;default&#8221; header_font=&#8221;Open Sans|600|||||||&#8221; header_text_color=&#8221;#000000&#8243; header_font_size=&#8221;30px&#8221; global_colors_info=&#8221;{}&#8221;][\/dsm_text_divider][et_pb_text _builder_version=&#8221;4.20.4&#8243; text_font=&#8221;Open Sans||||||||&#8221; text_font_size=&#8221;16px&#8221; header_4_font=&#8221;Open Sans|600|||on||||&#8221; text_orientation_tablet=&#8221;center&#8221; text_orientation_phone=&#8221;&#8221; text_orientation_last_edited=&#8221;on|desktop&#8221; global_colors_info=&#8221;{}&#8221;]<\/p>\n<p><strong>Dr. Uldis Roze<\/strong><br \/>Professor Emeritus<br \/>Ph.D. (Washington University)<br \/>E-mail: uldis.roze@verizon.net<\/p>\n<p>[\/et_pb_text][\/et_pb_column][\/et_pb_row][et_pb_row _builder_version=&#8221;4.16&#8243; _module_preset=&#8221;default&#8221; global_colors_info=&#8221;{}&#8221;][et_pb_column type=&#8221;4_4&#8243; _builder_version=&#8221;4.16&#8243; _module_preset=&#8221;default&#8221; global_colors_info=&#8221;{}&#8221;][et_pb_text module_id=&#8221;research&#8221; _builder_version=&#8221;4.20.4&#8243; text_font=&#8221;Open Sans||||||||&#8221; text_font_size=&#8221;16px&#8221; header_4_font=&#8221;Open Sans|600|||on||||&#8221; header_5_font=&#8221;Open Sans|600|||on||||&#8221; header_5_text_color=&#8221;#000000&#8243; text_orientation_tablet=&#8221;left&#8221; text_orientation_phone=&#8221;left&#8221; text_orientation_last_edited=&#8221;on|desktop&#8221; global_colors_info=&#8221;{}&#8221;]<\/p>\n<p><strong>Research interests:<\/strong><\/p>\n<p>I have been interested in the anatomy, ecology, and natural history of the North American porcupine, <em>Erethizon dorsatum<\/em>.\u00a0<em>Erethizon<\/em> is in many ways an atypical representative of the New World porcupines, the Erethizontidae. Its species range is very large and extends far beyond the tropics. Its body size is the largest of any erethizontid. Its diet includes tree bark to a greater extent than shown by any other erethizontid. Its tail lacks prehensile function and functions instead as a powerful quill-delivery system.<\/p>\n<p>Recently, in collaboratiuon with Drs. Gaston Gine of the Univ. Estaduel de Santa Cruz, Brazil, and David Chapman of Lakehead University, Canada, I have become interested in the anatomy and natural history of another atypical erethizontid, the thin-spined porcupine, <em>Chaetomys subspinosus<\/em>.<em>\u00a0Chaetomys<\/em> has had a long evolutionary separation from other New World porcupines and belongs to its own sub-family, the Chaetomyinae. It is the only New World porcupine with quills that lack one-way barbs. Its range is restricted to the Atlantic Forest of southeastern Brazil, and because this forest has been 92% destroyed, <em>Chaetomys<\/em> may be the most endangered of the New World porcupines.<\/p>\n<h5><strong>Selected Publications:<\/strong><\/h5>\n<p>2023. David M. Chapman, Gast\u00f3n Andr\u00e9s Fernandez Gin\u00e9, and Uldis Roze. Functional histology of the integument of the thin-spined porcupine, <em>Chaetomys subspinosus<\/em>. Can. J. Zool. 101(7): 1\u201310. <a href=\"https:\/\/cdnsciencepub.com\/doi\/abs\/10.1139\/cjz-2022-0116?journalCode=cjz\">URL<\/a><\/p>\n<p>2019. D.M. Chapman, G.A.F. Gine, and U. Roze. Microscopy and development of a remarkable pitted quill from the thin-spined porcupine, <i>Chaetomys subspinosus<\/i>. Can. J. Zool. 97(1): 31-41. <a href=\"https:\/\/tspace.library.utoronto.ca\/bitstream\/1807\/93127\/1\/cjz-2017-0281.pdf\" target=\"_blank\" rel=\"noopener noreferrer\">PDF<\/a><\/p>\n<p>2018. J. O Whitaker, Jr. and U. Roze. Invertebrates from porcupine (<em>Erethizon dorsatum<\/em>) rock dens from Greene County, Catskill Mountains, New York. Proc. Indiana Acad. Sci. 127(2): 124-127. <a href=\"https:\/\/www.qc.cuny.edu\/academics\/bio\/wp-content\/uploads\/sites\/117\/2022\/03\/Whitaker-Roze-2018.pdf\" target=\"_blank\" rel=\"noopener noreferrer\">PDF<\/a><\/p>\n<p>2012. U. Roze. Porcupines, the Animal Answer Guide. Johns Hopkins University Press, Baltimore. 204 pp. See\u00a0<a href=\"http:\/\/jhupressblog.com\/2012\/10\/25\/wild-thing-how-do-quills-work\/\" target=\"_blank\" rel=\"noopener noreferrer\">http:\/\/jhupressblog.com\/<\/a><\/p>\n<p>[\/et_pb_text][\/et_pb_column][\/et_pb_row][et_pb_row column_structure=&#8221;1_5,1_5,3_5&#8243; _builder_version=&#8221;4.16&#8243; _module_preset=&#8221;default&#8221; global_colors_info=&#8221;{}&#8221;][et_pb_column type=&#8221;1_5&#8243; _builder_version=&#8221;4.16&#8243; _module_preset=&#8221;default&#8221; global_colors_info=&#8221;{}&#8221;][et_pb_image src=&#8221;https:\/\/www.qc.cuny.edu\/academics\/bio\/wp-content\/uploads\/sites\/117\/2022\/03\/Roze2012Cover1-e1396617633866.jpg&#8221; alt=&#8221;Porcupines. The animal answer guide book cover.&#8221; title_text=&#8221;Porcupines. The animal answer guide.&#8221; align=&#8221;center&#8221; force_fullwidth=&#8221;on&#8221; _builder_version=&#8221;4.16&#8243; _module_preset=&#8221;default&#8221; global_colors_info=&#8221;{}&#8221;][\/et_pb_image][\/et_pb_column][et_pb_column type=&#8221;1_5&#8243; _builder_version=&#8221;4.16&#8243; _module_preset=&#8221;default&#8221; global_colors_info=&#8221;{}&#8221;][et_pb_image src=&#8221;https:\/\/www.qc.cuny.edu\/academics\/bio\/wp-content\/uploads\/sites\/117\/2022\/03\/roze.north_1.gif&#8221; alt=&#8221;The North American Porcupine book cover.&#8221; title_text=&#8221;The North American Porcupine.&#8221; force_fullwidth=&#8221;on&#8221; _builder_version=&#8221;4.16&#8243; _module_preset=&#8221;default&#8221; global_colors_info=&#8221;{}&#8221;][\/et_pb_image][\/et_pb_column][et_pb_column type=&#8221;3_5&#8243; _builder_version=&#8221;4.16&#8243; _module_preset=&#8221;default&#8221; global_colors_info=&#8221;{}&#8221;][et_pb_text module_id=&#8221;research&#8221; _builder_version=&#8221;4.20.4&#8243; text_font=&#8221;Open Sans||||||||&#8221; text_font_size=&#8221;16px&#8221; header_4_font=&#8221;Open Sans|600|||on||||&#8221; text_orientation_tablet=&#8221;left&#8221; text_orientation_phone=&#8221;left&#8221; text_orientation_last_edited=&#8221;on|desktop&#8221; global_colors_info=&#8221;{}&#8221;]<\/p>\n<p>2010. U. Roze, K.T. Leung, EW. Nix, G. Burton, and D.M. Chapman 2010. Microanatomy and bacterial flora of the perineal glands of the North American porcupine. Can. J. Zool. 88:59-68.\u00a0<a href=\"https:\/\/www.qc.cuny.edu\/academics\/bio\/wp-content\/uploads\/sites\/117\/2022\/03\/Roze_et_al_2010.pdf\" target=\"_blank\" rel=\"noopener noreferrer self\">PDF<\/a><\/p>\n<p>2009. U. Roze. The North American Porcupine, 2nd Ed., 288 pp. Cornell U. Press, Ithaca.\u00a0<a href=\"http:\/\/www.cornellpress.cornell.edu\/cup_detail.taf?ti_id=5368\" target=\"_blank\" rel=\"noopener self\">Information Here<\/a><\/p>\n<p>2006. U. Roze. Smart Weapons. Natural History 115 (March): 48-53. \u00a0<a href=\"https:\/\/www.qc.cuny.edu\/academics\/bio\/wp-content\/uploads\/sites\/117\/2022\/03\/Roze_2006-Nat_Hist.pdf\" target=\"_blank\" rel=\"noopener noreferrer\">PDF<\/a><\/p>\n<p>2004. U. Roze. Risk factors for injury in porcupines. Wildlife Rehabilitation 21: 61-63.<\/p>\n<p>2003. U. Roze and L. M. Isle. Porcupine. p.p. 371-380 in: Wild Mammals of North America: Biology, Management, and Conservation. Second Edition, George A. Feldhamer, Bruce C. Thompson, and Joseph A. Chapman, Editors. Johns Hopkins University Press, Baltimore and London.<\/p>\n<p>2002. U. Roze. A facilitated release mechanism for quills of the North American porcupine (<em>Erethizon dorsatum<\/em>). J. Mammalogy, 83(2):381-385.<\/p>\n<p>1997 G. Li, U. Roze, and D.C. Locke. Warning odor of the North American porcupine (<em>Erethizon dorsatum<\/em>). J. Chem. Ecol. 23: 2737-2754.<\/p>\n<p>1997 D.M. Chapman and U. Roze. Functional histology of quill erection in the porcupine,\u00a0<em>Erethizon dorsatum<\/em>.Can. J. Zool. 75:1-10.<\/p>\n<p>1990 U. Roze, D.C. Locke, and N. Vatakis. Antibiotic properties of porcupine quills. J. Chemical Ecology, 16:725-734.<\/p>\n<p>1989 U. Roze. The North American Porcupine. Smithsonian Inst. Press, Washington, D.C., 261 pp.<\/p>\n<p>U. Roze and J.L. Strominger l966. Alanine racemase from\u00a0<em>S. aureus<\/em>\u00a0and its competitive inhibition by D-cycloserine. Molecular Pharmacology 2: 92-94.<\/p>\n<p>[\/et_pb_text][\/et_pb_column][\/et_pb_row][\/et_pb_section]<\/p>\n","protected":false},"excerpt":{"rendered":"<p><div class=\"et_pb_module dsm_text_divider dsm_text_divider_0\">\n\t\t\t\t\n\t\t\t\t\n\t\t\t\t\n\t\t\t\t\n\t\t\t\t\n\t\t\t\t\n\t\t\t\t<div class=\"et_pb_module_inner\">\n\t\t\t\t\t<div class=\"dsm-text-divider-wrapper dsm-text-divider-align-left et_pb_bg_layout_light\">\n\t\t\t\t\n\t\t\t\t\n\t\t\t\t<div class=\"dsm-text-divider-before dsm-divider\"><\/div>\n\t\t\t\t<h3 class=\"dsm-text-divider-header et_pb_module_header\"><span>Dr. Uldis Roze<\/span><\/h3>\n\t\t\t\t<div class=\"dsm-text-divider-after dsm-divider\"><\/div>\n\t\t\t<\/div>\n\t\t\t\t<\/div>\n\t\t\t<\/div>Dr. Uldis RozeProfessor EmeritusPh.D. (Washington University)E-mail: uldis.roze@verizon.netResearch interests: I have been interested in the anatomy, ecology, and natural history of the North American porcupine, Erethizon dorsatum.\u00a0Erethizon is in many ways an atypical representative of the New World porcupines, the Erethizontidae. Its [&hellip;]<\/p>\n","protected":false},"author":2,"featured_media":0,"parent":0,"menu_order":0,"comment_status":"closed","ping_status":"closed","template":"","meta":{"_et_pb_use_builder":"on","_et_pb_old_content":"","_et_gb_content_width":"","inline_featured_image":false,"footnotes":""},"page_category":[],"wf_page_folders":[134],"class_list":["post-10810","page","type-page","status-publish","hentry"],"_links":{"self":[{"href":"https:\/\/www.qc.cuny.edu\/academics\/bio\/wp-json\/wp\/v2\/pages\/10810","targetHints":{"allow":["GET"]}}],"collection":[{"href":"https:\/\/www.qc.cuny.edu\/academics\/bio\/wp-json\/wp\/v2\/pages"}],"about":[{"href":"https:\/\/www.qc.cuny.edu\/academics\/bio\/wp-json\/wp\/v2\/types\/page"}],"author":[{"embeddable":true,"href":"https:\/\/www.qc.cuny.edu\/academics\/bio\/wp-json\/wp\/v2\/users\/2"}],"replies":[{"embeddable":true,"href":"https:\/\/www.qc.cuny.edu\/academics\/bio\/wp-json\/wp\/v2\/comments?post=10810"}],"version-history":[{"count":0,"href":"https:\/\/www.qc.cuny.edu\/academics\/bio\/wp-json\/wp\/v2\/pages\/10810\/revisions"}],"wp:attachment":[{"href":"https:\/\/www.qc.cuny.edu\/academics\/bio\/wp-json\/wp\/v2\/media?parent=10810"}],"wp:term":[{"taxonomy":"page_category","embeddable":true,"href":"https:\/\/www.qc.cuny.edu\/academics\/bio\/wp-json\/wp\/v2\/page_category?post=10810"},{"taxonomy":"wf_page_folders","embeddable":true,"href":"https:\/\/www.qc.cuny.edu\/academics\/bio\/wp-json\/wp\/v2\/wf_page_folders?post=10810"}],"curies":[{"name":"wp","href":"https:\/\/api.w.org\/{rel}","templated":true}]}}