{"id":9480,"date":"2023-10-03T15:17:08","date_gmt":"2023-10-03T19:17:08","guid":{"rendered":"http:\/\/149.4.100.129\/academics\/dtd\/?page_id=9480"},"modified":"2023-10-03T15:18:41","modified_gmt":"2023-10-03T19:18:41","slug":"aniko-szucs","status":"publish","type":"page","link":"https:\/\/www.qc.cuny.edu\/academics\/dtd\/aniko-szucs\/","title":{"rendered":"Aniko Szucs"},"content":{"rendered":"<p>[et_pb_section fb_built=&#8221;1&#8243; _builder_version=&#8221;4.16&#8243; global_colors_info=&#8221;{}&#8221;][et_pb_row _builder_version=&#8221;4.16&#8243; global_colors_info=&#8221;{}&#8221;][et_pb_column type=&#8221;4_4&#8243; _builder_version=&#8221;4.16&#8243; global_colors_info=&#8221;{}&#8221;][et_pb_text _builder_version=&#8221;4.22.1&#8243; header_5_font=&#8221;Ubuntu|700|||||||&#8221; header_5_text_align=&#8221;center&#8221; header_5_text_color=&#8221;#ffffff&#8221; header_5_font_size=&#8221;30px&#8221; background_color=&#8221;#e71939&#8243; custom_padding=&#8221;10px||10px||false|false&#8221; border_radii=&#8221;off|20px|20px||&#8221; global_colors_info=&#8221;{}&#8221;]<\/p>\n<h5>Aniko Szucs<\/h5>\n<p>[\/et_pb_text][\/et_pb_column][\/et_pb_row][et_pb_row column_structure=&#8221;1_3,2_3&#8243; _builder_version=&#8221;4.17.4&#8243; box_shadow_style=&#8221;preset3&#8243; global_colors_info=&#8221;{}&#8221;][et_pb_column type=&#8221;1_3&#8243; _builder_version=&#8221;4.16&#8243; global_colors_info=&#8221;{}&#8221;][et_pb_image src=&#8221;https:\/\/www.qc.cuny.edu\/academics\/dtd\/wp-content\/uploads\/sites\/76\/2023\/10\/Aniko-Szucs-1-scaled.jpeg&#8221; alt=&#8221;Headshot of Jeremy Stein&#8221; title_text=&#8221;Aniko Szucs 1&#8243; align=&#8221;center&#8221; admin_label=&#8221;Image&#8221; _builder_version=&#8221;4.22.2&#8243; _module_preset=&#8221;default&#8221; global_colors_info=&#8221;{}&#8221;][\/et_pb_image][\/et_pb_column][et_pb_column type=&#8221;2_3&#8243; _builder_version=&#8221;4.16&#8243; global_colors_info=&#8221;{}&#8221;][et_pb_text admin_label=&#8221;Text&#8221; _builder_version=&#8221;4.22.1&#8243; text_font=&#8221;Open Sans||||||||&#8221; text_text_color=&#8221;#000000&#8243; text_font_size=&#8221;16px&#8221; custom_padding=&#8221;|20px||20px|false|true&#8221; global_colors_info=&#8221;{}&#8221;]<\/p>\n<p class=\"p1\"><strong>Aniko Szucs<\/strong> is a theater and performance studies scholar and dramaturg. She holds a Ph.D. in Performance Studies from New York University and an M.F.A. in Theatre Studies and Dramaturgy from the University of Theatre and Film Arts in Budapest. Prior to joining Queens College, Dr. Szucs was a Visiting Assistant Professor in Theater at Skidmore College and held two postdoctoral fellowships at Yale University and Haverford College. She has worked as a resident and a production dramaturg in theaters across the U.S. and Hungary.<\/p>\n<p class=\"p1\">\u00a0<\/p>\n<p class=\"p1\">Dr. Szucs\u2019s research interests include Central and East European political theater, feminist protest movements and performances, politics of memory, and the genealogy and critique of surveillance. Inspired by her doctoral research, Dr. Szucs has published articles on the communist state security files, studying how contemporary performances and museums challenge the postcommunist state\u2019s instrumentalization of the cultural memory of oppressive state surveillance. Her current research and book project, tentatively titled\u00a0<i>Gestures of Radical Care: The Affect and Aesthetics of Political Resistance in Hungary<\/i>,<i>\u00a0<\/i>explores feminist urban protests, performances, and radical care. By advocating for an ethics of reciprocity, \u201cfellow feeling,\u201d and \u201cfeeling\u00a0<i>with<\/i>\u00a0the others,\u201d feminist scholarship envisions radical care as an empathetic mode of coexistence that brings together different affinity communities to resist patriarchal, colonial, and other repressive power structures. Dr. Szucs\u2019s research aims to expand this transnational scholarly discussion by exploring artworks and art events that facilitate such socio-political interventions in Central-East Europe and Russia, particularly in countries where the anti-care policies and ideologies of the authoritarian state have framed gestures of care as dissension.\u00a0<\/p>\n<p class=\"p1\">\u00a0<\/p>\n<p class=\"p1\">Dr. Szucs worked as the resident dramaturg of V\u00edgsz\u00ednh\u00e1z (Comedy Theatre) and as a production dramaturg at the Hungarian National Theater and the Radn\u00f3ti Theater in Budapest<i>.\u00a0<\/i>U.S. credits include\u00a0<i>Merchant of Venice\u00a0<\/i>at Portland Center Stage,\u00a0<i>A Man\u2019s a Man\u00a0<\/i>at the Arena Stage in Washington D.C., and\u00a0<i>Trouble in Paradise<\/i>\u00a0and\u00a0<i>Frequency Hopping,\u00a0<\/i>produced by the Hourglass Group in New York. In her current dramaturgical project, Dr. Szucs is developing a new play about the life of the first female film director, Alice Guy-Blach\u00e9 with playwright Elyse Singer and Hourglass Group, supported thus far by New York Theater Workshop\u2019s Summer Residency and the Catwalk Art Residency.<\/p>\n<p class=\"p1\">\u00a0<\/p>\n<p class=\"p1\">As a curator, Dr. Szucs worked on the exhibition \u201cRevolutionary Voices: Performing Arts in Central &amp; Eastern Europe in the 1980s\u201d at the New York Public Library for the Performing Arts, Lincoln Center. She also curated the online exhibitions \u201cVisual Acts of Radical Care: An Exhibition of Female Artists-Activists from Central and Eastern Europe\u201d at Yale University and \u201cInsatiabilities\u201d at Performance Studies international (PSi #27). Since her fellowship at Yale, Dr. Szucs has been working on the digital humanities project, \u201cThe Art of Resistance: A Platform for Protest Movements and Performances in Central-East Europe and Russia,\u201d to create an open-access archive of performances of resistance and foster a virtual network of scholars, artists, and activists who stand up against the illiberal governments in the region.<\/p>\n<p>[\/et_pb_text][\/et_pb_column][\/et_pb_row][\/et_pb_section]<\/p>\n","protected":false},"excerpt":{"rendered":"<p>Aniko SzucsAniko Szucs is a theater and performance studies scholar and dramaturg. She holds a Ph.D. in Performance Studies from New York University and an M.F.A. in Theatre Studies and Dramaturgy from the University of Theatre and Film Arts in Budapest. Prior to joining Queens College, Dr. Szucs was a Visiting Assistant Professor in Theater [&hellip;]<\/p>\n","protected":false},"author":244,"featured_media":0,"parent":0,"menu_order":0,"comment_status":"closed","ping_status":"closed","template":"","meta":{"_et_pb_use_builder":"on","_et_pb_old_content":"","_et_gb_content_width":"","inline_featured_image":false,"footnotes":""},"page_category":[],"wf_page_folders":[],"class_list":["post-9480","page","type-page","status-publish","hentry"],"_links":{"self":[{"href":"https:\/\/www.qc.cuny.edu\/academics\/dtd\/wp-json\/wp\/v2\/pages\/9480","targetHints":{"allow":["GET"]}}],"collection":[{"href":"https:\/\/www.qc.cuny.edu\/academics\/dtd\/wp-json\/wp\/v2\/pages"}],"about":[{"href":"https:\/\/www.qc.cuny.edu\/academics\/dtd\/wp-json\/wp\/v2\/types\/page"}],"author":[{"embeddable":true,"href":"https:\/\/www.qc.cuny.edu\/academics\/dtd\/wp-json\/wp\/v2\/users\/244"}],"replies":[{"embeddable":true,"href":"https:\/\/www.qc.cuny.edu\/academics\/dtd\/wp-json\/wp\/v2\/comments?post=9480"}],"version-history":[{"count":0,"href":"https:\/\/www.qc.cuny.edu\/academics\/dtd\/wp-json\/wp\/v2\/pages\/9480\/revisions"}],"wp:attachment":[{"href":"https:\/\/www.qc.cuny.edu\/academics\/dtd\/wp-json\/wp\/v2\/media?parent=9480"}],"wp:term":[{"taxonomy":"page_category","embeddable":true,"href":"https:\/\/www.qc.cuny.edu\/academics\/dtd\/wp-json\/wp\/v2\/page_category?post=9480"},{"taxonomy":"wf_page_folders","embeddable":true,"href":"https:\/\/www.qc.cuny.edu\/academics\/dtd\/wp-json\/wp\/v2\/wf_page_folders?post=9480"}],"curies":[{"name":"wp","href":"https:\/\/api.w.org\/{rel}","templated":true}]}}