{"id":17276,"date":"2025-06-25T19:13:30","date_gmt":"2025-06-25T23:13:30","guid":{"rendered":"https:\/\/www.qc.cuny.edu\/academics\/ecpsm\/?page_id=17276"},"modified":"2025-06-30T10:56:34","modified_gmt":"2025-06-30T14:56:34","slug":"rosemary-nelis","status":"publish","type":"page","link":"https:\/\/www.qc.cuny.edu\/academics\/ecpsm\/rosemary-nelis\/","title":{"rendered":"Rosemary Nelis"},"content":{"rendered":"<p>[et_pb_section fb_built=&#8221;1&#8243; _builder_version=&#8221;4.27.4&#8243; _module_preset=&#8221;default&#8221; custom_padding=&#8221;5px||1px|||&#8221; locked=&#8221;off&#8221; global_colors_info=&#8221;{}&#8221;][et_pb_row _builder_version=&#8221;4.27.4&#8243; _module_preset=&#8221;default&#8221; global_colors_info=&#8221;{}&#8221;][et_pb_column type=&#8221;4_4&#8243; _builder_version=&#8221;4.27.4&#8243; _module_preset=&#8221;default&#8221; global_colors_info=&#8221;{}&#8221;][et_pb_image src=&#8221;https:\/\/www.qc.cuny.edu\/academics\/ecpsm\/wp-content\/uploads\/sites\/154\/2025\/06\/ECPSM-Logo.png&#8221; alt=&#8221;Eisman Center for Preparatory Studies in Music at Queens College&#8221; title_text=&#8221;ECPSM-Logo&#8221; _builder_version=&#8221;4.27.4&#8243; _module_preset=&#8221;default&#8221; width=&#8221;40%&#8221; hover_enabled=&#8221;0&#8243; global_colors_info=&#8221;{}&#8221; custom_margin=&#8221;|||-30px|false|false&#8221; sticky_enabled=&#8221;0&#8243;][\/et_pb_image][\/et_pb_column][\/et_pb_row][\/et_pb_section][et_pb_section fb_built=&#8221;1&#8243; _builder_version=&#8221;4.27.2&#8243; _module_preset=&#8221;default&#8221; background_enable_color=&#8221;off&#8221; top_divider_color=&#8221;#FFFFFF&#8221; global_colors_info=&#8221;{}&#8221;][et_pb_row column_structure=&#8221;3_5,2_5&#8243; _builder_version=&#8221;4.27.4&#8243; _module_preset=&#8221;default&#8221; custom_margin=&#8221;||||false|false&#8221; custom_padding=&#8221;|||5px||&#8221; global_colors_info=&#8221;{}&#8221;][et_pb_column type=&#8221;3_5&#8243; _builder_version=&#8221;4.27.4&#8243; _module_preset=&#8221;default&#8221; global_colors_info=&#8221;{}&#8221;][dsm_text_divider header=&#8221;Rosemary Nelis&#8221; text_alignment=&#8221;left&#8221; color=&#8221;RGBA(255,255,255,0)&#8221; _builder_version=&#8221;4.27.4&#8243; _module_preset=&#8221;default&#8221; header_font=&#8221;Open Sans||||||||&#8221; header_text_color=&#8221;#991b1e&#8221; header_font_size=&#8221;60px&#8221; width=&#8221;100%&#8221; custom_padding=&#8221;|||0px||&#8221; hover_enabled=&#8221;0&#8243; global_colors_info=&#8221;{}&#8221; sticky_enabled=&#8221;0&#8243;][\/dsm_text_divider][et_pb_text _builder_version=&#8221;4.27.4&#8243; _module_preset=&#8221;default&#8221; text_font_size=&#8221;18px&#8221; custom_padding=&#8221;|||10px||&#8221; global_colors_info=&#8221;{}&#8221;]<\/p>\n<h3><span style=\"color: #991b13;\">Viola, Orchestra<\/span><\/h3>\n<p><strong>Degrees &amp; Studies:<\/strong><br \/>\nBA, Music Bard College Conservatory of Music<br \/>\nMM, The Juilliard School  [\/et_pb_text][\/et_pb_column][et_pb_column type=&#8221;2_5&#8243; _builder_version=&#8221;4.27.4&#8243; _module_preset=&#8221;default&#8221; global_colors_info=&#8221;{}&#8221;][et_pb_image src=&#8221;https:\/\/www.qc.cuny.edu\/academics\/ecpsm\/wp-content\/uploads\/sites\/154\/2025\/06\/rosemary-nelis-photo.jpg&#8221; alt=&#8221;Rosemary Nelis, Viola, Orchestra&#8221; title_text=&#8221;rosemary-nelis-photo&#8221; _builder_version=&#8221;4.27.4&#8243; _module_preset=&#8221;default&#8221; width=&#8221;66%&#8221; custom_margin=&#8221;||25px||false|false&#8221; custom_padding=&#8221;0px||0px|0px|false|false&#8221; box_shadow_style=&#8221;preset4&#8243; box_shadow_color=&#8221;#991b1e&#8221; global_colors_info=&#8221;{}&#8221;][\/et_pb_image][\/et_pb_column][\/et_pb_row][et_pb_row _builder_version=&#8221;4.27.4&#8243; _module_preset=&#8221;default&#8221; global_colors_info=&#8221;{}&#8221;][et_pb_column type=&#8221;4_4&#8243; _builder_version=&#8221;4.27.4&#8243; _module_preset=&#8221;default&#8221; global_colors_info=&#8221;{}&#8221;][et_pb_text _builder_version=&#8221;4.27.4&#8243; _module_preset=&#8221;default&#8221; text_font_size=&#8221;15px&#8221; custom_padding=&#8221;|||7px||&#8221; global_colors_info=&#8221;{}&#8221;]<\/p>\n<p>Rosemary Nelis has performed as chamber musician and soloist throughout the United States, Europe and the Caribbean. Major performances include American premieres of works by composers Brett Dean, Hilda Paredes, and J\u00f6rg Widmann, in addition to her Carnegie Hall solo debut at the New York City premiere of Gy\u00f6rgy Kurt\u00e1g\u2019s \u2026Concertante\u2026 for solo violin, viola and orchestra. Nelis received both Bachelor of Music and Bachelor of Arts degrees from Bard College Conservatory of Music, where she studied with Steven Tenenbom and majored in Chinese Language and Literature. Nelis was the proud recipient of a Kovner Fellowship during her Masters studies at The Juilliard School, where she worked with Roger Tapping and Misha Amory. She also studied at the University of Glasgow, Qing Dao University, and Yale School of Music, working with violists Duncan Ferguson and Ettore Causa. Nelis has spent summers performing chamber music at Yellow Barn, Bard Music Festival, Music@Menlo, and Kneisel Hall. In 2022 Nelis served as faculty at the Kinhaven Music School and is currently a Professor of Viola at the Special Music School, the Eisman Center for Preparatory Studies at Queens College, and the Cali School of Music at Montclair State University. In 2024 Nelis will serve as faculty at Yellow Barn\u2019s Young Artist Program and Vilacello String and Piano Festival in Pennsylvania.<\/p>\n<p>[\/et_pb_text][et_pb_button button_url=&#8221;https:\/\/www.qc.cuny.edu\/academics\/music\/faculty&#8221; button_text=&#8221;Back to Faculty Listings&#8221; _builder_version=&#8221;4.27.4&#8243; _module_preset=&#8221;default&#8221; custom_button=&#8221;on&#8221; button_text_size=&#8221;16px&#8221; button_text_color=&#8221;#000000&#8243; global_colors_info=&#8221;{}&#8221;][\/et_pb_button][\/et_pb_column][\/et_pb_row][\/et_pb_section][et_pb_section fb_built=&#8221;1&#8243; _builder_version=&#8221;4.27.4&#8243; _module_preset=&#8221;default&#8221; min_height=&#8221;240.8px&#8221; custom_padding=&#8221;0px||13px||false|false&#8221; locked=&#8221;off&#8221; global_colors_info=&#8221;{}&#8221;][et_pb_row column_structure=&#8221;1_2,1_2&#8243; _builder_version=&#8221;4.27.4&#8243; _module_preset=&#8221;default&#8221; global_colors_info=&#8221;{}&#8221;][et_pb_column type=&#8221;1_2&#8243; _builder_version=&#8221;4.27.4&#8243; _module_preset=&#8221;default&#8221; global_colors_info=&#8221;{}&#8221;][et_pb_text _builder_version=&#8221;4.27.4&#8243; _module_preset=&#8221;default&#8221; text_font=&#8221;Open Sans||||||||&#8221; text_font_size=&#8221;15px&#8221; header_4_font=&#8221;Open Sans|700|||||||&#8221; header_4_text_color=&#8221;#000000&#8243; header_4_font_size=&#8221;25px&#8221; locked=&#8221;off&#8221; global_colors_info=&#8221;{}&#8221;]<\/p>\n<h4>Location<\/h4>\n<p>Music Building<br \/>Queens College, CUNY<br \/>65-30 Kissena Blvd<br \/>Queens, NY 11367<br \/>(Tel) 718-997-3888<br \/><a href=\"mailto:cpsmqueenscollege@gmail.com\">cpsmqueenscollege@gmail.com<\/a><\/p>\n<p>[\/et_pb_text][\/et_pb_column][et_pb_column type=&#8221;1_2&#8243; _builder_version=&#8221;4.27.4&#8243; _module_preset=&#8221;default&#8221; global_colors_info=&#8221;{}&#8221;][et_pb_blurb title=&#8221;Donate&#8221; use_icon=&#8221;on&#8221; font_icon=&#8221;&#xe073;||divi||400&#8243; icon_color=&#8221;#e71939&#8243; icon_placement=&#8221;left&#8221; image_icon_width=&#8221;50px&#8221; icon_placement_last_edited=&#8221;off|desktop&#8221; module_class=&#8221;donate&#8221; _builder_version=&#8221;4.27.4&#8243; _module_preset=&#8221;default&#8221; header_font=&#8221;Open Sans|600|||||||&#8221; body_font_size=&#8221;15px&#8221; image_icon_custom_margin=&#8221;|||40px|false|false&#8221; module_alignment=&#8221;left&#8221; custom_margin=&#8221;|||-60px||&#8221; custom_padding=&#8221;|48px||126px||&#8221; locked=&#8221;off&#8221; global_colors_info=&#8221;{}&#8221;]<\/p>\n<p>Consider\u00a0<a href=\"http:\/\/qccommunity.qc.cuny.edu\/\" target=\"_blank\" rel=\"noopener\">making a gift<\/a> to the Eisman Center for Preparatory Studies in Music.<\/p>\n<p>[\/et_pb_blurb][\/et_pb_column][\/et_pb_row][\/et_pb_section]<\/p>\n","protected":false},"excerpt":{"rendered":"<p><div class=\"et_pb_module dsm_text_divider dsm_text_divider_0\">\n\t\t\t\t\n\t\t\t\t\n\t\t\t\t\n\t\t\t\t\n\t\t\t\t\n\t\t\t\t\n\t\t\t\t<div class=\"et_pb_module_inner\">\n\t\t\t\t\t<div class=\"dsm-text-divider-wrapper dsm-text-divider-align-left et_pb_bg_layout_light\">\n\t\t\t\t\n\t\t\t\t\n\t\t\t\t<div class=\"dsm-text-divider-before dsm-divider\"><\/div>\n\t\t\t\t<h3 class=\"dsm-text-divider-header et_pb_module_header\"><span>Rosemary Nelis<\/span><\/h3>\n\t\t\t\t<div class=\"dsm-text-divider-after dsm-divider\"><\/div>\n\t\t\t<\/div>\n\t\t\t\t<\/div>\n\t\t\t<\/div>Viola, Orchestra Degrees &amp; Studies: BA, Music Bard College Conservatory of Music MM, The Juilliard School Rosemary Nelis has performed as chamber musician and soloist throughout the United States, Europe and the Caribbean. Major performances include American premieres of works [&hellip;]<\/p>\n","protected":false},"author":197,"featured_media":0,"parent":0,"menu_order":0,"comment_status":"closed","ping_status":"closed","template":"","meta":{"_et_pb_use_builder":"on","_et_pb_old_content":"","_et_gb_content_width":"","inline_featured_image":false,"footnotes":""},"page_category":[],"wf_page_folders":[259],"class_list":["post-17276","page","type-page","status-publish","hentry"],"_links":{"self":[{"href":"https:\/\/www.qc.cuny.edu\/academics\/ecpsm\/wp-json\/wp\/v2\/pages\/17276","targetHints":{"allow":["GET"]}}],"collection":[{"href":"https:\/\/www.qc.cuny.edu\/academics\/ecpsm\/wp-json\/wp\/v2\/pages"}],"about":[{"href":"https:\/\/www.qc.cuny.edu\/academics\/ecpsm\/wp-json\/wp\/v2\/types\/page"}],"author":[{"embeddable":true,"href":"https:\/\/www.qc.cuny.edu\/academics\/ecpsm\/wp-json\/wp\/v2\/users\/197"}],"replies":[{"embeddable":true,"href":"https:\/\/www.qc.cuny.edu\/academics\/ecpsm\/wp-json\/wp\/v2\/comments?post=17276"}],"version-history":[{"count":0,"href":"https:\/\/www.qc.cuny.edu\/academics\/ecpsm\/wp-json\/wp\/v2\/pages\/17276\/revisions"}],"wp:attachment":[{"href":"https:\/\/www.qc.cuny.edu\/academics\/ecpsm\/wp-json\/wp\/v2\/media?parent=17276"}],"wp:term":[{"taxonomy":"page_category","embeddable":true,"href":"https:\/\/www.qc.cuny.edu\/academics\/ecpsm\/wp-json\/wp\/v2\/page_category?post=17276"},{"taxonomy":"wf_page_folders","embeddable":true,"href":"https:\/\/www.qc.cuny.edu\/academics\/ecpsm\/wp-json\/wp\/v2\/wf_page_folders?post=17276"}],"curies":[{"name":"wp","href":"https:\/\/api.w.org\/{rel}","templated":true}]}}