{"id":7087,"date":"2020-11-10T14:17:57","date_gmt":"2020-11-10T19:17:57","guid":{"rendered":"http:\/\/149.4.100.129\/academics\/ms\/?page_id=7087"},"modified":"2022-04-15T14:06:51","modified_gmt":"2022-04-15T18:06:51","slug":"about-eli-korean-translation","status":"publish","type":"page","link":"https:\/\/www.qc.cuny.edu\/academics\/el\/about-eli-korean-translation\/","title":{"rendered":"About ELI Korean Translation"},"content":{"rendered":"<p>[et_pb_section fb_built=&#8221;1&#8243; _builder_version=&#8221;4.16&#8243; background_color=&#8221;rgba(0,0,0,0)&#8221; custom_padding=&#8221;16px|||||&#8221; global_colors_info=&#8221;{}&#8221;][et_pb_row _builder_version=&#8221;4.16&#8243; global_colors_info=&#8221;{}&#8221;][et_pb_column type=&#8221;4_4&#8243; _builder_version=&#8221;4.16&#8243; global_colors_info=&#8221;{}&#8221;][et_pb_text _builder_version=&#8221;4.16&#8243; header_6_font=&#8221;Ubuntu|700|||||||&#8221; header_6_text_color=&#8221;#ffffff&#8221; header_6_font_size=&#8221;35px&#8221; background_color=&#8221;#e71939&#8243; custom_margin=&#8221;||||false|false&#8221; custom_padding=&#8221;10px|20px|10px|20px|true|true&#8221; border_radii=&#8221;off|20px|20px||&#8221; global_colors_info=&#8221;{}&#8221;]<\/p>\n<h6 class=\"entry-title\" style=\"text-align: center\">\u00a0ELI \uc18c\uac1c<\/h6>\n<p>[\/et_pb_text][\/et_pb_column][\/et_pb_row][et_pb_row _builder_version=&#8221;4.16&#8243; custom_padding=&#8221;20px|20px|20px|20px|true|true&#8221; box_shadow_style=&#8221;preset3&#8243; global_colors_info=&#8221;{}&#8221;][et_pb_column type=&#8221;4_4&#8243; _builder_version=&#8221;4.16&#8243; global_colors_info=&#8221;{}&#8221;][et_pb_image src=&#8221;https:\/\/www.qc.cuny.edu\/academics\/ms\/wp-content\/uploads\/sites\/47\/2020\/11\/cam_00200_L1.jpg&#8221; alt=&#8221;People walking through Queens College Campus.&#8221; title_text=&#8221;About ELI. People walking through Queens College Campus.&#8221; align=&#8221;center&#8221; _builder_version=&#8221;4.16&#8243; _module_preset=&#8221;default&#8221; border_width_all=&#8221;1px&#8221; border_color_all=&#8221;#000000&#8243; global_colors_info=&#8221;{}&#8221;][\/et_pb_image][et_pb_text _builder_version=&#8221;4.17.1&#8243; _module_preset=&#8221;default&#8221; hover_enabled=&#8221;0&#8243; sticky_enabled=&#8221;0&#8243; text_font=&#8221;Open Sans||||||||&#8221; text_font_size=&#8221;16px&#8221; text_orientation=&#8221;center&#8221; locked=&#8221;off&#8221;]<\/p>\n<p>(<a href=\"https:\/\/www.qc.cuny.edu\/academics\/el\/about-eli\/\">English<\/a>) <a href=\"https:\/\/www.qc.cuny.edu\/academics\/el\/about-eli-arabic-translation\/\">\u0627\u0644\u0639\u0631\u0628\u064a\u0629<\/a> (<a href=\"https:\/\/www.qc.cuny.edu\/academics\/el\/about-eli-chinese-translation\/\">\u4e2d\u56fd<\/a>) (<a href=\"https:\/\/www.qc.cuny.edu\/academics\/el\/about-eli-japanese-translation\/\">\u65e5\u672c\u8a9e<\/a>) (<a href=\"https:\/\/www.qc.cuny.edu\/academics\/el\/about-eli-korean-translation\/\">\ud55c\uad6d\uc5b4<\/a>) (<a href=\"https:\/\/www.qc.cuny.edu\/academics\/el\/about-eli-portuguese-translation\/\" target=\"_blank\" rel=\"noopener\">Portugu\u00eas<\/a>) (<a href=\"https:\/\/www.qc.cuny.edu\/academics\/el\/about-eli-spanish-translation\/\" target=\"_blank\" rel=\"noopener\">Espa\u00f1ol<\/a>) (<a href=\"https:\/\/www.qc.cuny.edu\/academics\/el\/about-eli-turkish-translation\/\" target=\"_blank\" rel=\"noopener\">T\u00fcrk\u00e7e<\/a>)<\/p>\n<p>[\/et_pb_text][et_pb_accordion open_toggle_text_color=&#8221;#e71939&#8243; open_toggle_background_color=&#8221;#ffffff&#8221; closed_toggle_background_color=&#8221;#ffffff&#8221; icon_color=&#8221;#e71939&#8243; _builder_version=&#8221;4.16&#8243; _module_preset=&#8221;default&#8221; toggle_text_color=&#8221;#e71939&#8243; toggle_font=&#8221;Open Sans|600|||||||&#8221; body_font=&#8221;Open Sans||||||||&#8221; body_font_size=&#8221;16px&#8221; border_color_all=&#8221;#000000&#8243; global_colors_info=&#8221;{}&#8221;][et_pb_accordion_item title=&#8221;\uc0ac\uba85 &#8221; open=&#8221;on&#8221; _builder_version=&#8221;4.16&#8243; _module_preset=&#8221;default&#8221; global_colors_info=&#8221;{}&#8221;]<\/p>\n<p>ELI\uc774 \uc0ac\uba85\uc740 \ubbf8\uad6d \ub300\ud559\uc758 \ud559\ubd80 \ub610\ub294 \ub300\ud559\uc6d0\uc5d0 \uc785\ud559\ud558\uac70\ub098 \ud559\uc5c5\uc744 \uacc4\uc18d\ud558\uace0\uc790 \ud558\ub294 \ud559\uc0dd\uc744 \uc704\ud574 \uc804\ubc18\uc801\uc778 \uc5b8\uc5b4 \uac1c\ubc1c\uc744 \uc9c0\uc6d0\ud558\ub294 \uac83\uc785\ub2c8\ub2e4. \uc774\ub294 \uc219\ub2ec\ub3c4\uc758 \uac1c\ubc1c, \ud559\uc0dd\uc758 \ube44\uc988\ub2c8\uc2a4, \uc804\ubb38\uc131, \uc0ac\ud68c\uc801 \uc758\uc0ac\uc18c\ud1b5, \ubc0f \uc751\uc2dc \ub2a5\ub825\uc744 \ud5a5\uc0c1\uc2dc\ud0a4\ub294 \ub370 \uc788\uc2b5\ub2c8\ub2e4.<\/p>\n<p>[\/et_pb_accordion_item][et_pb_accordion_item title=&#8221;\uad50\uc218\uc9c4 &#8221; _builder_version=&#8221;4.16&#8243; _module_preset=&#8221;default&#8221; global_colors_info=&#8221;{}&#8221; open=&#8221;off&#8221;]<\/p>\n<p>\ubbf8\uad6d\uc5d0 \uc788\ub294 \ub9ce\uc740 \ud504\ub85c\uadf8\ub7a8\uacfc \ub2ec\ub9ac, ELI \uad50\uc218\uc9c4\uc740 \uc81c2 \uc5b8\uc5b4\ub85c\uc11c\uc758 \uc601\uc5b4 \uc751\uc6a9 \uc5b8\uc5b4\ud559 \ub610\ub294 \uad50\uc721 \uc11d\uc0ac \ud559\uc704\ub97c \uac00\uc9c0\uace0 \uc788\uc2b5\ub2c8\ub2e4. \ud3c9\uade0 12\ub144 \uc774\uc0c1\uc758 \uc804\ubb38\uc801\uc778 \uacbd\ud5d8\uacfc \uc81c2 \uc678\uad6d\uc5b4 \uc2b5\ub4dd\uc5d0 \uc804\ubb38\ud654\ub41c \ubc30\uacbd\uc9c0\uc2dd\uc744 \uac00\uc9c0\uace0, \uc800\ud76c \uc120\uc0dd\ub2d8\ub4e4\uc740 \uac1c\ubcc4 \ud559\uc0dd\uc758 \uc694\uad6c\ub97c \ucda9\uc871\ud558\uae30 \uc704\ud574 \ub2e4\uc591\ud55c \uad50\uc721 \ubc29\ubc95\uacfc \uc790\ub8cc\ub97c \uc0ac\uc6a9\ud569\ub2c8\ub2e4.<\/p>\n<p>\ub9ce\uc740 \uc218\uc758 \uad50\uc218\uc9c4\uc740 \uc601\uc5b4 \uad50\uc721\uc758 \uc774\ub860\uacfc \ubc29\ubc95\ub860\uc5d0 \ub300\ud55c \uad50\uc7ac\uc640 \ub354\ubd88\uc5b4 ESL \uad50\uacfc\uc11c\ub97c \ubc1c\ud589\ud569\ub2c8\ub2e4. \uc774 \uad50\uc7ac\ub4e4\uc740 \ub300\ubd80\ubd84 \uc804 \uc138\uacc4\uc5d0\uc11c \uc0ac\uc6a9\ub429\ub2c8\ub2e4.<\/p>\n<p>[\/et_pb_accordion_item][et_pb_accordion_item title=&#8221; \uad50\uc721 \uacfc\uc815 &#8221; _builder_version=&#8221;4.16&#8243; _module_preset=&#8221;default&#8221; global_colors_info=&#8221;{}&#8221; open=&#8221;off&#8221;]<\/p>\n<p>\ud480 \ud0c0\uc784 \uc601\uc5b4 \uad50\uc721\uc740 \ub4e3\uae30\uc640 \ub9d0\ud558\uae30, \uc77d\uae30\uc640 \uc4f0\uae30, \ubb38\uc7a5\uc5d0\uc11c\uc758 \ubb38\ubc95, \ubc1c\uc74c, \uadf8\ub9ac\uace0 \uc804\ub7b5\uc801\uc778 \ub2a5\ub825\uacfc \ud559\uc220 \uac1c\ubc1c\uc744 \uc704\ud574 \uade0\ud615\uc7a1\ud78c \uad50\uc721\uc744 \uc2e4\uc2dc\ud569\ub2c8\ub2e4.<\/p>\n<p>\ud30c\ud2b8 \ud0c0\uc784 \uc601\uc5b4 \uad50\uc721\uc740 \ub2e4\uc591\ud55c \ud559\uc0dd\uce35\uc744 \uc704\ud574 \uc120\ubcc4\ub41c \uae30\uc220\uc744 \uace0\uc2ec\ud569\ub2c8\ub2e4. ELI131\ub294 \uc5b4\ud718 \uac1c\ubc1c \ubc0f \ubb38\ubc95 \uac80\ud1a0\uc640 \ub354\ubd88\uc5b4 \uc4f0\uae30 \uacfc\uc815\uacfc \uc870\uc9c1\ud654 \uae30\uc220\uc5d0 \ucd08\uc810\uc744 \ub9de\ucd94\uace0 \uc788\uc2b5\ub2c8\ub2e4. ELI132\ub294 \uc5b4\ud718 \uac1c\ubc1c\uacfc \uad00\uc6a9\uc801\uc778 \ud45c\ud604\uacfc \ub354\ubd88\uc5b4 \ub4e3\uae30 \ubc0f \ub9d0\ud558\uae30 \uae30\uc220\uc5d0 \ucd08\uc810\uc744 \ub9de\ucd94\uace0 \uc788\uc2b5\ub2c8\ub2e4. (\ud30c\ud2b8 \ud0c0\uc784 \uc218\uc5c5\uc758 \uae30\ubcf8 \ub808\ubca8\uc740 \uc801\uc5b4\ub3c4 \uae30\ubcf8 \ub3c5\uc11c\uc791\ubb38\ub825\uc640 \uc758\uc0ac\uc18c\ud1b5 \ub2a5\ub825\uc744 \uc0c1\uc815\ud569\ub2c8\ub2e4.)<\/p>\n<p>\ub450 \ud504\ub85c\uadf8\ub7a8 \ubaa8\ub450\ub294 \ud559\uc0dd \uc911\uc2ec, \uc758\uc0ac\uc18c\ud1b5 \uc5b8\uc5b4 \ud559\uc2b5 \ubc29\ubc95\uc744 \uc0ac\uc6a9\ud569\ub2c8\ub2e4. \uc218\uc5c5\uc744 \ucd5c\uc18c \uc778\uc6d0\uc73c\ub85c \ud558\uba70, \ucd5c\ub300 \ucc38\uc5ec\ub97c \ub3c5\ub824\ud569\ub2c8\ub2e4.<\/p>\n<p>[\/et_pb_accordion_item][et_pb_accordion_item title=&#8221; \ud3c9\uac00, \uc131\uc801 \ubc0f \uc778\uc99d\uc11c &#8221; _builder_version=&#8221;4.16&#8243; _module_preset=&#8221;default&#8221; global_colors_info=&#8221;{}&#8221; open=&#8221;off&#8221;]<\/p>\n<p>ELI\uc5d0\ub294 \uace0\uae09 \ud559\uc2b5\uc790\ubd80\ud130 \uac70\uc758 \ub610\ub294 \uc804\ud600 \uc601\uc5b4\uc5d0 \uad00\ud55c \uc9c0\uc2dd\uc774 \uc5c6\ub294 \ubaa8\ub4e0 \ub808\ubca8\uc758 \ub2a5\uc219\ub3c4\ub97c \uc9c0\ub2cc \ud559\uc0dd\uc774 \uc785\ud559\ud569\ub2c8\ub2e4. \ubaa8\ub4e0 \ud559\uc0dd\ub4e4\uc744 \ud559\uae30 \ucd08\uc5d0 \ud3c9\uac00\ud558\uace0 \uc801\ud569\ud55c \uc218\uc900\uc5d0 \ubc30\uce58\ud569\ub2c8\ub2e4. \uad50\uc0ac\ub4e4\uc740 \uac01 \ud559\uc0dd\ub4e4\uc5d0\uac8c \uac1c\uc778\uc801\uc778 \uad00\uc2ec\uc744 \uac00\uc9c0\uace0 \uac1c\ubcc4 \uc9c4\ud589 \uc0c1\ud669\uc744 \ud3c9\uac00\ud569\ub2c8\ub2e4. \ud559\uae30\ub97c \ub9c8\uce5c \ud6c4, \uc815\uae30\uc801\uc73c\ub85c \uc218\uc5c5\uc5d0 \ucc38\uc5ec\ud558\uc5ec \uc131\uacf5\uc801\uc73c\ub85c \ud559\uc2b5\uc744 \uc644\ub8cc\ud55c \ud559\uc0dd\uc740 \uacf5\uc2dd\uc801\uc778 \uc778\uc99d\uc11c\ub97c \uc218\uc5ec\ubc1b\uac8c \ub429\ub2c8\ub2e4.<\/p>\n<p>[\/et_pb_accordion_item][et_pb_accordion_item title=&#8221; ELI \uc2dc\ud5d8 &#8221; _builder_version=&#8221;4.16&#8243; _module_preset=&#8221;default&#8221; global_colors_info=&#8221;{}&#8221; open=&#8221;off&#8221;]<\/p>\n<div id=\"ctl00_PlaceHolderMain_RichHtmlField1__ControlWrapper_RichHtmlField\" class=\"ms-rtestate-field\" aria-labelledby=\"ctl00_PlaceHolderMain_RichHtmlField1_label\">\ub274\uc695 \uc2dc\ub9bd \ub300\ud559\uc740 ELI \ud504\ub85c\uadf8\ub7a8\uc758 \uc804\ubb38\uc131\uc744 \uc778\uc815\ud569\ub2c8\ub2e4. \ud038\uc988 \ub300\ud559\uc758 \ud480\ud0c0\uc784 ELI \ucd5c\uc885 \uc2dc\ud5d8\uc5d0 \ud1b5\uacfc\ud558\uc5ec \uc778\uc99d\uc11c\ub97c \ubc1b\uc740 \ud559\uc0dd\uc740 CUNY \ud559\ubd80 \ubc0f \ub300\ud559\uc6d0 \ud504\ub85c\uadf8\ub7a8\uc5d0 \uc9c0\uc6d0\ud558\uae30 \uc704\ud55c TOEFL \ucd5c\uc18c \uc810\uc218 61\uc810\uc774 \ub530\ub85c \ud544\uc694\ud558\uc9c0 \uc54a\uc2b5\ub2c8\ub2e4. \uadf8\ub7fc\uc5d0\ub3c4 \ubd88\uad6c\ud558\uace0, \ud559\uc0dd\ub4e4\uc774 TOEFL \uc2dc\ud5d8\uc5d0 \uc751\uc2dc\ud558\uae30\ub97c \uc801\uadf9 \uad8c\uc7a5\ud569\ub2c8\ub2e4. \uc2dc\ud5d8\uc740 \ud480 \ud0c0\uc784 \ud504\ub85c\uadf8\ub7a8\uc758 \uac00\uc744\uacfc \ubd04 \ud559\uae30 \ucd08 \ubc0f \ub9d0\uc5d0 \uc2e4\uc2dc\ub429\ub2c8\ub2e4. \ud558\uae30 \ud559\uae30 \ub3d9\uc548 \uc2dc\ud5d8\uc740 \ud559\uae30 \ucd08\uc5d0 \uc2e4\uc2dc\ub429\ub2c8\ub2e4.<\/div>\n<p>[\/et_pb_accordion_item][\/et_pb_accordion][\/et_pb_column][\/et_pb_row][\/et_pb_section]<\/p>\n","protected":false},"excerpt":{"rendered":"<p>\u00a0ELI \uc18c\uac1c(English) \u0627\u0644\u0639\u0631\u0628\u064a\u0629 (\u4e2d\u56fd) (\u65e5\u672c\u8a9e) (\ud55c\uad6d\uc5b4) (Portugu\u00eas) (Espa\u00f1ol) (T\u00fcrk\u00e7e)ELI\uc774 \uc0ac\uba85\uc740 \ubbf8\uad6d \ub300\ud559\uc758 \ud559\ubd80 \ub610\ub294 \ub300\ud559\uc6d0\uc5d0 \uc785\ud559\ud558\uac70\ub098 \ud559\uc5c5\uc744 \uacc4\uc18d\ud558\uace0\uc790 \ud558\ub294 \ud559\uc0dd\uc744 \uc704\ud574 \uc804\ubc18\uc801\uc778 \uc5b8\uc5b4 \uac1c\ubc1c\uc744 \uc9c0\uc6d0\ud558\ub294 \uac83\uc785\ub2c8\ub2e4. \uc774\ub294 \uc219\ub2ec\ub3c4\uc758 \uac1c\ubc1c, \ud559\uc0dd\uc758 \ube44\uc988\ub2c8\uc2a4, \uc804\ubb38\uc131, \uc0ac\ud68c\uc801 \uc758\uc0ac\uc18c\ud1b5, \ubc0f \uc751\uc2dc \ub2a5\ub825\uc744 \ud5a5\uc0c1\uc2dc\ud0a4\ub294 \ub370 \uc788\uc2b5\ub2c8\ub2e4.\ubbf8\uad6d\uc5d0 \uc788\ub294 \ub9ce\uc740 \ud504\ub85c\uadf8\ub7a8\uacfc \ub2ec\ub9ac, ELI \uad50\uc218\uc9c4\uc740 \uc81c2 \uc5b8\uc5b4\ub85c\uc11c\uc758 \uc601\uc5b4 \uc751\uc6a9 \uc5b8\uc5b4\ud559 \ub610\ub294 \uad50\uc721 \uc11d\uc0ac \ud559\uc704\ub97c [&hellip;]<\/p>\n","protected":false},"author":2,"featured_media":0,"parent":0,"menu_order":0,"comment_status":"closed","ping_status":"closed","template":"","meta":{"_et_pb_use_builder":"on","_et_pb_old_content":"","_et_gb_content_width":"","inline_featured_image":false,"footnotes":""},"page_category":[],"wf_page_folders":[156],"class_list":["post-7087","page","type-page","status-publish","hentry"],"_links":{"self":[{"href":"https:\/\/www.qc.cuny.edu\/academics\/el\/wp-json\/wp\/v2\/pages\/7087","targetHints":{"allow":["GET"]}}],"collection":[{"href":"https:\/\/www.qc.cuny.edu\/academics\/el\/wp-json\/wp\/v2\/pages"}],"about":[{"href":"https:\/\/www.qc.cuny.edu\/academics\/el\/wp-json\/wp\/v2\/types\/page"}],"author":[{"embeddable":true,"href":"https:\/\/www.qc.cuny.edu\/academics\/el\/wp-json\/wp\/v2\/users\/2"}],"replies":[{"embeddable":true,"href":"https:\/\/www.qc.cuny.edu\/academics\/el\/wp-json\/wp\/v2\/comments?post=7087"}],"version-history":[{"count":0,"href":"https:\/\/www.qc.cuny.edu\/academics\/el\/wp-json\/wp\/v2\/pages\/7087\/revisions"}],"wp:attachment":[{"href":"https:\/\/www.qc.cuny.edu\/academics\/el\/wp-json\/wp\/v2\/media?parent=7087"}],"wp:term":[{"taxonomy":"page_category","embeddable":true,"href":"https:\/\/www.qc.cuny.edu\/academics\/el\/wp-json\/wp\/v2\/page_category?post=7087"},{"taxonomy":"wf_page_folders","embeddable":true,"href":"https:\/\/www.qc.cuny.edu\/academics\/el\/wp-json\/wp\/v2\/wf_page_folders?post=7087"}],"curies":[{"name":"wp","href":"https:\/\/api.w.org\/{rel}","templated":true}]}}