{"id":7134,"date":"2020-11-11T09:51:24","date_gmt":"2020-11-11T14:51:24","guid":{"rendered":"http:\/\/149.4.100.129\/academics\/ms\/?page_id=7134"},"modified":"2022-04-15T14:30:12","modified_gmt":"2022-04-15T18:30:12","slug":"apply","status":"publish","type":"page","link":"https:\/\/www.qc.cuny.edu\/academics\/el\/apply\/","title":{"rendered":"International Students and I-20 Applications"},"content":{"rendered":"<p>[et_pb_section fb_built=&#8221;1&#8243; _builder_version=&#8221;4.16&#8243; background_color=&#8221;rgba(0,0,0,0)&#8221; custom_padding=&#8221;16px|||||&#8221; global_colors_info=&#8221;{}&#8221;][et_pb_row _builder_version=&#8221;4.16&#8243; global_colors_info=&#8221;{}&#8221;][et_pb_column type=&#8221;4_4&#8243; _builder_version=&#8221;4.16&#8243; global_colors_info=&#8221;{}&#8221;][et_pb_text _builder_version=&#8221;4.16&#8243; header_6_font=&#8221;Ubuntu|700|||||||&#8221; header_6_text_color=&#8221;#ffffff&#8221; header_6_font_size=&#8221;35px&#8221; background_color=&#8221;#e71939&#8243; custom_margin=&#8221;||||false|false&#8221; custom_padding=&#8221;10px|20px|10px|20px|true|true&#8221; border_radii=&#8221;off|20px|20px||&#8221; global_colors_info=&#8221;{}&#8221;]<\/p>\n<h6 class=\"entry-title\" style=\"text-align: center;\">International Students and I-20 Applications<\/h6>\n<p>[\/et_pb_text][\/et_pb_column][\/et_pb_row][et_pb_row _builder_version=&#8221;4.16&#8243; custom_padding=&#8221;20px|20px|20px|20px|true|true&#8221; box_shadow_style=&#8221;preset3&#8243; global_colors_info=&#8221;{}&#8221;][et_pb_column type=&#8221;4_4&#8243; _builder_version=&#8221;4.16&#8243; global_colors_info=&#8221;{}&#8221;][et_pb_image src=&#8221;https:\/\/www.qc.cuny.edu\/academics\/ms\/wp-content\/uploads\/sites\/47\/2020\/11\/Apply-I20.jpg&#8221; alt=&#8221;Queens College Banners Outdoors.&#8221; title_text=&#8221;Apply I-20. Queens College Banners Outdoors.&#8221; align=&#8221;center&#8221; _builder_version=&#8221;4.16&#8243; _module_preset=&#8221;default&#8221; border_width_all=&#8221;1px&#8221; border_color_all=&#8221;#000000&#8243; global_colors_info=&#8221;{}&#8221;][\/et_pb_image][et_pb_text _builder_version=&#8221;4.17.1&#8243; _module_preset=&#8221;default&#8221; hover_enabled=&#8221;0&#8243; sticky_enabled=&#8221;0&#8243; text_font=&#8221;Open Sans||||||||&#8221; text_font_size=&#8221;16px&#8221; text_orientation=&#8221;center&#8221; locked=&#8221;off&#8221;]<\/p>\n<p>(<a href=\"https:\/\/www.qc.cuny.edu\/academics\/el\/apply\/\">English<\/a>) <a href=\"https:\/\/www.qc.cuny.edu\/academics\/el\/apply-arabic-translation\/\">\u0627\u0644\u0639\u0631\u0628\u064a\u0629<\/a> (<a href=\"https:\/\/www.qc.cuny.edu\/academics\/el\/apply-chinese-translation\/\">\u4e2d\u56fd<\/a>) (<a href=\"https:\/\/www.qc.cuny.edu\/academics\/el\/apply-japanese-translation\/\">\u65e5\u672c\u8a9e<\/a>) (<a href=\"https:\/\/www.qc.cuny.edu\/academics\/el\/apply-korean-translation\/\">\ud55c\uad6d\uc5b4<\/a>) (<a href=\"https:\/\/www.qc.cuny.edu\/academics\/el\/apply-portuguese-translation\/\">Portugu\u00eas<\/a>) (<a href=\"https:\/\/www.qc.cuny.edu\/academics\/el\/apply-spanish-translation\/\">Espa\u00f1ol<\/a>) (<a href=\"https:\/\/www.qc.cuny.edu\/academics\/el\/apply-turkish-translation\/\">T\u00fcrk\u00e7e<\/a>)<\/p>\n<p>[\/et_pb_text][et_pb_text _builder_version=&#8221;4.16&#8243; _module_preset=&#8221;default&#8221; text_font=&#8221;Open Sans||||||||&#8221; text_text_color=&#8221;#000000&#8243; text_font_size=&#8221;16px&#8221; global_colors_info=&#8221;{}&#8221;]<\/p>\n<p>The English Language Institute is not offering classes at this time.<\/p>\n<p>QC ELI Student Visa Holders and QC ELI I-20 Applicants from before June 30, 2020 may email erika.guadalupe@qc.cuny.edu for further instructions.<\/p>\n<p>[\/et_pb_text][et_pb_accordion open_toggle_text_color=&#8221;#e71939&#8243; open_toggle_background_color=&#8221;#ffffff&#8221; closed_toggle_background_color=&#8221;#ffffff&#8221; icon_color=&#8221;#e71939&#8243; _builder_version=&#8221;4.16&#8243; _module_preset=&#8221;default&#8221; toggle_text_color=&#8221;#e71939&#8243; toggle_font=&#8221;Open Sans|600|||||||&#8221; body_font=&#8221;Open Sans||||||||&#8221; body_font_size=&#8221;16px&#8221; border_color_all=&#8221;#000000&#8243; global_colors_info=&#8221;{}&#8221;][et_pb_accordion_item title=&#8221;ELI Exam&#8221; open=&#8221;on&#8221; _builder_version=&#8221;4.16&#8243; _module_preset=&#8221;default&#8221; global_colors_info=&#8221;{}&#8221;]<\/p>\n<p>The City University of New York recognizes the professionalism of our program. Students who have passed the Queens College full-time ELI Final Exam with a certificate do NOT need a TOEFL score in order to apply to CUNY undergraduate and graduate programs that require a minimum TOEFL score of 500. However, we strongly encourage students to take the TOEFL as well.<\/p>\n<p>[\/et_pb_accordion_item][et_pb_accordion_item title=&#8221;Immunization&#8221; _builder_version=&#8221;4.16&#8243; _module_preset=&#8221;default&#8221; global_colors_info=&#8221;{}&#8221; open=&#8221;off&#8221;]<\/p>\n<p>The ELI does not require proof of immunization. However, the Health Service Center at Queens College recommends that all students be immunized against measles, mumps, and rubella before coming to the United States. It is a good idea to bring with you proof of any vaccinations you have had in your country.<\/p>\n<p>[\/et_pb_accordion_item][et_pb_accordion_item title=&#8221;Medical coverage in the United States&#8221; _builder_version=&#8221;4.16&#8243; _module_preset=&#8221;default&#8221; global_colors_info=&#8221;{}&#8221; open=&#8221;off&#8221;]<\/p>\n<p>Health care in the United States is expensive for anyone without medical coverage, and a short hospital stay can cost thousands of dollars. You can purchase insurance in your home country or in the United States. If you experience a serious illness or accident, you cannot purchase health insurance after the fact to cover that illness or accident. Traveler&#8217;s insurance does not usually cover medical expenses. Costs for health insurance vary. Plans are available by the month, semester, and year. We urge you to consider obtaining medical coverage for your stay in the United States.<\/p>\n<p>[\/et_pb_accordion_item][et_pb_accordion_item title=&#8221;Estimated expenses for the academic year for full-time study&#8221; _builder_version=&#8221;4.16&#8243; _module_preset=&#8221;default&#8221; global_colors_info=&#8221;{}&#8221; open=&#8221;off&#8221;]<\/p>\n<p><em><strong>Note: Expenses are subject to change<\/strong><\/em><\/p>\n<p><strong>Tuition and fees for two semesters:<\/strong> $5,500<br \/> <strong>Living expenses for one year:<\/strong> $15,500<br \/> <strong>Books:<\/strong> $300<br \/><strong>Total:<\/strong> $21,300<\/p>\n<p><strong>Spouse:<\/strong> add $7,500<br \/><strong>Child:<\/strong> add $5,000<\/p>\n<p>[\/et_pb_accordion_item][et_pb_accordion_item title=&#8221;Applying to Queens College or another CUNY school&#8221; _builder_version=&#8221;4.16&#8243; _module_preset=&#8221;default&#8221; global_colors_info=&#8221;{}&#8221; open=&#8221;off&#8221;]<\/p>\n<p>Many of our students go on to study at Queens College or another college of the City University of New York. Princeton Review\u2019s <em>America\u2019s Best Value Colleges<\/em> routinely cites Queens for its outstanding academics, generous financial aid packages for residents, and relatively low costs. Queens also ranks in the first tier in the category of \u201cBest Universities-Master\u2019s North\u201d in U.S. News and World Report\u2019s <em>America\u2019s Best Colleges<\/em>.<\/p>\n<p>For more information and applications for admission to Queens College, contact the <a href=\"#\" target=\"_blank\" rel=\"noopener noreferrer\">Queens College Admissions Office<\/a>:<\/p>\n<p>Jefferson Hall<br \/> Queens College, CUNY<br \/> 65-30 Kissena Boulevard<br \/> Queens, NY 11367-1597<br \/> USA<br \/> Tel: 718-997-5600<br \/> Fax: 718-997-5617<\/p>\n<p>For more information on Queens College, visit <a href=\"https:\/\/www.qc.cuny.edu\/\" target=\"_blank\" rel=\"noopener noreferrer\">www.qc.cuny.edu<\/a><\/p>\n<p>For more information on all other CUNY colleges, visit <a href=\"http:\/\/www.cuny.edu\/\" target=\"_blank\" rel=\"noopener noreferrer\">www.cuny.edu<\/a><\/p>\n<p>[\/et_pb_accordion_item][\/et_pb_accordion][\/et_pb_column][\/et_pb_row][\/et_pb_section]<\/p>\n","protected":false},"excerpt":{"rendered":"<p>International Students and I-20 Applications(English) \u0627\u0644\u0639\u0631\u0628\u064a\u0629 (\u4e2d\u56fd) (\u65e5\u672c\u8a9e) (\ud55c\uad6d\uc5b4) (Portugu\u00eas) (Espa\u00f1ol) (T\u00fcrk\u00e7e)The English Language Institute is not offering classes at this time. QC ELI Student Visa Holders and QC ELI I-20 Applicants from before June 30, 2020 may email erika.guadalupe@qc.cuny.edu for further instructions.The City University of New York recognizes the professionalism of our program. Students [&hellip;]<\/p>\n","protected":false},"author":2,"featured_media":0,"parent":0,"menu_order":0,"comment_status":"closed","ping_status":"closed","template":"","meta":{"_et_pb_use_builder":"on","_et_pb_old_content":"","_et_gb_content_width":"","inline_featured_image":false,"footnotes":""},"page_category":[],"wf_page_folders":[156],"class_list":["post-7134","page","type-page","status-publish","hentry"],"_links":{"self":[{"href":"https:\/\/www.qc.cuny.edu\/academics\/el\/wp-json\/wp\/v2\/pages\/7134","targetHints":{"allow":["GET"]}}],"collection":[{"href":"https:\/\/www.qc.cuny.edu\/academics\/el\/wp-json\/wp\/v2\/pages"}],"about":[{"href":"https:\/\/www.qc.cuny.edu\/academics\/el\/wp-json\/wp\/v2\/types\/page"}],"author":[{"embeddable":true,"href":"https:\/\/www.qc.cuny.edu\/academics\/el\/wp-json\/wp\/v2\/users\/2"}],"replies":[{"embeddable":true,"href":"https:\/\/www.qc.cuny.edu\/academics\/el\/wp-json\/wp\/v2\/comments?post=7134"}],"version-history":[{"count":0,"href":"https:\/\/www.qc.cuny.edu\/academics\/el\/wp-json\/wp\/v2\/pages\/7134\/revisions"}],"wp:attachment":[{"href":"https:\/\/www.qc.cuny.edu\/academics\/el\/wp-json\/wp\/v2\/media?parent=7134"}],"wp:term":[{"taxonomy":"page_category","embeddable":true,"href":"https:\/\/www.qc.cuny.edu\/academics\/el\/wp-json\/wp\/v2\/page_category?post=7134"},{"taxonomy":"wf_page_folders","embeddable":true,"href":"https:\/\/www.qc.cuny.edu\/academics\/el\/wp-json\/wp\/v2\/wf_page_folders?post=7134"}],"curies":[{"name":"wp","href":"https:\/\/api.w.org\/{rel}","templated":true}]}}