{"id":7223,"date":"2020-11-11T12:35:59","date_gmt":"2020-11-11T17:35:59","guid":{"rendered":"http:\/\/149.4.100.129\/academics\/ms\/?page_id=7223"},"modified":"2022-01-18T11:16:48","modified_gmt":"2022-01-18T16:16:48","slug":"register-for-part-time-program-portuguese-translation","status":"publish","type":"page","link":"https:\/\/www.qc.cuny.edu\/academics\/el\/register-for-part-time-program-portuguese-translation\/","title":{"rendered":"Register for Part-Time Program Portuguese Translation"},"content":{"rendered":"<p>[et_pb_section fb_built=&#8221;1&#8243; _builder_version=&#8221;4.4.7&#8243; background_color=&#8221;rgba(0,0,0,0)&#8221; custom_padding=&#8221;16px|||||&#8221; global_colors_info=&#8221;{}&#8221;][et_pb_row _builder_version=&#8221;4.4.7&#8243; global_colors_info=&#8221;{}&#8221;][et_pb_column type=&#8221;4_4&#8243; _builder_version=&#8221;4.4.7&#8243; global_colors_info=&#8221;{}&#8221;][et_pb_text _builder_version=&#8221;4.14.6&#8243; header_6_font=&#8221;Ubuntu|700|||||||&#8221; header_6_text_color=&#8221;#ffffff&#8221; header_6_font_size=&#8221;35px&#8221; background_color=&#8221;#e71939&#8243; custom_margin=&#8221;||||false|false&#8221; custom_padding=&#8221;10px|20px|10px|20px|true|true&#8221; hover_enabled=&#8221;0&#8243; border_radii=&#8221;off|20px|20px||&#8221; global_colors_info=&#8221;{}&#8221; sticky_enabled=&#8221;0&#8243;]<\/p>\n<h6 class=\"entry-title\" style=\"text-align: center;\">Inscreva-se no Programa de Meio Per\u00edodo<\/h6>\n<p>[\/et_pb_text][\/et_pb_column][\/et_pb_row][et_pb_row _builder_version=&#8221;4.14.6&#8243; custom_padding=&#8221;20px|20px|20px|20px|true|true&#8221; hover_enabled=&#8221;0&#8243; box_shadow_style=&#8221;preset3&#8243; global_colors_info=&#8221;{}&#8221; sticky_enabled=&#8221;0&#8243;][et_pb_column type=&#8221;4_4&#8243; _builder_version=&#8221;4.4.7&#8243; global_colors_info=&#8221;{}&#8221;][et_pb_text _builder_version=&#8221;4.6.6&#8243; _module_preset=&#8221;default&#8221; text_font=&#8221;Open Sans||||||||&#8221; text_text_color=&#8221;#000000&#8243; text_font_size=&#8221;16px&#8221; header_4_font=&#8221;Open Sans|600|||on||||&#8221; header_4_text_color=&#8221;#e71939&#8243; global_colors_info=&#8221;{}&#8221;]<\/p>\n<p>Solicita\u00e7\u00e3o n\u00e3o requerida. Basta inscrever-se. Esperamos encontr\u00e1-lo em breve!<\/p>\n<p><strong>Quando posso me inscrever?<\/strong><\/p>\n<p>Inscreva-se a qualquer momento antes do teste de classifica\u00e7\u00e3o para que possamos classific\u00e1-lo no n\u00edvel mais adequado para voc\u00ea. Se voc\u00ea perder o exame, voc\u00ea ainda poder\u00e1 se inscrever durante os primeiros dias de aulas. (Entre em contato conosco para obter a data final de inscri\u00e7\u00e3o.)<\/p>\n<p>Para mais informa\u00e7\u00f5es , entre em contato com o Escrit\u00f3rio Principal ELI (ELI Main Office).<br \/><a href=\"mailto:ELI@qc.cuny.edu\">eli@qc.cuny.edu<\/a><br \/>PHONE NO.: 718-997-5720<br \/>FAX: 718-997-5723<\/p>\n<p>ELI Main Office<br \/>Kissena Hall, Room 100<br \/>Queens College CUNY<br \/>65-30 Kissena Boulevard<br \/>Queens, NY 11367-1597<br \/>USA<\/p>\n<p>[\/et_pb_text][\/et_pb_column][\/et_pb_row][\/et_pb_section]<\/p>\n","protected":false},"excerpt":{"rendered":"<p>Inscreva-se no Programa de Meio Per\u00edodoSolicita\u00e7\u00e3o n\u00e3o requerida. Basta inscrever-se. Esperamos encontr\u00e1-lo em breve! Quando posso me inscrever? Inscreva-se a qualquer momento antes do teste de classifica\u00e7\u00e3o para que possamos classific\u00e1-lo no n\u00edvel mais adequado para voc\u00ea. Se voc\u00ea perder o exame, voc\u00ea ainda poder\u00e1 se inscrever durante os primeiros dias de aulas. (Entre em [&hellip;]<\/p>\n","protected":false},"author":2,"featured_media":0,"parent":0,"menu_order":0,"comment_status":"closed","ping_status":"closed","template":"","meta":{"_et_pb_use_builder":"on","_et_pb_old_content":"","_et_gb_content_width":"","inline_featured_image":false,"footnotes":""},"page_category":[],"wf_page_folders":[156],"class_list":["post-7223","page","type-page","status-publish","hentry"],"_links":{"self":[{"href":"https:\/\/www.qc.cuny.edu\/academics\/el\/wp-json\/wp\/v2\/pages\/7223","targetHints":{"allow":["GET"]}}],"collection":[{"href":"https:\/\/www.qc.cuny.edu\/academics\/el\/wp-json\/wp\/v2\/pages"}],"about":[{"href":"https:\/\/www.qc.cuny.edu\/academics\/el\/wp-json\/wp\/v2\/types\/page"}],"author":[{"embeddable":true,"href":"https:\/\/www.qc.cuny.edu\/academics\/el\/wp-json\/wp\/v2\/users\/2"}],"replies":[{"embeddable":true,"href":"https:\/\/www.qc.cuny.edu\/academics\/el\/wp-json\/wp\/v2\/comments?post=7223"}],"version-history":[{"count":0,"href":"https:\/\/www.qc.cuny.edu\/academics\/el\/wp-json\/wp\/v2\/pages\/7223\/revisions"}],"wp:attachment":[{"href":"https:\/\/www.qc.cuny.edu\/academics\/el\/wp-json\/wp\/v2\/media?parent=7223"}],"wp:term":[{"taxonomy":"page_category","embeddable":true,"href":"https:\/\/www.qc.cuny.edu\/academics\/el\/wp-json\/wp\/v2\/page_category?post=7223"},{"taxonomy":"wf_page_folders","embeddable":true,"href":"https:\/\/www.qc.cuny.edu\/academics\/el\/wp-json\/wp\/v2\/wf_page_folders?post=7223"}],"curies":[{"name":"wp","href":"https:\/\/api.w.org\/{rel}","templated":true}]}}