{"id":7285,"date":"2020-11-11T13:53:12","date_gmt":"2020-11-11T18:53:12","guid":{"rendered":"http:\/\/149.4.100.129\/academics\/ms\/?page_id=7285"},"modified":"2022-04-15T14:33:05","modified_gmt":"2022-04-15T18:33:05","slug":"apply-chinese-translation","status":"publish","type":"page","link":"https:\/\/www.qc.cuny.edu\/academics\/el\/apply-chinese-translation\/","title":{"rendered":"Apply Chinese Translation"},"content":{"rendered":"<p>[et_pb_section fb_built=&#8221;1&#8243; _builder_version=&#8221;4.16&#8243; background_color=&#8221;rgba(0,0,0,0)&#8221; custom_padding=&#8221;16px|||||&#8221; global_colors_info=&#8221;{}&#8221;][et_pb_row _builder_version=&#8221;4.16&#8243; global_colors_info=&#8221;{}&#8221;][et_pb_column type=&#8221;4_4&#8243; _builder_version=&#8221;4.16&#8243; global_colors_info=&#8221;{}&#8221;][et_pb_text _builder_version=&#8221;4.16&#8243; header_6_font=&#8221;Ubuntu|700|||||||&#8221; header_6_text_color=&#8221;#ffffff&#8221; header_6_font_size=&#8221;35px&#8221; background_color=&#8221;#e71939&#8243; custom_margin=&#8221;||1px|||&#8221; custom_padding=&#8221;10px|20px|10px|20px|true|true&#8221; border_radii=&#8221;off|20px|20px||&#8221; global_colors_info=&#8221;{}&#8221;]<\/p>\n<h6 class=\"entry-title\" style=\"text-align: center\">\u7533\u8bf7 I-20<\/h6>\n<p>[\/et_pb_text][\/et_pb_column][\/et_pb_row][et_pb_row _builder_version=&#8221;4.16&#8243; custom_padding=&#8221;20px|20px|20px|20px|true|true&#8221; box_shadow_style=&#8221;preset3&#8243; global_colors_info=&#8221;{}&#8221;][et_pb_column type=&#8221;4_4&#8243; _builder_version=&#8221;4.16&#8243; global_colors_info=&#8221;{}&#8221;][et_pb_image src=&#8221;https:\/\/www.qc.cuny.edu\/academics\/ms\/wp-content\/uploads\/sites\/47\/2020\/11\/Apply-I20.jpg&#8221; alt=&#8221;Queens College Banners Outdoors.&#8221; title_text=&#8221;Apply I-20. Queens College Banners Outdoors.&#8221; align=&#8221;center&#8221; _builder_version=&#8221;4.16&#8243; _module_preset=&#8221;default&#8221; border_width_all=&#8221;1px&#8221; global_colors_info=&#8221;{}&#8221;][\/et_pb_image][et_pb_text _builder_version=&#8221;4.17.1&#8243; _module_preset=&#8221;default&#8221; text_font=&#8221;Open Sans||||||||&#8221; text_font_size=&#8221;16px&#8221; text_orientation=&#8221;center&#8221; locked=&#8221;off&#8221; global_colors_info=&#8221;{}&#8221;]<\/p>\n<p>(<a href=\"https:\/\/www.qc.cuny.edu\/academics\/el\/apply\/\">English<\/a>) <a href=\"https:\/\/www.qc.cuny.edu\/academics\/el\/apply-arabic-translation\/\">\u0627\u0644\u0639\u0631\u0628\u064a\u0629<\/a> (<a href=\"https:\/\/www.qc.cuny.edu\/academics\/el\/apply-chinese-translation\/\">\u4e2d\u56fd<\/a>) (<a href=\"https:\/\/www.qc.cuny.edu\/academics\/el\/apply-japanese-translation\/\">\u65e5\u672c\u8a9e<\/a>) (<a href=\"https:\/\/www.qc.cuny.edu\/academics\/el\/apply-korean-translation\/\">\ud55c\uad6d\uc5b4<\/a>) (<a href=\"https:\/\/www.qc.cuny.edu\/academics\/el\/apply-portuguese-translation\/\">Portugu\u00eas<\/a>) (<a href=\"https:\/\/www.qc.cuny.edu\/academics\/el\/apply-spanish-translation\/\">Espa\u00f1ol<\/a>) (<a href=\"https:\/\/www.qc.cuny.edu\/academics\/el\/apply-turkish-translation\/\">T\u00fcrk\u00e7e<\/a>)<\/p>\n<p>[\/et_pb_text][et_pb_text _builder_version=&#8221;4.16&#8243; _module_preset=&#8221;default&#8221; text_font=&#8221;Open Sans||||||||&#8221; text_text_color=&#8221;#000000&#8243; text_font_size=&#8221;16px&#8221; global_colors_info=&#8221;{}&#8221;]<\/p>\n<p>\u56fd\u9645\u5b66\u751f\u4e0e I-20 \u7533\u8bf7<\/p>\n<p>[\/et_pb_text][et_pb_accordion open_toggle_text_color=&#8221;#e71939&#8243; open_toggle_background_color=&#8221;#ffffff&#8221; closed_toggle_background_color=&#8221;#ffffff&#8221; icon_color=&#8221;#e71939&#8243; _builder_version=&#8221;4.16&#8243; _module_preset=&#8221;default&#8221; toggle_text_color=&#8221;#e71939&#8243; toggle_font=&#8221;Open Sans|600|||||||&#8221; body_font=&#8221;Open Sans||||||||&#8221; body_font_size=&#8221;16px&#8221; border_color_all=&#8221;#000000&#8243; global_colors_info=&#8221;{}&#8221;][et_pb_accordion_item title=&#8221;\u7533\u8bf7 I-20\u3002 &#8221; open=&#8221;on&#8221; _builder_version=&#8221;4.16&#8243; _module_preset=&#8221;default&#8221; global_colors_info=&#8221;{}&#8221;]<\/p>\n<div><span lang=\"ZH-CN\">\u8bf7\u5c06\u4ee5\u4e0b\u6587\u4ef6\u90ae\u5bc4\u6216\u643a\u5e26\u81f3<\/span><span lang=\"ZH-CN\"> ELI <\/span><span lang=\"ZH-CN\">\u7559\u5b66\u751f\u54a8\u8be2\u529e\u516c\u5ba4<\/span><span lang=\"ZH-CN\"> (ELI International Student Advisement Office)<\/span><span lang=\"ZH-CN\">\u3002\u60a8\u4e5f\u53ef\u901a\u8fc7\u7535\u5b50\u90ae\u4ef6\u53d1\u9001\u6587\u4ef6\uff0c\u5e76\u90ae\u5bc4\u6216\u4eb2\u81ea\u7f34\u7eb3\u8d39\u7528\u6765\u5b8c<\/span><br \/> <span lang=\"ZH-CN\">\u6210\u7533\u8bf7\u3002<\/span><span lang=\"ZH-CN\"> <\/span><\/div>\n<div><span lang=\"ZH-CN\">\u00a0<\/span><\/div>\n<div><span lang=\"ZH-CN\">1.<\/span><span lang=\"ZH-CN\"> <\/span><span lang=\"ZH-CN\">\u586b\u5199\u597d\u7684<\/span><span lang=\"ZH-CN\"> <a href=\"https:\/\/www.qc.cuny.edu\/academics\/ms\/wp-content\/uploads\/sites\/47\/2020\/11\/Application-for-FullTime-International-Student.pdf\" target=\"_blank\" rel=\"noopener noreferrer\"><span>ELI I-20 \u7533\u8bf7\u8868<\/span><\/a><\/span><span lang=\"ZH-CN\">\u3002<\/span><span lang=\"ZH-CN\"><\/span><\/div>\n<div><span lang=\"ZH-CN\">2.<\/span><span lang=\"ZH-CN\"> <\/span><span lang=\"ZH-CN\"><a href=\"https:\/\/www.qc.cuny.edu\/academics\/ms\/wp-content\/uploads\/sites\/47\/2020\/11\/Affidavit-of-Support.pdf\" target=\"_blank\" rel=\"noopener noreferrer\"><span>\u586b\u5199\u597d\u7684\u7ecf\u6d4e\u62c5\u4fdd\u4e66 \u548c\u76f8\u5173\u8d22\u52a1\u8bc1\u660e<\/span><\/a><\/span><span lang=\"ZH-CN\">\u3002<\/span><span lang=\"ZH-CN\"><\/span><\/div>\n<div><span lang=\"ZH-CN\">3.<\/span><span lang=\"ZH-CN\"> <\/span><span lang=\"ZH-CN\">\u62a4\u7167\u590d\u5370\u4ef6\u4e00\u4efd\u3002<\/span><span lang=\"ZH-CN\"><\/span><\/div>\n<div><span lang=\"ZH-CN\">4.<\/span><span lang=\"ZH-CN\"> <\/span><span lang=\"ZH-CN\">\u652f\u4ed8\u7ed9<\/span><span lang=\"ZH-CN\">\u201cQueens<\/span><span lang=\"ZH-CN\">College\u201d<\/span><span lang=\"ZH-CN\">\u7684<\/span><span lang=\"ZH-CN\"><\/span><span lang=\"ZH-CN\"><\/span><span lang=\"ZH-CN\"><\/span><span lang=\"ZH-CN\"><\/span><span lang=\"ZH-CN\"><\/span><span lang=\"ZH-CN\"> 150 <\/span><span lang=\"ZH-CN\">\u7f8e\u5143\u7684\u4e0d\u53ef\u9000\u6b3e<\/span><span lang=\"ZH-CN\"> I-20 <\/span><span lang=\"ZH-CN\">\u7533\u8bf7\u8d39\u3002\u53ef\u901a\u8fc7\u652f\u7968\u3001\u6c47\u7968\u6216\u4fe1\u7528\u5361\u8fdb\u884c\u652f\u4ed8\u3002<\/span><span lang=\"ZH-CN\"><\/span><\/div>\n<div><span lang=\"ZH-CN\">5.<\/span><span lang=\"ZH-CN\"> <\/span><span lang=\"ZH-CN\">\u5bf9\u4e8e<\/span><span lang=\"ZH-CN\"> 18 <\/span><span lang=\"ZH-CN\">\u5c81\u4ee5\u4e0b\u7684\u5b66\u751f\uff0c\u8bf7\u63d0\u4f9b\u9ad8\u4e2d\u6bd5\u4e1a\u8bc1\u4e66\u6216\u5927\u5b66\u6210\u7ee9\u8bb0\u5f55\u3002<\/span><\/div>\n<p>[\/et_pb_accordion_item][et_pb_accordion_item title=&#8221;\u7533\u8bf7 F-1 \u8f6c\u5b66&#8221; _builder_version=&#8221;4.16&#8243; _module_preset=&#8221;default&#8221; global_colors_info=&#8221;{}&#8221; open=&#8221;off&#8221;]<\/p>\n<div><span lang=\"ZH-CN\">1.<\/span><span lang=\"ZH-CN\"> <\/span><span lang=\"ZH-CN\"><a href=\"https:\/\/www.qc.cuny.edu\/academics\/ms\/wp-content\/uploads\/sites\/47\/2020\/11\/Application-for-FullTime-International-Student.pdf\" target=\"_blank\" rel=\"noopener noreferrer\"><span>\u586b\u5199\u597d\u7684<\/span><span> ELI I-20 <\/span><span>\u7533\u8bf7\u8868<\/span><\/a><\/span><span lang=\"ZH-CN\">\u3002<\/span><span lang=\"ZH-CN\"><\/span><\/div>\n<div><span lang=\"ZH-CN\">2.<\/span><span lang=\"ZH-CN\"> <\/span><span lang=\"ZH-CN\"><a href=\"https:\/\/www.qc.cuny.edu\/academics\/ms\/wp-content\/uploads\/sites\/47\/2020\/11\/Transfer-Enrollment-Form.pdf\" target=\"_blank\" rel=\"noopener noreferrer\"><span>\u7531\u60a8\u7684\u4e0a\u4e00\u6240\u5b66\u6821\u586b\u597d\u7684<\/span><span> ELI <\/span><span>\u8f6c\u5b66\u767b\u8bb0\u8868<\/span><\/a> <\/span><span lang=\"ZH-CN\">\u3002<\/span><span lang=\"ZH-CN\"><\/span><\/div>\n<div>3<span lang=\"ZH-CN\">.<\/span><span lang=\"ZH-CN\"> <\/span><span lang=\"ZH-CN\"><a href=\"https:\/\/www.qc.cuny.edu\/academics\/ms\/wp-content\/uploads\/sites\/47\/2020\/11\/Affidavit-of-Support.pdf\" target=\"_blank\" rel=\"noopener noreferrer\"><span>\u586b\u597d\u7684\u7ecf\u6d4e\u62c5\u4fdd\u4e66<\/span><span> <\/span><span>\u00a0\u548c\u76f8\u5173\u8d22\u52a1\u8bc1\u660e\u3002<\/span><\/a><\/span><\/div>\n<div><span lang=\"ZH-CN\">4.<\/span><span lang=\"ZH-CN\"> <\/span><span lang=\"ZH-CN\">\u62a4\u7167\u590d\u5370\u4ef6\u4e00\u4efd\u3002<\/span><span lang=\"ZH-CN\"><\/span><\/div>\n<div><span lang=\"ZH-CN\">5.<\/span><span lang=\"ZH-CN\"> <\/span><span lang=\"ZH-CN\">\u60a8\u66fe\u5c31\u8bfb\u7684\u4e00\u6240\u6216\u591a\u6240\u5b66\u6821\u7684<\/span><span lang=\"ZH-CN\"> I-20<\/span><span lang=\"ZH-CN\">\u3002<\/span><span lang=\"ZH-CN\"> <\/span><\/div>\n<div><span lang=\"ZH-CN\">6.<\/span><span lang=\"ZH-CN\"> <\/span><span lang=\"ZH-CN\">\u652f\u4ed8\u7ed9<\/span><span lang=\"ZH-CN\">\u201cQueens<\/span><span lang=\"ZH-CN\">College\u201d<\/span><span lang=\"ZH-CN\">\u7684<\/span><span lang=\"ZH-CN\"><\/span><span lang=\"ZH-CN\"><\/span><span lang=\"ZH-CN\"><\/span><span lang=\"ZH-CN\"><\/span><span lang=\"ZH-CN\"><\/span><span lang=\"ZH-CN\"> 150 <\/span><span lang=\"ZH-CN\">\u7f8e\u5143\u7684\u4e0d\u53ef\u9000\u6b3e<\/span><span lang=\"ZH-CN\"> I-20 <\/span><span lang=\"ZH-CN\">\u7533\u8bf7\u8d39\u3002\u53ef\u901a\u8fc7\u652f\u7968\u3001\u6c47\u7968\u6216\u4fe1\u7528\u5361\u8fdb\u884c\u652f\u4ed8\u3002<\/span><span lang=\"ZH-CN\"><\/span><\/div>\n<div><span lang=\"ZH-CN\">7.<\/span><span lang=\"ZH-CN\"> <\/span><span lang=\"ZH-CN\">\u5bf9\u4e8e<\/span><span lang=\"ZH-CN\"> 18 <\/span><span lang=\"ZH-CN\">\u5c81\u4ee5\u4e0b\u7684\u5b66\u751f\uff0c\u8bf7\u63d0\u4f9b\u9ad8\u4e2d\u6bd5\u4e1a\u8bc1\u4e66\u6216\u5927\u5b66\u8bb0\u5f55\u3002<\/span><\/div>\n<p>[\/et_pb_accordion_item][et_pb_accordion_item title=&#8221;\u6709\u5173\u8be6\u7ec6\u4fe1\u606f\uff0c\u8bf7\u8054\u7cfb\u7559\u5b66\u751f\u987e\u95ee (International Student Advisor)\u3002&#8221; _builder_version=&#8221;4.16&#8243; _module_preset=&#8221;default&#8221; global_colors_info=&#8221;{}&#8221; open=&#8221;off&#8221;]<\/p>\n<div><span lang=\"ZH-CN\"><a href=\"mailto:ELI@qc.cuny.edu\">eli@qc.cuny.edu<\/a><\/span><span lang=\"ZH-CN\"> <\/span><\/div>\n<div><span lang=\"ZH-CN\">\u7535\u8bdd\u53f7\u7801\uff1a<\/span><span lang=\"ZH-CN\">718-997-5718 <\/span><span lang=\"ZH-CN\">\u6216<\/span><span lang=\"ZH-CN\"> 718-997-5720<\/span><\/div>\n<div>\n<p><span lang=\"ZH-CN\">\u4f20\u771f\uff1a<\/span><span lang=\"ZH-CN\">718-997-5723<\/p>\n<p><\/span><\/div>\n<div>\n<p><span lang=\"ZH-CN\">\u5c06\u6240\u6709\u6587\u4ef6\u90ae\u5bc4\u6216\u643a\u5e26\u81f3\uff1a<\/span><span lang=\"ZH-CN\"><\/p>\n<p>ELI International Student Advisement Office <br \/>Kissena Hall, Room 100<br \/>Queens College CUNY<br \/>65-30 Kissena Boulevard<br \/>Queens, NY 11367-1597 <br \/>USA<\/span><\/div>\n<p>[\/et_pb_accordion_item][et_pb_accordion_item title=&#8221;\u5f55\u53d6\u901a\u77e5&#8221; _builder_version=&#8221;4.16&#8243; _module_preset=&#8221;default&#8221; global_colors_info=&#8221;{}&#8221; open=&#8221;off&#8221;]<\/p>\n<div style=\"margin: 0in 0in 0pt\"><span lang=\"ZH-CN\">ELI <\/span><span lang=\"ZH-CN\">\u5728\u6536\u5230\u5168\u90e8\u7533\u8bf7\u8d44\u6599\u540e\u7684\u4e00\u81f3\u4e24\u5468\u5185\u5c06\u901a\u77e5\u5b66\u751f\u3002<\/span><span style=\"font-size: 10pt;font-family: verdana, sans-serif;color: black\" lang=\"ZH-CN\"><\/span><\/div>\n<p>[\/et_pb_accordion_item][et_pb_accordion_item title=&#8221;ELI \u8003\u8bd5&#8221; _builder_version=&#8221;4.16&#8243; _module_preset=&#8221;default&#8221; global_colors_info=&#8221;{}&#8221; open=&#8221;off&#8221;]<\/p>\n<p><span style=\"font-size: 10pt;font-family: verdana, sans-serif;color: black\"><\/span>\u7ebd\u7ea6\u5e02\u7acb\u5927\u5b66\u627f\u8ba4\u672c\u6821\u8bfe\u7a0b\u7684\u4e13\u4e1a\u6027\u3002\u901a\u8fc7\u7687\u540e\u5b66\u9662\u5168\u65e5\u5236 ELI \u671f\u672b\u8003\u8bd5\u5e76\u83b7\u5f97\u8bc1\u4e66\u7684\u5b66\u751f\uff0c\u65e0\u9700\u63d0\u4f9b\u6258\u798f\u6210\u7ee9\u4fbf\u53ef\u7533\u8bf7\u7ebd\u7ea6\u5e02\u7acb\u5927\u5b66\u672c\u79d1\u4e0e\u7814\u7a76\u751f\u8bfe\u7a0b\uff08\u539f\u672c\u8981\u6c42\u6258\u798f\u6210\u7ee9\u81f3\u5c11\u8fbe\u5230 500 \u5206\uff09\u3002\u5c3d\u7ba1\u5982\u6b64\uff0c\u672c\u6821\u4ecd\u5f3a\u70c8\u5efa\u8bae\u6b64\u7c7b\u5b66\u751f\u53c2\u52a0\u6258\u798f\u8003\u8bd5\u3002<span style=\"font-size: 10pt;font-family: verdana, sans-serif;color: black\"> <\/span><\/p>\n<p>[\/et_pb_accordion_item][et_pb_accordion_item title=&#8221;\u75ab\u82d7\u63a5\u79cd&#8221; _builder_version=&#8221;4.16&#8243; _module_preset=&#8221;default&#8221; global_colors_info=&#8221;{}&#8221; open=&#8221;off&#8221;]<\/p>\n<p>ELI \u4e0d\u8981\u6c42\u63d0\u4f9b\u75ab\u82d7\u63a5\u79cd\u8bc1\u660e\u3002\u4f46\u662f\uff0c\u7687\u540e\u5b66\u9662\u536b\u751f\u670d\u52a1\u4e2d\u5fc3\u5efa\u8bae\u5168\u4f53\u5b66\u751f\u5728\u8d74\u7f8e\u524d\u63a5\u79cd\u9ebb\u75b9\u3001\u816e\u817a\u708e\u548c\u98ce\u75b9\u75ab\u82d7\u3002\u643a\u5e26\u5728\u8d35\u56fd\u53d6\u5f97\u7684\u4efb\u4f55\u75ab\u82d7\u63a5\u79cd\u8bc1\u660e\u4e43\u660e\u667a\u4e4b\u4e3e\u3002<span style=\"font-size: 10pt;font-family: verdana, sans-serif;color: black\"> <\/span><\/p>\n<p>[\/et_pb_accordion_item][et_pb_accordion_item title=&#8221;\u5168\u65e5\u5236\u5b66\u4e60\u7684\u4e00\u5b66\u5e74\u9884\u4f30\u8d39\u7528&#8221; _builder_version=&#8221;4.16&#8243; _module_preset=&#8221;default&#8221; global_colors_info=&#8221;{}&#8221; open=&#8221;off&#8221;]<\/p>\n<div>\u6ce8\uff1a\u8d39\u7528\u968f\u65f6\u53ef\u80fd\u6709\u53d8\u52a8<\/div>\n<div><\/div>\n<div>\n<div style=\"margin: 0in 0in 0pt\"><span style=\"font-size: 10pt;font-family: 'ms gothic';color: black\">\u4e24\u5b66\u671f\u7684\u5b66<\/span><span style=\"font-size: 10pt;font-family: mingliu;color: black\"><span style=\"font-size: 10pt;font-family: mingliu;color: black\">\u6742\u8d39 <\/span><\/span><span style=\"font-size: 10pt;font-family: verdana, sans-serif;color: black\">$5,500<\/span><span style=\"font-size: 10pt;font-family: 'ms gothic';color: black\">\u7f8e\u5143<\/span><span style=\"font-size: 10pt;font-family: verdana, sans-serif;color: black\"> <\/span><span style=\"font-size: 9pt;font-family: verdana, sans-serif;color: #676767\"><\/span><span style=\"font-size: 10pt;font-family: mingliu;color: black\"><span style=\"font-size: 10pt;font-family: mingliu;color: black\"><\/span><\/span><span style=\"font-size: 10pt;font-family: mingliu;color: black\"><\/span><span style=\"font-size: 10pt;font-family: mingliu;color: black\"><\/span><span style=\"font-size: 10pt;font-family: mingliu;color: black\"><\/span><span style=\"font-size: 10pt;font-family: mingliu;color: black\"><\/span><span style=\"font-size: 10pt;font-family: mingliu;color: black\"><\/span><span style=\"font-size: 9pt;font-family: verdana, sans-serif;color: #676767\"><\/span><\/div>\n<div style=\"margin: 0in 0in 0pt\">\n<div style=\"margin: 0in 0in 0pt\"><span style=\"font-size: 10pt;font-family: 'ms gothic';color: black\">\u4e00\u5e74\u7684\u751f\u6d3b<\/span><span style=\"font-size: 10pt;font-family: mingliu;color: black\">\u8d39<\/span><span style=\"font-size: 10pt;font-family: 'ms gothic';color: black\">\u7528<\/span><span style=\"font-size: 10pt;font-family: 'ms gothic';color: black\"><\/span><span style=\"font-size: 10pt;font-family: 'ms gothic';color: black\"><\/span><span style=\"font-size: 10pt;font-family: 'ms gothic';color: black\"><\/span><span style=\"font-size: 10pt;font-family: 'ms gothic';color: black\"><\/span><span style=\"font-size: 10pt;font-family: 'ms gothic';color: black\"><\/span><span style=\"font-size: 9pt;font-family: verdana, sans-serif;color: #676767\"><\/span><span style=\"font-size: 10pt;font-family: verdana, sans-serif;color: black\">$15,500<\/span><span style=\"font-size: 10pt;font-family: 'ms gothic';color: black\">\u7f8e\u5143<\/span><span style=\"font-size: 9pt;font-family: verdana, sans-serif;color: #676767\"><\/span><\/div>\n<div style=\"margin: 0in 0in 0pt\">\n<div style=\"margin: 0in 0in 0pt\"><span style=\"font-size: 10pt;font-family: mingliu;color: black\"><span style=\"font-size: 10pt;font-family: mingliu;color: black\">\u8bfe\u672c\u8d39 <\/span><\/span><span style=\"font-size: 10pt;font-family: verdana, sans-serif;color: black\">$300<\/span><span style=\"font-size: 9pt;font-family: verdana, sans-serif;color: #676767\"><\/span><span style=\"font-size: 10pt;font-family: mingliu;color: black\"><span style=\"font-size: 10pt;font-family: mingliu;color: black\"><\/span><\/span><span style=\"font-size: 10pt;font-family: verdana, sans-serif;color: black\"> <\/span><span style=\"font-size: 9pt;font-family: verdana, sans-serif;color: #676767\"><\/span><\/div>\n<div style=\"margin: 0in 0in 0pt\"><span style=\"font-size: 10pt;font-family: verdana, sans-serif;color: black\">\u5408\u8ba1 $21,300\u7f8e\u5143<\/span><\/div>\n<div style=\"margin: 0in 0in 0pt\"><span style=\"font-size: 10pt;font-family: verdana, sans-serif;color: black\"><\/span><\/div>\n<div style=\"margin: 0in 0in 0pt\"><span style=\"font-size: 10pt;font-family: verdana, sans-serif;color: black\">\u914d\u5076\uff1a $7,500\u7f8e\u5143<br \/>\u5b50\u5973\uff1a $5,000\u7f8e\u5143<\/span><\/div>\n<\/div>\n<\/div>\n<\/div>\n<p>[\/et_pb_accordion_item][et_pb_accordion_item title=&#8221;\u7533\u8bf7\u5c31\u8bfb\u7687\u540e\u5b66\u9662\u6216\u7ebd\u7ea6\u5e02\u7acb\u5927\u5b66\u7cfb\u7edf\u7684\u5176\u4ed6\u9662\u6821&#8221; _builder_version=&#8221;4.16&#8243; _module_preset=&#8221;default&#8221; global_colors_info=&#8221;{}&#8221; open=&#8221;off&#8221;]<\/p>\n<p>\u672c\u6821\u8bb8\u591a\u5b66\u751f\u5728\u7687\u540e\u5b66\u9662\u6216\u7ebd\u7ea6\u5e02\u7acb\u5927\u5b66\u7cfb\u7edf\u7684\u5176\u4ed6\u9662\u6821\u7ee7\u7eed\u5b66\u4e1a\u3002\u7687\u540e\u5b66\u9662\u56e0\u5176\u4e00\u8d2f\u6770\u51fa\u7684\u5b66\u672f\u6210\u5c31\u3001\u4e3a\u5c45\u6c11\u63d0\u4f9b\u6177\u6168\u7684\u5927\u5b66\u52a9\u5b66\u91d1\u548c\u76f8\u5bf9\u8f83\u4f4e\u7684\u8d39\u7528\u800c\u5165\u9009\u666e\u6797\u65af\u987f\u8bc4\u8bba\u201c\u7f8e\u56fd\u6700\u5177\u4ef7\u503c\u9662\u6821\u201d\u3002\u6b64\u5916\uff0c\u5728\u300a\u7f8e\u56fd\u65b0\u95fb\u4e0e\u4e16\u754c\u62a5\u9053\u300b\u53d1\u5e03\u7684\u201c\u7f8e\u56fd\u6700\u4f73\u5927\u5b66\u6392\u540d\u201d\u4e2d\uff0c\u7687\u540e\u5b66\u9662\u5728\u7f8e\u56fd\u5317\u90e8\u6700\u4f73\u7855\u58eb\u9879\u76ee\u5206\u7c7b\u4e2d\u88ab\u8bc4\u4e3a\u7b2c\u4e00\u7c7b\u5927\u5b66\u3002<\/p>\n<p>\u6b32\u4e86\u89e3\u66f4\u591a\u4fe1\u606f\u5e76\u5411\u7687\u540e\u5b66\u9662\u63d0\u4ea4\u5165\u5b66\u7533\u8bf7\uff0c\u8bf7\u8054\u7cfb \u7687\u540e\u5b66\u9662\u62db\u751f\u529e\u516c\u5ba4\uff1a<\/p>\n<p>\u5730\u5740\uff1aJefferson Hall<br \/> Queens College CUNY<br \/> 65-30 Kissena Boulevard<br \/> Queens, NY 11367<br \/> USA<br \/> \u7535\u8bdd\uff1a718-997-5600<br \/> \u4f20\u771f\uff1a718-997-5617<\/p>\n<p>\u6b32\u4e86\u89e3\u5173\u4e8e\u7687\u540e\u5b66\u9662\u7684\u66f4\u591a\u4fe1\u606f\uff0c\u8bf7\u8bbf\u95ee<a href=\"https:\/\/www.qc.cuny.edu\/pages\/home.aspx\" target=\"_blank\" rel=\"noopener noreferrer\"> www.qc.cuny.edu<\/a><\/p>\n<p>\u6b32\u4e86\u89e3\u5173\u4e8e\u7ebd\u7ea6\u5e02\u7acb\u5927\u5b66\u7cfb\u7edf\u6240\u6709\u5176\u4ed6\u9662\u6821\u7684\u66f4\u591a\u4fe1\u606f\uff0c\u8bf7\u8bbf\u95ee3.<br \/> <a href=\"http:\/\/www.cuny.edu\/\" target=\"_blank\" rel=\"noopener noreferrer\">www.cuny.edu<\/a><span style=\"font-size: 10pt;font-family: verdana, sans-serif;color: black\"><a href=\"http:\/\/www.cuny.edu\/\"><span style=\"text-decoration: none;color: #e71c3a\"><\/span><\/a><\/span><\/p>\n<p>[\/et_pb_accordion_item][\/et_pb_accordion][\/et_pb_column][\/et_pb_row][\/et_pb_section]<\/p>\n","protected":false},"excerpt":{"rendered":"<p>\u7533\u8bf7 I-20(English) \u0627\u0644\u0639\u0631\u0628\u064a\u0629 (\u4e2d\u56fd) (\u65e5\u672c\u8a9e) (\ud55c\uad6d\uc5b4) (Portugu\u00eas) (Espa\u00f1ol) (T\u00fcrk\u00e7e)\u56fd\u9645\u5b66\u751f\u4e0e I-20 \u7533\u8bf7\u8bf7\u5c06\u4ee5\u4e0b\u6587\u4ef6\u90ae\u5bc4\u6216\u643a\u5e26\u81f3 ELI \u7559\u5b66\u751f\u54a8\u8be2\u529e\u516c\u5ba4 (ELI International Student Advisement Office)\u3002\u60a8\u4e5f\u53ef\u901a\u8fc7\u7535\u5b50\u90ae\u4ef6\u53d1\u9001\u6587\u4ef6\uff0c\u5e76\u90ae\u5bc4\u6216\u4eb2\u81ea\u7f34\u7eb3\u8d39\u7528\u6765\u5b8c \u6210\u7533\u8bf7\u3002 \u00a0 1. \u586b\u5199\u597d\u7684 ELI I-20 \u7533\u8bf7\u8868\u3002 2. \u586b\u5199\u597d\u7684\u7ecf\u6d4e\u62c5\u4fdd\u4e66 \u548c\u76f8\u5173\u8d22\u52a1\u8bc1\u660e\u3002 3. \u62a4\u7167\u590d\u5370\u4ef6\u4e00\u4efd\u3002 4. \u652f\u4ed8\u7ed9\u201cQueensCollege\u201d\u7684 150 \u7f8e\u5143\u7684\u4e0d\u53ef\u9000\u6b3e I-20 \u7533\u8bf7\u8d39\u3002\u53ef\u901a\u8fc7\u652f\u7968\u3001\u6c47\u7968\u6216\u4fe1\u7528\u5361\u8fdb\u884c\u652f\u4ed8\u3002 5. \u5bf9\u4e8e 18 \u5c81\u4ee5\u4e0b\u7684\u5b66\u751f\uff0c\u8bf7\u63d0\u4f9b\u9ad8\u4e2d\u6bd5\u4e1a\u8bc1\u4e66\u6216\u5927\u5b66\u6210\u7ee9\u8bb0\u5f55\u30021. \u586b\u5199\u597d\u7684 ELI I-20 \u7533\u8bf7\u8868\u3002 2. \u7531\u60a8\u7684\u4e0a\u4e00\u6240\u5b66\u6821\u586b\u597d\u7684 ELI \u8f6c\u5b66\u767b\u8bb0\u8868 \u3002 3. \u586b\u597d\u7684\u7ecf\u6d4e\u62c5\u4fdd\u4e66 \u00a0\u548c\u76f8\u5173\u8d22\u52a1\u8bc1\u660e\u3002 4. \u62a4\u7167\u590d\u5370\u4ef6\u4e00\u4efd\u3002 5. [&hellip;]<\/p>\n","protected":false},"author":2,"featured_media":0,"parent":0,"menu_order":0,"comment_status":"closed","ping_status":"closed","template":"","meta":{"_et_pb_use_builder":"on","_et_pb_old_content":"","_et_gb_content_width":"","inline_featured_image":false,"footnotes":""},"page_category":[],"wf_page_folders":[156],"class_list":["post-7285","page","type-page","status-publish","hentry"],"_links":{"self":[{"href":"https:\/\/www.qc.cuny.edu\/academics\/el\/wp-json\/wp\/v2\/pages\/7285","targetHints":{"allow":["GET"]}}],"collection":[{"href":"https:\/\/www.qc.cuny.edu\/academics\/el\/wp-json\/wp\/v2\/pages"}],"about":[{"href":"https:\/\/www.qc.cuny.edu\/academics\/el\/wp-json\/wp\/v2\/types\/page"}],"author":[{"embeddable":true,"href":"https:\/\/www.qc.cuny.edu\/academics\/el\/wp-json\/wp\/v2\/users\/2"}],"replies":[{"embeddable":true,"href":"https:\/\/www.qc.cuny.edu\/academics\/el\/wp-json\/wp\/v2\/comments?post=7285"}],"version-history":[{"count":0,"href":"https:\/\/www.qc.cuny.edu\/academics\/el\/wp-json\/wp\/v2\/pages\/7285\/revisions"}],"wp:attachment":[{"href":"https:\/\/www.qc.cuny.edu\/academics\/el\/wp-json\/wp\/v2\/media?parent=7285"}],"wp:term":[{"taxonomy":"page_category","embeddable":true,"href":"https:\/\/www.qc.cuny.edu\/academics\/el\/wp-json\/wp\/v2\/page_category?post=7285"},{"taxonomy":"wf_page_folders","embeddable":true,"href":"https:\/\/www.qc.cuny.edu\/academics\/el\/wp-json\/wp\/v2\/wf_page_folders?post=7285"}],"curies":[{"name":"wp","href":"https:\/\/api.w.org\/{rel}","templated":true}]}}