{"id":7296,"date":"2020-11-12T09:32:16","date_gmt":"2020-11-12T14:32:16","guid":{"rendered":"http:\/\/149.4.100.129\/academics\/ms\/?page_id=7296"},"modified":"2022-04-15T14:34:16","modified_gmt":"2022-04-15T18:34:16","slug":"apply-korean-translation","status":"publish","type":"page","link":"https:\/\/www.qc.cuny.edu\/academics\/el\/apply-korean-translation\/","title":{"rendered":"Apply Korean Translation"},"content":{"rendered":"<p>[et_pb_section fb_built=&#8221;1&#8243; _builder_version=&#8221;4.16&#8243; background_color=&#8221;rgba(0,0,0,0)&#8221; custom_padding=&#8221;16px|||6px||&#8221; global_colors_info=&#8221;{}&#8221;][et_pb_row _builder_version=&#8221;4.16&#8243; global_colors_info=&#8221;{}&#8221;][et_pb_column type=&#8221;4_4&#8243; _builder_version=&#8221;4.16&#8243; global_colors_info=&#8221;{}&#8221;][et_pb_text _builder_version=&#8221;4.16&#8243; header_6_font=&#8221;Ubuntu|700|||||||&#8221; header_6_text_color=&#8221;#ffffff&#8221; header_6_font_size=&#8221;35px&#8221; background_color=&#8221;#e71939&#8243; custom_margin=&#8221;||1px|||&#8221; custom_padding=&#8221;10px|20px|10px|20px|true|true&#8221; border_radii=&#8221;off|20px|20px||&#8221; global_colors_info=&#8221;{}&#8221;]<\/p>\n<h6 class=\"entry-title\" style=\"text-align: center\">I-20 \uc2e0\uccad<\/h6>\n<p>[\/et_pb_text][\/et_pb_column][\/et_pb_row][et_pb_row _builder_version=&#8221;4.16&#8243; custom_padding=&#8221;20px|20px|20px|20px|true|true&#8221; box_shadow_style=&#8221;preset3&#8243; global_colors_info=&#8221;{}&#8221;][et_pb_column type=&#8221;4_4&#8243; _builder_version=&#8221;4.16&#8243; global_colors_info=&#8221;{}&#8221;][et_pb_image src=&#8221;https:\/\/www.qc.cuny.edu\/academics\/ms\/wp-content\/uploads\/sites\/47\/2020\/11\/Apply-I20.jpg&#8221; alt=&#8221;Queens College Banners Outdoors.&#8221; title_text=&#8221;Apply I-20. Queens College Banners Outdoors.&#8221; align=&#8221;center&#8221; _builder_version=&#8221;4.16&#8243; _module_preset=&#8221;default&#8221; border_width_all=&#8221;1px&#8221; border_color_all=&#8221;#000000&#8243; global_colors_info=&#8221;{}&#8221;][\/et_pb_image][et_pb_text _builder_version=&#8221;4.17.1&#8243; _module_preset=&#8221;default&#8221; text_font=&#8221;Open Sans||||||||&#8221; text_font_size=&#8221;16px&#8221; text_orientation=&#8221;center&#8221; locked=&#8221;off&#8221; global_colors_info=&#8221;{}&#8221;]<\/p>\n<p>(<a href=\"https:\/\/www.qc.cuny.edu\/academics\/el\/apply\/\">English<\/a>) <a href=\"https:\/\/www.qc.cuny.edu\/academics\/el\/apply-arabic-translation\/\">\u0627\u0644\u0639\u0631\u0628\u064a\u0629<\/a> (<a href=\"https:\/\/www.qc.cuny.edu\/academics\/el\/apply-chinese-translation\/\">\u4e2d\u56fd<\/a>) (<a href=\"https:\/\/www.qc.cuny.edu\/academics\/el\/apply-japanese-translation\/\">\u65e5\u672c\u8a9e<\/a>) (<a href=\"https:\/\/www.qc.cuny.edu\/academics\/el\/apply-korean-translation\/\">\ud55c\uad6d\uc5b4<\/a>) (<a href=\"https:\/\/www.qc.cuny.edu\/academics\/el\/apply-portuguese-translation\/\">Portugu\u00eas<\/a>) (<a href=\"https:\/\/www.qc.cuny.edu\/academics\/el\/apply-spanish-translation\/\">Espa\u00f1ol<\/a>) (<a href=\"https:\/\/www.qc.cuny.edu\/academics\/el\/apply-turkish-translation\/\">T\u00fcrk\u00e7e<\/a>)<\/p>\n<p>[\/et_pb_text][et_pb_text _builder_version=&#8221;4.16&#8243; _module_preset=&#8221;default&#8221; text_font=&#8221;Open Sans||||||||&#8221; text_text_color=&#8221;#000000&#8243; text_font_size=&#8221;16px&#8221; global_colors_info=&#8221;{}&#8221;]<\/p>\n<p><b><span style=\"font-size: 11pt;font-family: gulim, sans-serif\" lang=\"KO\">\uad6d\uc81c\ud559\uc0dd<\/span><\/b><b><span style=\"font-size: 11pt;font-family: verdana, sans-serif\" lang=\"KO\"> <\/span><\/b><b><span style=\"font-size: 11pt;font-family: gulim, sans-serif\" lang=\"KO\">\ubc0f<\/span><\/b><b><span style=\"font-size: 11pt;font-family: verdana, sans-serif\" lang=\"KO\"> I-20 <\/span><\/b><b><span style=\"font-size: 11pt;font-family: gulim, sans-serif\" lang=\"KO\">\uc2e0\uccad<\/span><\/b><b><span style=\"font-size: 11pt;font-family: verdana, sans-serif\" lang=\"KO\"> <\/span><\/b><\/p>\n<p>[\/et_pb_text][et_pb_accordion open_toggle_text_color=&#8221;#e71939&#8243; open_toggle_background_color=&#8221;#ffffff&#8221; closed_toggle_background_color=&#8221;#ffffff&#8221; icon_color=&#8221;#e71939&#8243; _builder_version=&#8221;4.16&#8243; _module_preset=&#8221;default&#8221; toggle_text_color=&#8221;#e71939&#8243; toggle_font=&#8221;Open Sans|600|||||||&#8221; body_font=&#8221;Open Sans||||||||&#8221; body_font_size=&#8221;16px&#8221; border_color_all=&#8221;#000000&#8243; global_colors_info=&#8221;{}&#8221;][et_pb_accordion_item title=&#8221;I-20 \uc2e0\uccad\ud558\uae30 &#8221; open=&#8221;on&#8221; _builder_version=&#8221;4.16&#8243; _module_preset=&#8221;default&#8221; global_colors_info=&#8221;{}&#8221;]<\/p>\n<div><span lang=\"KO\">ELI <\/span><span lang=\"KO\">\uad6d\uc81c\ud559\uc0dd<\/span><span lang=\"KO\"> <\/span><span lang=\"KO\">\uc0c1\ub2f4\uc2e4<\/span><span lang=\"KO\">(<\/span><span lang=\"KO\">ELI International Student Advisement Office<\/span><span lang=\"KO\">)<\/span><span lang=\"KO\">\ub85c<\/span><span lang=\"KO\"> <\/span><span lang=\"KO\">\ub2e4\uc74c<\/span><span lang=\"KO\"> <\/span><span lang=\"KO\">\ud56d\ubaa9\uc744<\/span><span lang=\"KO\"> <\/span><span lang=\"KO\">\uc6b0\uc1a1\ud558\uac70\ub098<\/span><span lang=\"KO\"> <\/span><span lang=\"KO\">\uc81c\ucd9c\ud558\uc2ed\uc2dc\uc624<\/span><span lang=\"KO\">. <\/span><span lang=\"KO\">\ub610\ud55c<\/span><span lang=\"KO\"> <\/span><span lang=\"KO\">\uc11c\ub958\ub97c<\/span><span lang=\"KO\"> <\/span><span lang=\"KO\">\uc774\uba54\uc77c\ub85c<\/span><span lang=\"KO\"> <\/span><span lang=\"KO\">\ubcf4\ub0b8<\/span><span lang=\"KO\"> <\/span><span lang=\"KO\">\ud6c4<\/span><span lang=\"KO\"> <\/span><span lang=\"KO\">\uc218\uc5c5\ub8cc\ub97c<\/span><span lang=\"KO\"> <\/span><span lang=\"KO\">\uc6b0\ud3b8\uc73c\ub85c<\/span><span lang=\"KO\"> <\/span><span lang=\"KO\">\ub610\ub294<\/span><span lang=\"KO\"> <\/span><span lang=\"KO\">\uc9c1\uc811<\/span><span lang=\"KO\"> <\/span><span lang=\"KO\">\ub0a9\ubd80\ud574\uc57c<\/span><span lang=\"KO\"> <\/span><span lang=\"KO\">\uc808\ucc28\uac00<\/span><span lang=\"KO\"> <\/span><span lang=\"KO\">\uc644\ub8cc\ub429\ub2c8\ub2e4<\/span><span lang=\"KO\">. <\/span><\/div>\n<div><span lang=\"KO\">\u00a0<\/span><\/div>\n<div><span lang=\"KO\">1. <\/span><span lang=\"KO\">\uc791\uc131\uc774<\/span><span lang=\"KO\"> <\/span><span lang=\"KO\">\uc644\ub8cc\ub41c<\/span><span lang=\"KO\"> <a href=\"https:\/\/www.qc.cuny.edu\/academics\/ms\/wp-content\/uploads\/sites\/47\/2020\/11\/Application-for-FullTime-International-Student.pdf\" target=\"_blank\" rel=\"noopener noreferrer\">ELI I-20 \uc2e0\uccad\uc11c.<\/a><\/span><\/div>\n<div><span lang=\"KO\">2. <\/span><span lang=\"KO\">\uc791\uc131\uc774<\/span><span lang=\"KO\"> <\/span><span lang=\"KO\">\uc644\ub8cc\ub41c<\/span><span lang=\"KO\"> <a href=\"https:\/\/www.qc.cuny.edu\/academics\/ms\/wp-content\/uploads\/sites\/47\/2020\/11\/Application-for-FullTime-International-Student.pdf\" target=\"_blank\" rel=\"noopener noreferrer\">\uc7ac\uc815\ubcf4\uc99d\uc11c \uc591\uc2dd<\/a> <\/span><span lang=\"KO\">\ubc0f<\/span><span lang=\"KO\"> <\/span><span lang=\"KO\">\uc99d\ube59<\/span><span lang=\"KO\"> <\/span><span lang=\"KO\">\uae08\uc735\uc11c\ub958<\/span><span lang=\"KO\">.<\/span><\/div>\n<div><span lang=\"KO\">3. <\/span><span lang=\"KO\">\uc5ec\uad8c<\/span><span lang=\"KO\"> <\/span><span lang=\"KO\">\uc0ac\ubcf8<\/span><span lang=\"KO\">.<\/span><\/div>\n<div><span lang=\"KO\">4. \u201cQueens College\u201d<\/span><span lang=\"KO\">\uc5d0<\/span><span lang=\"KO\">I-20 <\/span><span lang=\"KO\">\uc2e0\uccad\uc11c<\/span><span lang=\"KO\"> <\/span><span lang=\"KO\">\uc218\uc218\ub8cc<\/span><span lang=\"KO\"> $150 <\/span><span lang=\"KO\">\ub0a9\ubd80<\/span><span lang=\"KO\"> (<\/span><span lang=\"KO\">\ud658\uae09<\/span><span lang=\"KO\"> <\/span><span lang=\"KO\">\ubd88\uac00<\/span><span lang=\"KO\">). <\/span><span lang=\"KO\">\uc218\ud45c<\/span><span lang=\"KO\">, <\/span><span lang=\"KO\">\uc6b0\ud3b8\ud658<\/span><span lang=\"KO\"> <\/span><span lang=\"KO\">\ub610\ub294<\/span><span lang=\"KO\"> <\/span><span lang=\"KO\">\uc2e0\uc6a9\uce74\ub4dc\ub85c<\/span><span lang=\"KO\"> <\/span><span lang=\"KO\">\ub0a9\ubd80<\/span><span lang=\"KO\">.<\/span><\/div>\n<div><span lang=\"KO\">5. 18<\/span><span lang=\"KO\">\uc138<\/span><span lang=\"KO\"> <\/span><span lang=\"KO\">\ubbf8\ub9cc\uc758<\/span><span lang=\"KO\"> <\/span><span lang=\"KO\">\ud559\uc0dd\uc778<\/span><span lang=\"KO\"> <\/span><span lang=\"KO\">\uacbd\uc6b0<\/span><span lang=\"KO\"> <\/span><span lang=\"KO\">\uace0\uad50\uc878\uc5c5\uc99d<\/span><span lang=\"KO\"> <\/span><span lang=\"KO\">\ub610\ub294<\/span><span lang=\"KO\"> <\/span><span lang=\"KO\">\ub300\ud559\uad50<\/span><span lang=\"KO\"> <\/span><span lang=\"KO\">\uc131\uc801\ud45c<\/span><span lang=\"KO\"> <\/span><span lang=\"KO\">\uc0ac\ubcf8<\/span><span lang=\"KO\">.<\/span><\/div>\n<p>[\/et_pb_accordion_item][et_pb_accordion_item title=&#8221;F-1 \uc804\ud559 \uc2e0\uccad\ud558\uae30&#8221; _builder_version=&#8221;4.16&#8243; _module_preset=&#8221;default&#8221; global_colors_info=&#8221;{}&#8221; open=&#8221;off&#8221;]<\/p>\n<div><span lang=\"KO\">1. <\/span><span lang=\"KO\">\uc791\uc131\uc774<\/span><span lang=\"KO\"> <\/span><span lang=\"KO\">\uc644\ub8cc\ub41c<\/span><span lang=\"KO\"> <a href=\"https:\/\/www.qc.cuny.edu\/academics\/ms\/wp-content\/uploads\/sites\/47\/2020\/11\/Application-for-FullTime-International-Student.pdf\" target=\"_blank\" rel=\"noopener noreferrer\">ELI I-20 \uc2e0\uccad\uc11c.<\/a><\/span><\/div>\n<div><span lang=\"KO\">2. <\/span><span lang=\"KO\">\uc774\uc804<\/span><span lang=\"KO\"> <\/span><span lang=\"KO\">\ud559\uad50\uc5d0\uc11c<\/span><span lang=\"KO\"> <\/span><span lang=\"KO\">\uc791\uc131\ud55c<\/span><span lang=\"KO\"> <a href=\"https:\/\/www.qc.cuny.edu\/academics\/ms\/wp-content\/uploads\/sites\/47\/2020\/11\/Transfer-Enrollment-Form.pdf\" target=\"_blank\" rel=\"noopener noreferrer\">ELI \uc804\ud559 \ub4f1\ub85d \uc591\uc2dd.<\/a><\/span><\/div>\n<div>3<span lang=\"KO\">. <\/span><span lang=\"KO\">\uc791\uc131\uc774<\/span><span lang=\"KO\"> <\/span><span lang=\"KO\">\uc644\ub8cc\ub41c<\/span><span lang=\"KO\"> <a href=\"https:\/\/www.qc.cuny.edu\/academics\/ms\/wp-content\/uploads\/sites\/47\/2020\/11\/Application-for-FullTime-International-Student.pdf\" target=\"_blank\" rel=\"noopener noreferrer\">\uc7ac\uc815\ubcf4\uc99d\uc11c \uc591\uc2dd<\/a> <\/span><span lang=\"KO\">\ubc0f<\/span><span lang=\"KO\"> <\/span><span lang=\"KO\">\uc99d\ube59<\/span><span lang=\"KO\"> <\/span><span lang=\"KO\">\uae08\uc735\uc11c\ub958<\/span><span lang=\"KO\">.<\/span><\/div>\n<div><span lang=\"KO\">4. <\/span><span lang=\"KO\">\uc5ec\uad8c<\/span><span lang=\"KO\"> <\/span><span lang=\"KO\">\uc0ac\ubcf8<\/span><span lang=\"KO\">.<\/span><\/div>\n<div><span lang=\"KO\">5. <\/span><span lang=\"KO\">\uc774\uc804<\/span><span lang=\"KO\"> <\/span><span lang=\"KO\">\ud559\uad50<\/span><span lang=\"KO\">(<\/span><span lang=\"KO\">\ub4e4<\/span><span lang=\"KO\">)<\/span><span lang=\"KO\">\uc5d0\uc11c<\/span><span lang=\"KO\"> <\/span><span lang=\"KO\">\ubc1c\uae09\ud55c<\/span><span lang=\"KO\"> I-20. <\/span><\/div>\n<div><span lang=\"KO\">6. \u201cQueens College\u201d<\/span><span lang=\"KO\">\uc5d0<\/span><span lang=\"KO\">I-20 <\/span><span lang=\"KO\">\uc2e0\uccad\uc11c<\/span><span lang=\"KO\"> <\/span><span lang=\"KO\">\uc218\uc218\ub8cc<\/span><span lang=\"KO\"> $150 <\/span><span lang=\"KO\">\ub0a9\ubd80<\/span><span lang=\"KO\"> (<\/span><span lang=\"KO\">\ud658\uae09<\/span><span lang=\"KO\"> <\/span><span lang=\"KO\">\ubd88\uac00<\/span><span lang=\"KO\">). <\/span><span style=\"text-decoration: underline\"><span lang=\"KO\">\uc218\ud45c<\/span><span lang=\"KO\">, <\/span><span lang=\"KO\">\uc6b0\ud3b8\ud658<\/span><span lang=\"KO\"> <\/span><span lang=\"KO\">\ub610\ub294<\/span><span lang=\"KO\"> <\/span><span lang=\"KO\">\uc2e0\uc6a9\uce74\ub4dc\ub85c<\/span><span lang=\"KO\"> <\/span><span lang=\"KO\">\ub0a9\ubd80<\/span><\/span><span lang=\"KO\">.<\/span><\/div>\n<div><span lang=\"KO\">7. 18<\/span><span lang=\"KO\">\uc138<\/span><span lang=\"KO\"> <\/span><span lang=\"KO\">\ubbf8\ub9cc\uc758<\/span><span lang=\"KO\"> <\/span><span lang=\"KO\">\ud559\uc0dd\uc778<\/span><span lang=\"KO\"> <\/span><span lang=\"KO\">\uacbd\uc6b0<\/span><span lang=\"KO\"> <\/span><span lang=\"KO\">\uace0\uad50\uc878\uc5c5\uc99d<\/span><span lang=\"KO\"> <\/span><span lang=\"KO\">\ub610\ub294<\/span><span lang=\"KO\"> <\/span><span lang=\"KO\">\ub300\ud559\uad50<\/span><span lang=\"KO\"> <\/span><span lang=\"KO\">\uc131\uc801\ud45c<\/span><span lang=\"KO\"> <\/span><span lang=\"KO\">\uc0ac\ubcf8<\/span><span lang=\"KO\">.<\/span><\/div>\n<p>[\/et_pb_accordion_item][et_pb_accordion_item title=&#8221;\uc790\uc138\ud55c \ub0b4\uc6a9\uc740 \uad6d\uc81c\ud559\uc0dd \uc0c1\ub2f4\uc0ac\uc5d0\uac8c \ubb38\uc758\ud558\uc2ed\uc2dc\uc624.&#8221; _builder_version=&#8221;4.16&#8243; _module_preset=&#8221;default&#8221; global_colors_info=&#8221;{}&#8221; open=&#8221;off&#8221;]<\/p>\n<div><span lang=\"KO\"><a href=\"mailto:ELI@qc.cuny.edu\">eli@qc.cuny.edu<\/a> <\/span><\/div>\n<div><span lang=\"KO\">\uc804\ud654\ubc88\ud638<\/span><span lang=\"KO\">: 718-997-5718 <\/span><span lang=\"KO\">\ub610\ub294<\/span><span lang=\"KO\"> 718-997-5720<\/span><\/div>\n<div>\n<p><span lang=\"KO\">\ud329\uc2a4<\/span><span lang=\"KO\">: 718-997-5723<\/span><\/p>\n<p>&nbsp;<\/p>\n<\/div>\n<div>\n<p><span lang=\"KO\">\ubaa8\ub4e0<\/span><span lang=\"KO\"> <\/span><span lang=\"KO\">\uc11c\ub958\ub97c<\/span><span lang=\"KO\"> <\/span><span lang=\"KO\">\ub2e4\uc74c<\/span><span lang=\"KO\"> <\/span><span lang=\"KO\">\uc8fc\uc18c\ub85c<\/span><span lang=\"KO\"> <\/span><span lang=\"KO\">\uc6b0\uc1a1\ud558\uac70\ub098<\/span><span lang=\"KO\"> <\/span><span lang=\"KO\">\uc81c\ucd9c\ud558\uc2ed\uc2dc\uc624<\/span><span lang=\"KO\">:<\/span><\/p>\n<p>ELI International Student Advisement Office<br \/> Kissena Hall, Room 100<br \/> Queens College CUNY<br \/> 65-30 Kissena Boulevard<br \/> Queens, NY 11367-1597<br \/> USA<\/p>\n<\/div>\n<p>[\/et_pb_accordion_item][et_pb_accordion_item title=&#8221;\uc785\ud559 \ud5c8\uac00&#8221; _builder_version=&#8221;4.16&#8243; _module_preset=&#8221;default&#8221; global_colors_info=&#8221;{}&#8221; open=&#8221;off&#8221;]<\/p>\n<div><span lang=\"KO\">ELI<\/span><span lang=\"KO\">\uac00<\/span><span lang=\"KO\"><\/span><span lang=\"KO\"><\/span><span lang=\"KO\"><\/span><span lang=\"KO\"><\/span><span lang=\"KO\"><\/span><span lang=\"KO\"> <\/span><span lang=\"KO\">\uc791\uc131\uc774<\/span><span lang=\"KO\"> <\/span><span lang=\"KO\">\uc644\ub8cc\ub41c<\/span><span lang=\"KO\"> <\/span><span lang=\"KO\">\uc2e0\uccad\uc11c\ub97c<\/span><span lang=\"KO\"> <\/span><span lang=\"KO\">\uc811\uc218\ud55c<\/span><span lang=\"KO\"> <\/span><span lang=\"KO\">\ud6c4<\/span><span lang=\"KO\"> 1~2<\/span><span lang=\"KO\">\uc8fc<\/span><span lang=\"KO\"> <\/span><span lang=\"KO\">\ub0b4\uc5d0<\/span><span lang=\"KO\"> <\/span><span lang=\"KO\">\ud559\uc0dd\ub4e4\uc5d0\uac8c<\/span><span lang=\"KO\"> <\/span><span lang=\"KO\">\uc785\ud559<\/span><span lang=\"KO\"> <\/span><span lang=\"KO\">\ud5c8\uac00<\/span><span lang=\"KO\"> <\/span><span lang=\"KO\">\uc5ec\ubd80\ub97c<\/span><span lang=\"KO\"> <\/span><span lang=\"KO\">\ud1b5\uc9c0\ud569\ub2c8\ub2e4<\/span><span lang=\"KO\">.\u00a0<\/span><\/div>\n<p>[\/et_pb_accordion_item][et_pb_accordion_item title=&#8221;ELI \uc2dc\ud5d8 &#8221; _builder_version=&#8221;4.16&#8243; _module_preset=&#8221;default&#8221; global_colors_info=&#8221;{}&#8221; open=&#8221;off&#8221;]<\/p>\n<p><span style=\"font-size: 10pt;font-family: verdana, sans-serif;color: black\"> <\/span>\ub274\uc695 \uc2dc\ub9bd \ub300\ud559\uc740 \uc800\ud76c \ud504\ub85c\uadf8\ub7a8\uc758 \uc804\ubb38\uc131\uc744 \uc778\uc815\ud569\ub2c8\ub2e4. \ud038\uc988 \ub300\ud559\uc758 \ud480\ud0c0\uc784 ELI \ucd5c\uc885 \uc2dc\ud5d8\uc5d0 \ud1b5\uacfc\ud558\uc5ec \uc778\uc99d\uc11c\ub97c \ubc1b\uc740 \ud559\uc0dd\uc740 CUNY \ud559\ubd80 \ubc0f \ub300\ud559\uc6d0 \ud504\ub85c\uadf8\ub7a8\uc5d0 \uc9c0\uc6d0\ud558\uae30 \uc704\ud55c TOEFL \ucd5c\uc18c \uc810\uc218 500\uc810\uc774 \ub530\ub85c \ud544\uc694\ud558\uc9c0 \uc54a\uc2b5\ub2c8\ub2e4. \uadf8\ub7ec\ub098, \uc800\ud76c\ub294 \ud559\uc0dd\ub4e4\uc774 \uac00\ub2a5\ud55c TOEFL \uc2dc\ud5d8\ub3c4 \ubcfc \uac83\uc744 \uad8c\uc7a5\ud569\ub2c8\ub2e4.<\/p>\n<p>[\/et_pb_accordion_item][et_pb_accordion_item title=&#8221;\uc608\ubc29 \uc811\uc885&#8221; _builder_version=&#8221;4.16&#8243; _module_preset=&#8221;default&#8221; global_colors_info=&#8221;{}&#8221; open=&#8221;off&#8221;]<\/p>\n<p>ELI\ub294 \uc608\ubc29 \uc811\uc885 \uc99d\uba85\uc11c\ub97c \uc694\uad6c\ud558\uc9c0 \uc54a\uc2b5\ub2c8\ub2e4. \uadf8\ub7ec\ub098, \ud000\uc988 \ub300\ud559\uc758 \ubcf4\uac74 \uc11c\ube44\uc2a4 \uc13c\ud130\ub294 \ubaa8\ub4e0 \ud559\uc0dd\uc774 \ubbf8\uad6d\uc5d0 \uc624\uae30 \uc804\uc5d0 \ud64d\uc5ed, \uc720\ud589\uc131 \uc774\ud558\uc120\uc5fc, \ud48d\uc9c4\uc5d0 \ub300\ud574 \uc608\ubc29 \uc811\uc885\uc744 \ubc1b\uc744 \uac83\uc744 \uad8c\uc7a5\ud569\ub2c8\ub2e4. \uc790\uc2e0\uc758 \uad6d\uac00\ub85c\ubd80\ud130 \ubc1b\uc740 \uc608\ubc29 \uc811\uc885 \uc99d\uba85\uc11c\ub97c \uac00\uc9c0\uace0 \uc624\ub294 \uac83\uc740 \uc88b\uc740 \uc0dd\uac01\uc785\ub2c8\ub2e4.<\/p>\n<p>[\/et_pb_accordion_item][et_pb_accordion_item title=&#8221;\ud480 \ud0c0\uc784 \uacf5\ubd80\ub97c \uc704\ud55c \ud55c \ud559\ub144\ub3c4 \uc608\uc0c1 \ube44\uc6a9&#8221; _builder_version=&#8221;4.16&#8243; _module_preset=&#8221;default&#8221; global_colors_info=&#8221;{}&#8221; open=&#8221;off&#8221;]<\/p>\n<div>\ucc38\uace0: \ube44\uc6a9\uc740 \ubcc0\uacbd\ub420 \uc218 \uc788\uc2b5\ub2c8\ub2e4<\/div>\n<div style=\"margin: 0in 0in 0pt\">\n<div>\ub450 \ud559\uae30 \uc218\uc5c5\ub8cc \ubc0f \ub4f1\ub85d\uae08 $5,500<\/div>\n<div style=\"margin: 0in 0in 0pt\">\n<div>\uc77c \ub144 \uc0dd\ud65c\ube44 $15,500<\/div>\n<div style=\"margin: 0in 0in 0pt\">\n<div>\uad50\uc7ac $300<\/div>\n<div style=\"margin: 0in 0in 0pt\">\n<div>\ud569\uacc4 $21,300<\/div>\n<div><\/div>\n<div style=\"margin: 0in 0in 0pt\">\n<div>\ubc30\uc6b0\uc790: \ucd94\uac00 $7,500<\/div>\n<div style=\"margin: 0in 0in 0pt\">\n<div style=\"margin: 0in 0in 0pt\">\uc790\ub140: \ucd94\uac00 $5,000<span style=\"font-size: 9pt;font-family: verdana, sans-serif;color: #676767\"><\/span><\/div>\n<\/div>\n<\/div>\n<\/div>\n<\/div>\n<\/div>\n<\/div>\n<div style=\"margin: 0in 0in 0pt\"><\/div>\n<p>[\/et_pb_accordion_item][et_pb_accordion_item title=&#8221;\ud038\uc988 \ub300\ud559 \ub610\ub294 \ub2e4\ub978 CUNY \ud559\uad50\uc5d0 \uc9c0\uc6d0\ud558\uae30&#8221; _builder_version=&#8221;4.16&#8243; _module_preset=&#8221;default&#8221; global_colors_info=&#8221;{}&#8221; open=&#8221;off&#8221;]<\/p>\n<p>\ub9ce\uc740 \ud559\uc0dd\ub4e4\uc774 \ud038\uc988 \ub300\ud559 \ub610\ub294 \ub274\uc695 \uc2dc\ub9bd\ub300\uc758 \ub2e4\ub978 \ub300\ud559\uc5d0 \uc9c4\ud559\ud569\ub2c8\ub2e4. \ud504\ub9b0\uc2a4\ud134 \ub9ac\ubdf0\ub294 \ubbf8\uad6d \ucd5c\uace0 \uac00\uce58 \ub300\ud559\uc73c\ub85c \ud038\uc988\ub97c \uc815\uae30\uc801\uc73c\ub85c \uc778\uc6a9\ud558\ub294\ub370, \uc774\ub294 \uc6b0\uc218\ud55c \uad50\uc721, \uc8fc\ubbfc\uc5d0 \ub300\ud55c \uad00\ub300\ud55c \uae08\uc735 \uc9c0\uc6d0 \ud328\ud0a4\uc9c0 \ubc0f \uc0c1\ub300\uc801\uc778 \uc800\ube44\uc6a9 \ub54c\ubb38\uc785\ub2c8\ub2e4. \ub610\ud55c \ud038\uc988\ub294 \ubbf8\uad6d\uc5d0 \uc788\ub294 \u201c\ucd5c\uace0\uc758 \ub300\ud559-\ubd81\ubbf8\uc758 \uc11d\uc0ac\u201d \ubc94\uc8fc\uc5d0 \uccab \uc904\uc744 \ucc28\uc9c0\ud558\uace0 \uc788\uc2b5\ub2c8\ub2e4. \ub274\uc2a4 \ubc0f \uc6d4\ub4dc \ub9ac\ud3ec\ud2b8\uc758 \ubbf8\uad6d \ucd5c\uace0\uc758 \ub300\ud559.<\/p>\n<p>\ud038\uc988 \ub300\ud559 \uc785\ud559\uc5d0 \uad00\ud55c \uc790\uc138\ud55c \uc815\ubcf4\uc640 \uc9c0\uc6d0\uc740 \ub2e4\uc74c \uc8fc\uc18c\uc758<a href=\"#\" target=\"_blank\" rel=\"noopener noreferrer\" title=\"Admissions\"> \ud038\uc988 \ub300\ud559 <\/a>\uc785\ud559\ucc98\uc5d0 \ubb38\uc758 \ud558\uc2ed\uc2dc\uc624:<\/p>\n<p>Jefferson Hall<br \/> Queens College CUNY<br \/> 65-30 Kissena Boulevard<br \/> Queens, NY 11367<br \/> USA<br \/> \uc804\ud654: 718-997-5600<br \/> \ud329\uc2a4: 718-997-5617<\/p>\n<p>\ud038\uc988 \ub300\ud559\uc5d0 \ub300\ud55c \uc790\uc138\ud55c \uc815\ubcf4\ub294<a href=\"https:\/\/www.qc.cuny.edu\" target=\"_blank\" rel=\"noopener noreferrer\">www.qc.cuny.edu<\/a>\ub97c \ubc29\ubb38\ud558\uc2ed\uc2dc\uc624<\/p>\n<p>\ub2e4\ub978 CUNY \ub300\ud559\uc5d0 \ub300\ud55c \uc790\uc138\ud55c \uc815\ubcf4\ub294<a href=\"http:\/\/www.cuny.edu\/\" target=\"_blank\" rel=\"noopener noreferrer\">www.cuny.edu<\/a>\ub97c \ubc29\ubb38\ud558\uc2ed\uc2dc\uc624<\/p>\n<p>[\/et_pb_accordion_item][\/et_pb_accordion][\/et_pb_column][\/et_pb_row][\/et_pb_section]<\/p>\n","protected":false},"excerpt":{"rendered":"<p>I-20 \uc2e0\uccad(English) \u0627\u0644\u0639\u0631\u0628\u064a\u0629 (\u4e2d\u56fd) (\u65e5\u672c\u8a9e) (\ud55c\uad6d\uc5b4) (Portugu\u00eas) (Espa\u00f1ol) (T\u00fcrk\u00e7e)\uad6d\uc81c\ud559\uc0dd \ubc0f I-20 \uc2e0\uccad ELI \uad6d\uc81c\ud559\uc0dd \uc0c1\ub2f4\uc2e4(ELI International Student Advisement Office)\ub85c \ub2e4\uc74c \ud56d\ubaa9\uc744 \uc6b0\uc1a1\ud558\uac70\ub098 \uc81c\ucd9c\ud558\uc2ed\uc2dc\uc624. \ub610\ud55c \uc11c\ub958\ub97c \uc774\uba54\uc77c\ub85c \ubcf4\ub0b8 \ud6c4 \uc218\uc5c5\ub8cc\ub97c \uc6b0\ud3b8\uc73c\ub85c \ub610\ub294 \uc9c1\uc811 \ub0a9\ubd80\ud574\uc57c \uc808\ucc28\uac00 \uc644\ub8cc\ub429\ub2c8\ub2e4. \u00a0 1. \uc791\uc131\uc774 \uc644\ub8cc\ub41c ELI I-20 \uc2e0\uccad\uc11c. 2. \uc791\uc131\uc774 \uc644\ub8cc\ub41c \uc7ac\uc815\ubcf4\uc99d\uc11c \uc591\uc2dd \ubc0f \uc99d\ube59 \uae08\uc735\uc11c\ub958. 3. \uc5ec\uad8c \uc0ac\ubcf8. 4. \u201cQueens [&hellip;]<\/p>\n","protected":false},"author":2,"featured_media":0,"parent":0,"menu_order":0,"comment_status":"closed","ping_status":"closed","template":"","meta":{"_et_pb_use_builder":"on","_et_pb_old_content":"","_et_gb_content_width":"","inline_featured_image":false,"footnotes":""},"page_category":[],"wf_page_folders":[156],"class_list":["post-7296","page","type-page","status-publish","hentry"],"_links":{"self":[{"href":"https:\/\/www.qc.cuny.edu\/academics\/el\/wp-json\/wp\/v2\/pages\/7296","targetHints":{"allow":["GET"]}}],"collection":[{"href":"https:\/\/www.qc.cuny.edu\/academics\/el\/wp-json\/wp\/v2\/pages"}],"about":[{"href":"https:\/\/www.qc.cuny.edu\/academics\/el\/wp-json\/wp\/v2\/types\/page"}],"author":[{"embeddable":true,"href":"https:\/\/www.qc.cuny.edu\/academics\/el\/wp-json\/wp\/v2\/users\/2"}],"replies":[{"embeddable":true,"href":"https:\/\/www.qc.cuny.edu\/academics\/el\/wp-json\/wp\/v2\/comments?post=7296"}],"version-history":[{"count":0,"href":"https:\/\/www.qc.cuny.edu\/academics\/el\/wp-json\/wp\/v2\/pages\/7296\/revisions"}],"wp:attachment":[{"href":"https:\/\/www.qc.cuny.edu\/academics\/el\/wp-json\/wp\/v2\/media?parent=7296"}],"wp:term":[{"taxonomy":"page_category","embeddable":true,"href":"https:\/\/www.qc.cuny.edu\/academics\/el\/wp-json\/wp\/v2\/page_category?post=7296"},{"taxonomy":"wf_page_folders","embeddable":true,"href":"https:\/\/www.qc.cuny.edu\/academics\/el\/wp-json\/wp\/v2\/wf_page_folders?post=7296"}],"curies":[{"name":"wp","href":"https:\/\/api.w.org\/{rel}","templated":true}]}}