{"id":7311,"date":"2020-11-12T10:19:41","date_gmt":"2020-11-12T15:19:41","guid":{"rendered":"http:\/\/149.4.100.129\/academics\/ms\/?page_id=7311"},"modified":"2022-04-15T14:36:19","modified_gmt":"2022-04-15T18:36:19","slug":"apply-turkish-translation","status":"publish","type":"page","link":"https:\/\/www.qc.cuny.edu\/academics\/el\/apply-turkish-translation\/","title":{"rendered":"Apply Turkish Translation"},"content":{"rendered":"<p>[et_pb_section fb_built=&#8221;1&#8243; _builder_version=&#8221;4.16&#8243; background_color=&#8221;rgba(0,0,0,0)&#8221; custom_padding=&#8221;16px|||6px||&#8221; global_colors_info=&#8221;{}&#8221;][et_pb_row _builder_version=&#8221;4.16&#8243; global_colors_info=&#8221;{}&#8221;][et_pb_column type=&#8221;4_4&#8243; _builder_version=&#8221;4.16&#8243; global_colors_info=&#8221;{}&#8221;][et_pb_text _builder_version=&#8221;4.16&#8243; header_6_font=&#8221;Ubuntu|700|||||||&#8221; header_6_text_color=&#8221;#ffffff&#8221; header_6_font_size=&#8221;35px&#8221; background_color=&#8221;#e71939&#8243; custom_margin=&#8221;||1px|||&#8221; custom_padding=&#8221;10px|20px|10px|20px|true|true&#8221; border_radii=&#8221;off|20px|20px||&#8221; global_colors_info=&#8221;{}&#8221;]<\/p>\n<h6 class=\"entry-title\" style=\"text-align: center\">I-20 Ba\u015fvurusu<\/h6>\n<p>[\/et_pb_text][\/et_pb_column][\/et_pb_row][et_pb_row _builder_version=&#8221;4.16&#8243; custom_padding=&#8221;20px|20px|20px|20px|true|true&#8221; box_shadow_style=&#8221;preset3&#8243; global_colors_info=&#8221;{}&#8221;][et_pb_column type=&#8221;4_4&#8243; _builder_version=&#8221;4.16&#8243; global_colors_info=&#8221;{}&#8221;][et_pb_image src=&#8221;https:\/\/www.qc.cuny.edu\/academics\/ms\/wp-content\/uploads\/sites\/47\/2020\/11\/Apply-I20.jpg&#8221; align=&#8221;center&#8221; _builder_version=&#8221;4.16&#8243; _module_preset=&#8221;default&#8221; border_width_all=&#8221;1px&#8221; border_color_all=&#8221;#000000&#8243; global_colors_info=&#8221;{}&#8221;][\/et_pb_image][et_pb_text _builder_version=&#8221;4.17.1&#8243; _module_preset=&#8221;default&#8221; text_font=&#8221;Open Sans||||||||&#8221; text_font_size=&#8221;16px&#8221; text_orientation=&#8221;center&#8221; locked=&#8221;off&#8221; global_colors_info=&#8221;{}&#8221;]<\/p>\n<p>(<a href=\"https:\/\/www.qc.cuny.edu\/academics\/el\/apply\/\">English<\/a>) <a href=\"https:\/\/www.qc.cuny.edu\/academics\/el\/apply-arabic-translation\/\">\u0627\u0644\u0639\u0631\u0628\u064a\u0629<\/a> (<a href=\"https:\/\/www.qc.cuny.edu\/academics\/el\/apply-chinese-translation\/\">\u4e2d\u56fd<\/a>) (<a href=\"https:\/\/www.qc.cuny.edu\/academics\/el\/apply-japanese-translation\/\">\u65e5\u672c\u8a9e<\/a>) (<a href=\"https:\/\/www.qc.cuny.edu\/academics\/el\/apply-korean-translation\/\">\ud55c\uad6d\uc5b4<\/a>) (<a href=\"https:\/\/www.qc.cuny.edu\/academics\/el\/apply-portuguese-translation\/\">Portugu\u00eas<\/a>) (<a href=\"https:\/\/www.qc.cuny.edu\/academics\/el\/apply-spanish-translation\/\">Espa\u00f1ol<\/a>) (<a href=\"https:\/\/www.qc.cuny.edu\/academics\/el\/apply-turkish-translation\/\">T\u00fcrk\u00e7e<\/a>)<\/p>\n<p>[\/et_pb_text][et_pb_text _builder_version=&#8221;4.16&#8243; _module_preset=&#8221;default&#8221; text_font=&#8221;Open Sans||||||||&#8221; text_text_color=&#8221;#000000&#8243; text_font_size=&#8221;16px&#8221; global_colors_info=&#8221;{}&#8221;]<\/p>\n<p><strong>Uluslararas\u0131 \u00d6\u011frenciler ve I-20 Ba\u015fvurusu<\/strong><\/p>\n<p>[\/et_pb_text][et_pb_accordion open_toggle_text_color=&#8221;#e71939&#8243; open_toggle_background_color=&#8221;#ffffff&#8221; closed_toggle_background_color=&#8221;#ffffff&#8221; icon_color=&#8221;#e71939&#8243; _builder_version=&#8221;4.16&#8243; _module_preset=&#8221;default&#8221; toggle_text_color=&#8221;#e71939&#8243; toggle_font=&#8221;Open Sans|600|||||||&#8221; body_font=&#8221;Open Sans||||||||&#8221; body_font_size=&#8221;16px&#8221; border_color_all=&#8221;#000000&#8243; global_colors_info=&#8221;{}&#8221;][et_pb_accordion_item title=&#8221;I-20 i\u00e7in ba\u015fvurun. &#8221; open=&#8221;on&#8221; _builder_version=&#8221;4.16&#8243; _module_preset=&#8221;default&#8221; global_colors_info=&#8221;{}&#8221;]<\/p>\n<div><span lang=\"TR\">A\u015fa\u011f\u0131dakileri ELI Uluslararas\u0131 \u00d6\u011frenci Dan\u0131\u015fma Ofisine (ELI International Student Advisement Office) getirin veya posta ile g\u00f6nderin. Ayr\u0131ca i\u015flemleri tamamlamak i\u00e7in belgeleri e-posta ve posta ile g\u00f6nderebilir ya da \u00f6demeyi kendiniz getirebilirsiniz. <\/span><\/div>\n<div><span lang=\"TR\">\u00a0<\/span><\/div>\n<div><span lang=\"TR\">1. Tamamlanm\u0131\u015f bir <a href=\"https:\/\/www.qc.cuny.edu\/academics\/ms\/wp-content\/uploads\/sites\/47\/2020\/11\/Application-for-FullTime-International-Student.pdf\" target=\"_blank\" rel=\"noopener noreferrer\"><span>ELI I-20 Ba\u015fvuru Formu.<\/span><\/a><\/span><\/div>\n<div><span lang=\"TR\">2. Tamamlanm\u0131\u015f bir <a href=\"https:\/\/www.qc.cuny.edu\/academics\/ms\/wp-content\/uploads\/sites\/47\/2020\/11\/Affidavit-of-Support.pdf\" target=\"_blank\" rel=\"noopener noreferrer\"><span>Destek Taahh\u00fcd\u00fc Formu<\/span><\/a> ve destekleyici finansal belgeler.<\/span><\/div>\n<div><span lang=\"TR\">3. Pasaportunuzun bir n\u00fcshas\u0131.<\/span><\/div>\n<div><span lang=\"TR\">4. &#8220;Queens College&#8221;a \u00f6denecek 150 $ tutar\u0131nda iadesiz I-20 Ba\u015fvuru \u00dccreti. \u00c7ek, havale ya da kredi kart\u0131 ile \u00f6deme.<\/span><\/div>\n<div><span lang=\"TR\">5. 18 ya\u015f\u0131ndan k\u00fc\u00e7\u00fck \u00f6\u011frenciler i\u00e7in lise diploman\u0131z\u0131n veya \u00fcniversite kay\u0131tlar\u0131n\u0131z\u0131n n\u00fcshas\u0131.<\/span><\/div>\n<p>[\/et_pb_accordion_item][et_pb_accordion_item title=&#8221;F-1 Transferi i\u00e7in Ba\u015fvurun&#8221; _builder_version=&#8221;4.16&#8243; _module_preset=&#8221;default&#8221; global_colors_info=&#8221;{}&#8221; open=&#8221;off&#8221;]<\/p>\n<div><span lang=\"TR\">1. Tamamlanm\u0131\u015f bir <a href=\"https:\/\/www.qc.cuny.edu\/academics\/ms\/wp-content\/uploads\/sites\/47\/2020\/11\/Application-for-FullTime-International-Student.pdf\" target=\"_blank\" rel=\"noopener noreferrer\"><span>ELI I-20 Ba\u015fvuru Formu.<\/span><\/a><\/span><\/div>\n<div><span lang=\"TR\">2. <a href=\"https:\/\/www.qc.cuny.edu\/academics\/ms\/wp-content\/uploads\/sites\/47\/2020\/11\/Transfer-Enrollment-Form.pdf\" target=\"_blank\" rel=\"noopener noreferrer\"><span>\u00d6nceki okulunuz taraf\u0131ndan doldurulmu\u015f bir ELI Transfer Kay\u0131t Formu.<\/span><\/a><\/span><\/div>\n<div><span lang=\"TR\">3. Tamamlanm\u0131\u015f bir <a href=\"https:\/\/www.qc.cuny.edu\/academics\/ms\/wp-content\/uploads\/sites\/47\/2020\/11\/Affidavit-of-Support.pdf\" target=\"_blank\" rel=\"noopener noreferrer\"><span>Destek Taahh\u00fcd\u00fc Formu<\/span><\/a> ve destekleyici finansal belgeler.<\/span><\/div>\n<div><span lang=\"TR\">4. Pasaportunuzun bir n\u00fcshas\u0131.<\/span><\/div>\n<div><span lang=\"TR\">5. Eski okul veya okullar\u0131n\u0131zdan I-20 formlar\u0131. <\/span><\/div>\n<div><span lang=\"TR\">6. &#8220;Queens College&#8221;a \u00f6denecek 150 $ tutar\u0131nda iadesiz I-20 Ba\u015fvuru \u00dccreti. \u00c7ek, havale ya da kredi kart\u0131 ile \u00f6deme.<\/span><\/div>\n<div><span lang=\"TR\">7. 18 ya\u015f\u0131ndan k\u00fc\u00e7\u00fck \u00f6\u011frenciler i\u00e7in lise diploman\u0131z\u0131n veya \u00fcniversite kay\u0131tlar\u0131n\u0131z\u0131n n\u00fcshas\u0131.<\/span><\/div>\n<p>[\/et_pb_accordion_item][et_pb_accordion_item title=&#8221;Daha fazla bilgi i\u00e7in Uluslararas\u0131 \u00d6\u011frenci Dan\u0131\u015fman\u0131 ile ileti\u015fime ge\u00e7in.&#8221; _builder_version=&#8221;4.16&#8243; _module_preset=&#8221;default&#8221; global_colors_info=&#8221;{}&#8221; open=&#8221;off&#8221;]<\/p>\n<p><a href=\"mailto:eli@qc.cuny.edu\">eli@qc.cuny.edu<\/a><br \/>TEL: 718-997-5718 veya 718-997-5720<br \/>FAKS: 718-997-5723<\/p>\n<p>Belgeleri a\u015fa\u011f\u0131daki adrese getirin veya posta ile g\u00f6nderin:<\/p>\n<p>ELI International Student Advisement Office<br \/>Kissena Hall, Room 100<br \/>Queens College CUNY<br \/>65-30 Kissena Boulevard<br \/>Queens, NY 11367-1597<br \/>USA<\/p>\n<p>[\/et_pb_accordion_item][et_pb_accordion_item title=&#8221;Kabul&#8221; _builder_version=&#8221;4.16&#8243; _module_preset=&#8221;default&#8221; global_colors_info=&#8221;{}&#8221; open=&#8221;off&#8221;]<\/p>\n<div><span lang=\"TR\">ELI tamamlanm\u0131\u015f ba\u015fvurunuzu teslim ald\u0131ktan sonra bir iki hafta i\u00e7erisinde \u00f6\u011frenciler bilgilendirilir.\u00a0<\/span><\/div>\n<p>[\/et_pb_accordion_item][et_pb_accordion_item title=&#8221;ELI S\u0131nav\u0131&#8221; _builder_version=&#8221;4.16&#8243; _module_preset=&#8221;default&#8221; global_colors_info=&#8221;{}&#8221; open=&#8221;off&#8221;]<\/p>\n<p>The City University of New York, program\u0131m\u0131z\u0131n uzmanl\u0131\u011f\u0131n\u0131 kabul etmektedir. Queens College tam zamanl\u0131 ELI Final S\u0131nav\u0131n\u0131 bir sertifika ile ge\u00e7en \u00f6\u011frenciler, en az 500 TOEFL puan\u0131 gerektiren CUNY lisans ve lisans\u00fcst\u00fc programlar\u0131na ba\u015fvurmak i\u00e7in, bir TOEFL puan\u0131na gerek DUYMAZ. Bununla birlikte, TOEFL&#8217;\u0131n al\u0131nmas\u0131 i\u00e7in \u00f6\u011frencileri kesinlikle te\u015fvik ederiz.<\/p>\n<p>[\/et_pb_accordion_item][et_pb_accordion_item title=&#8221;A\u015f\u0131&#8221; _builder_version=&#8221;4.16&#8243; _module_preset=&#8221;default&#8221; global_colors_info=&#8221;{}&#8221; open=&#8221;off&#8221;]<\/p>\n<p>ELI, a\u015f\u0131lamaya dair bir kan\u0131ta gerek duymamaktad\u0131r. Bununla birlikte, Queens College\u2019da Sa\u011fl\u0131k Hizmetleri Merkezi, Birle\u015fik Devletlere gelmeden \u00f6nce, k\u0131zam\u0131k, kabakulak ve k\u0131zam\u0131k\u00e7\u0131\u011fa kar\u015f\u0131 t\u00fcm \u00f6\u011frencilerin a\u015f\u0131 yapt\u0131rmas\u0131n\u0131 tavsiye eder. Kendi \u00fclkenizde yapt\u0131rd\u0131\u011f\u0131n\u0131z a\u015f\u0131lara dair yan\u0131n\u0131zda bir kan\u0131t\u0131n bulunmas\u0131 iyi bir fikirdir.<\/p>\n<p>[\/et_pb_accordion_item][et_pb_accordion_item title=&#8221;Tam zamanl\u0131 \u00f6\u011frenime ili\u015fkin akademik y\u0131l i\u00e7in \u00f6ng\u00f6r\u00fclen \u00fccretler&#8221; _builder_version=&#8221;4.16&#8243; _module_preset=&#8221;default&#8221; global_colors_info=&#8221;{}&#8221; open=&#8221;off&#8221;]<\/p>\n<p>Not: \u00dccretler de\u011fi\u015ftirilebilir<br \/>\u0130ki d\u00f6nem i\u00e7in kay\u0131t harc\u0131 ve di\u011fer \u00fccretler $5,500<br \/>Bir y\u0131ll\u0131k ya\u015fam masraflar\u0131 $15,500<br \/>Kitaplar $300<br \/>Toplam $21,300<\/p>\n<p>E\u015f: Ekleyiniz $7,500<br \/>\u00c7ocuk: Ekleyiniz $5,000<\/p>\n<p>[\/et_pb_accordion_item][et_pb_accordion_item title=&#8221;Queens College\u2019a ya da ba\u015fka CUNY okuluna ba\u015fvuruda bulunmak&#8221; _builder_version=&#8221;4.16&#8243; _module_preset=&#8221;default&#8221; global_colors_info=&#8221;{}&#8221; open=&#8221;off&#8221;]<\/p>\n<p>\u00d6\u011frencilerimizin bir\u00e7o\u011fu, Queens College\u2019da ya da City University of New York\u2019un di\u011fer kolejinde \u00f6\u011frenime devam etmektedir. Princeton Review dergisinin Amerika\u2019n\u0131n En De\u011ferli Kolejleri, ola\u011fan\u00fcst\u00fc akademik \u00fcyeleri, ikamet sahipleri i\u00e7in c\u00f6mert finansal yard\u0131m paketleri ve g\u00f6rece d\u00fc\u015f\u00fck \u00fccretleri konusunda d\u00fczenli olarak Queens\u2019e at\u0131f yapmaktad\u0131r. Queens ayr\u0131ca, ABD\u2019de \u201cEn \u0130yi \u00dcniversiteler-Kuzeyde Y\u00fcksek Lisans\u201d kategorisinde ilk s\u0131ray\u0131 almaktad\u0131r. News and World Report\u2019un Amerika\u2019n\u0131n En \u0130yi Kolejleri.<\/p>\n<p>Daha fazla bilgi almak ve Queens College\u2019a kay\u0131t ba\u015fvurular\u0131 i\u00e7in, ileti\u015fim kurunuz:<a href=\"#\" target=\"_blank\" rel=\"noopener noreferrer\" title=\"Admissions\"> Queens College Kay\u0131t B\u00fcrosu:<\/a><\/p>\n<p>Jefferson Hall<br \/> Queens College CUNY<br \/> 65-30 Kissena Boulevard<br \/> Queens, NY 11367<br \/> USA<br \/> Tel: 718-997-5600<br \/> Faks: 718-997-5617<br \/> Queens College hakk\u0131nda daha fazla bilgi i\u00e7in, ziyaret edin <a href=\"https:\/\/www.qc.cuny.edu\/\" target=\"_blank\" rel=\"noopener noreferrer\">wwww.qc.cuny.edu<\/a><br \/> T\u00fcm di\u011fer CUNY kolejleri hakk\u0131nda daha fazla bilgi i\u00e7in, ziyaret edin <a href=\"http:\/\/www.cuny.edu\/\" target=\"_blank\" rel=\"noopener noreferrer\">www.cuny.edu.<\/a><span style=\"font-size: 10pt;font-family: verdana, sans-serif;color: black\"><a href=\"http:\/\/www.cuny.edu\/\"><span style=\"text-decoration: none;color: #e71c3a\"><\/span><\/a><\/span><\/p>\n<p>[\/et_pb_accordion_item][\/et_pb_accordion][\/et_pb_column][\/et_pb_row][\/et_pb_section]<\/p>\n","protected":false},"excerpt":{"rendered":"<p>I-20 Ba\u015fvurusu(English) \u0627\u0644\u0639\u0631\u0628\u064a\u0629 (\u4e2d\u56fd) (\u65e5\u672c\u8a9e) (\ud55c\uad6d\uc5b4) (Portugu\u00eas) (Espa\u00f1ol) (T\u00fcrk\u00e7e)Uluslararas\u0131 \u00d6\u011frenciler ve I-20 Ba\u015fvurusuA\u015fa\u011f\u0131dakileri ELI Uluslararas\u0131 \u00d6\u011frenci Dan\u0131\u015fma Ofisine (ELI International Student Advisement Office) getirin veya posta ile g\u00f6nderin. Ayr\u0131ca i\u015flemleri tamamlamak i\u00e7in belgeleri e-posta ve posta ile g\u00f6nderebilir ya da \u00f6demeyi kendiniz getirebilirsiniz. \u00a0 1. Tamamlanm\u0131\u015f bir ELI I-20 Ba\u015fvuru Formu. 2. Tamamlanm\u0131\u015f bir Destek [&hellip;]<\/p>\n","protected":false},"author":2,"featured_media":0,"parent":0,"menu_order":0,"comment_status":"closed","ping_status":"closed","template":"","meta":{"_et_pb_use_builder":"on","_et_pb_old_content":"","_et_gb_content_width":"","inline_featured_image":false,"footnotes":""},"page_category":[],"wf_page_folders":[156],"class_list":["post-7311","page","type-page","status-publish","hentry"],"_links":{"self":[{"href":"https:\/\/www.qc.cuny.edu\/academics\/el\/wp-json\/wp\/v2\/pages\/7311","targetHints":{"allow":["GET"]}}],"collection":[{"href":"https:\/\/www.qc.cuny.edu\/academics\/el\/wp-json\/wp\/v2\/pages"}],"about":[{"href":"https:\/\/www.qc.cuny.edu\/academics\/el\/wp-json\/wp\/v2\/types\/page"}],"author":[{"embeddable":true,"href":"https:\/\/www.qc.cuny.edu\/academics\/el\/wp-json\/wp\/v2\/users\/2"}],"replies":[{"embeddable":true,"href":"https:\/\/www.qc.cuny.edu\/academics\/el\/wp-json\/wp\/v2\/comments?post=7311"}],"version-history":[{"count":0,"href":"https:\/\/www.qc.cuny.edu\/academics\/el\/wp-json\/wp\/v2\/pages\/7311\/revisions"}],"wp:attachment":[{"href":"https:\/\/www.qc.cuny.edu\/academics\/el\/wp-json\/wp\/v2\/media?parent=7311"}],"wp:term":[{"taxonomy":"page_category","embeddable":true,"href":"https:\/\/www.qc.cuny.edu\/academics\/el\/wp-json\/wp\/v2\/page_category?post=7311"},{"taxonomy":"wf_page_folders","embeddable":true,"href":"https:\/\/www.qc.cuny.edu\/academics\/el\/wp-json\/wp\/v2\/wf_page_folders?post=7311"}],"curies":[{"name":"wp","href":"https:\/\/api.w.org\/{rel}","templated":true}]}}