{"id":8528,"date":"2022-04-26T21:28:12","date_gmt":"2022-04-27T01:28:12","guid":{"rendered":"http:\/\/149.4.100.129\/academics\/hll\/?page_id=8528"},"modified":"2025-10-30T17:39:46","modified_gmt":"2025-10-30T21:39:46","slug":"faculty","status":"publish","type":"page","link":"https:\/\/www.qc.cuny.edu\/academics\/hll\/faculty\/","title":{"rendered":"Faculty"},"content":{"rendered":"<p>[et_pb_section fb_built=&#8221;1&#8243; _builder_version=&#8221;4.17.1&#8243; _module_preset=&#8221;default&#8221; global_colors_info=&#8221;{}&#8221;][et_pb_row _builder_version=&#8221;4.17.1&#8243; _module_preset=&#8221;default&#8221; global_colors_info=&#8221;{}&#8221;][et_pb_column type=&#8221;4_4&#8243; _builder_version=&#8221;4.17.1&#8243; _module_preset=&#8221;default&#8221; global_colors_info=&#8221;{}&#8221;][dsm_text_divider header=&#8221;Full-Time Faculty&#8221; color=&#8221;#E71939&#8243; admin_label=&#8221;Full Time Divider&#8221; _builder_version=&#8221;4.22.1&#8243; _module_preset=&#8221;default&#8221; global_colors_info=&#8221;{}&#8221;][\/dsm_text_divider][\/et_pb_column][\/et_pb_row][et_pb_row column_structure=&#8221;1_2,1_2&#8243; _builder_version=&#8221;4.17.4&#8243; _module_preset=&#8221;default&#8221; global_colors_info=&#8221;{}&#8221;][et_pb_column type=&#8221;1_2&#8243; _builder_version=&#8221;4.17.1&#8243; _module_preset=&#8221;default&#8221; global_colors_info=&#8221;{}&#8221;][et_pb_text admin_label=&#8221;Simerka&#8221; _builder_version=&#8221;4.22.1&#8243; _module_preset=&#8221;default&#8221; custom_margin=&#8221;10px||||false|false&#8221; global_colors_info=&#8221;{}&#8221;]<\/p>\n<p><strong><img decoding=\"async\" class=\"wp-image-8502 size-thumbnail alignright lazyload\" data-src=\"https:\/\/www.qc.cuny.edu\/academics\/hll\/wp-content\/uploads\/sites\/82\/2022\/04\/barbara-150x110.jpg\" alt=\"\" width=\"150\" height=\"110\" src=\"data:image\/svg+xml;base64,PHN2ZyB3aWR0aD0iMSIgaGVpZ2h0PSIxIiB4bWxucz0iaHR0cDovL3d3dy53My5vcmcvMjAwMC9zdmciPjwvc3ZnPg==\" style=\"--smush-placeholder-width: 150px; --smush-placeholder-aspect-ratio: 150\/110;\" \/><a href=\"https:\/\/www.qc.cuny.edu\/academics\/hll\/barbara-simerka\">Barbara Simerka<\/a><\/strong><em><br \/><\/em>Department Chair and Professor\u00a0<br \/>PhD University of Southern California\u00a0<\/p>\n<p><em>Early modern Spanish literature\u00a0\u00a0<\/em><br \/><em>Gender and interdisciplinary studies<\/em><\/p>\n<p><em>Office<\/em>:<em>\u00a0<\/em>Queens Hall\u00a0105G<br \/><em>Voice<\/em>:\u00a0718-997-5628<br \/><em>Fax<\/em>: 718-997-5669<br \/><em>Email<\/em>:\u00a0<a href=\"mailto:barbara.simerka@qc.cuny.edu\">barbara.simerka@qc.cuny.edu<\/a><\/p>\n<p>[\/et_pb_text][et_pb_text admin_label=&#8221;Hoff&#8221; _builder_version=&#8221;4.22.1&#8243; _module_preset=&#8221;default&#8221; global_colors_info=&#8221;{}&#8221;]<\/p>\n<p><strong><img decoding=\"async\" class=\"alignright wp-image-8849 size-full lazyload\" data-src=\"https:\/\/www.qc.cuny.edu\/academics\/hll\/wp-content\/uploads\/sites\/82\/2023\/08\/mark-hoff-150.jpg\" alt=\"Mark Hoff Photo\" width=\"150\" height=\"150\" src=\"data:image\/svg+xml;base64,PHN2ZyB3aWR0aD0iMSIgaGVpZ2h0PSIxIiB4bWxucz0iaHR0cDovL3d3dy53My5vcmcvMjAwMC9zdmciPjwvc3ZnPg==\" style=\"--smush-placeholder-width: 150px; --smush-placeholder-aspect-ratio: 150\/150;\" \/><a href=\"https:\/\/www.qc.cuny.edu\/academics\/hll\/mark-hoff\/\">Mark Hoff<\/a><\/strong><br \/>Assistant Professor<br \/>PhD The Ohio State University<\/p>\n<p><em>Hispanic and Romance linguistics<\/em><\/p>\n<p><em>Office<\/em>:<em>\u00a0<\/em>Queens Hall 100C<br \/><em>Voice<\/em>: 718-997-5660<br \/><em>Fax<\/em>: 718-997-5669<br \/><em>Email<\/em>:\u00a0<a href=\"mailto:mark.hoff@qc.cuny.edu\">mark.hoff@qc.cuny.edu<\/a><\/p>\n<div>\u00a0<\/div>\n<p>[\/et_pb_text][et_pb_text admin_label=&#8221;Outes&#8221; _builder_version=&#8221;4.27.4&#8243; _module_preset=&#8221;default&#8221; hover_enabled=&#8221;0&#8243; global_colors_info=&#8221;{}&#8221; sticky_enabled=&#8221;0&#8243;]<\/p>\n<div>\u00a0<\/div>\n<div><strong>Brais Outes-Le\u00f3n<br \/><\/strong>Associate Professor<\/div>\n<div>\n<p>PhD Yale University<\/p>\n<p><em>Contemporary Latin American literature<\/em><br \/><em style=\"font-size: 14px\"><br \/>Office<\/em><span style=\"font-size: 14px\">:<\/span><em style=\"font-size: 14px\">\u00a0<\/em><span style=\"font-size: 14px\">Queens Hall\u00a0105E<\/span><\/p>\n<\/div>\n<div><em>Voice<\/em>: 718-997-5655<br \/><em>Fax<\/em>: 718-997-5669<br \/><em>Email<\/em>:\u00a0<a href=\"mailto:brais.outesleon@qc.cuny.edu\">brais.outesleon@qc.cuny.edu<\/a><\/div>\n<p>[\/et_pb_text][\/et_pb_column][et_pb_column type=&#8221;1_2&#8243; _builder_version=&#8221;4.17.1&#8243; _module_preset=&#8221;default&#8221; global_colors_info=&#8221;{}&#8221;][et_pb_text admin_label=&#8221;Caamano&#8221; _builder_version=&#8221;4.27.4&#8243; _module_preset=&#8221;default&#8221; global_colors_info=&#8221;{}&#8221;]<\/p>\n<p><strong><img decoding=\"async\" class=\"wp-image-8505 size-thumbnail alignright lazyload\" data-src=\"https:\/\/www.qc.cuny.edu\/academics\/hll\/wp-content\/uploads\/sites\/82\/2022\/04\/Juan-150x110.jpg\" alt=\"\" width=\"150\" height=\"110\" src=\"data:image\/svg+xml;base64,PHN2ZyB3aWR0aD0iMSIgaGVpZ2h0PSIxIiB4bWxucz0iaHR0cDovL3d3dy53My5vcmcvMjAwMC9zdmciPjwvc3ZnPg==\" style=\"--smush-placeholder-width: 150px; --smush-placeholder-aspect-ratio: 150\/110;\" \/>Juan Caama\u00f1o<br \/><\/strong>Graduate Advisor\u200b<br \/>Associate Professor<br \/>PhD Stony Brook University<\/p>\n<p><em>Contemporary Spanish Literature &amp; Cinema<\/em><\/p>\n<p><em>Office<\/em>:\u00a0Queens Hall\u00a0105D<br \/><em>Voice<\/em>: 718-997-5638<br \/><em>Fax<\/em>: 718-997-5669<br \/><em>Email<\/em>:\u00a0<a href=\"https:\/\/web.archive.org\/web\/20220322030111\/mailto:juan.caamano@qc.cuny.edu\">juan.caamano@qc.cuny.edu<\/a><\/p>\n<p>[\/et_pb_text][et_pb_text admin_label=&#8221;Martinez&#8221; _builder_version=&#8221;4.22.1&#8243; _module_preset=&#8221;default&#8221; global_colors_info=&#8221;{}&#8221;]<\/p>\n<p><strong><img decoding=\"async\" class=\"wp-image-8504 size-thumbnail alignright lazyload\" data-src=\"https:\/\/www.qc.cuny.edu\/academics\/hll\/wp-content\/uploads\/sites\/82\/2022\/04\/jm-150x110.jpg\" alt=\"\" width=\"150\" height=\"110\" src=\"data:image\/svg+xml;base64,PHN2ZyB3aWR0aD0iMSIgaGVpZ2h0PSIxIiB4bWxucz0iaHR0cDovL3d3dy53My5vcmcvMjAwMC9zdmciPjwvc3ZnPg==\" style=\"--smush-placeholder-width: 150px; --smush-placeholder-aspect-ratio: 150\/110;\" \/><a href=\"https:\/\/www.qc.cuny.edu\/academics\/hll\/jose-miguel-martinez-torrejon\">Jos\u00e9 Miguel Mart\u00ednez-Torrej\u00f3n<\/a><\/strong><br \/>Distinguished Professor<br \/>PhD University of California, Santa Barbara\u00a0<\/p>\n<p><em>Peninsular Medieval-Golden Age Literature, Colonial Historiography, and Portuguese Renaissance<\/em><\/p>\n<p><em>Office<\/em>:<em>\u00a0<\/em>Queens Hall 215C<br \/><em>Voice<\/em>: 718-997-5660<br \/><em>Fax<\/em>: 718-997-5669<br \/><em>Email<\/em>:\u00a0<a href=\"mailto:jose.martinez-torrejon@qc.cuny.edu\">jose.martinez-torrejon@qc.cuny.edu<\/a><\/p>\n<div>\u00a0<\/div>\n<p>[\/et_pb_text][et_pb_text admin_label=&#8221;Zinni&#8221; _builder_version=&#8221;4.22.1&#8243; _module_preset=&#8221;default&#8221; global_colors_info=&#8221;{}&#8221;]<\/p>\n<div>\n<div><strong><img decoding=\"async\" class=\"wp-image-8506 size-thumbnail alignright lazyload\" data-src=\"https:\/\/www.qc.cuny.edu\/academics\/hll\/wp-content\/uploads\/sites\/82\/2022\/04\/mariana-150x110.jpg\" alt=\"\" width=\"150\" height=\"110\" src=\"data:image\/svg+xml;base64,PHN2ZyB3aWR0aD0iMSIgaGVpZ2h0PSIxIiB4bWxucz0iaHR0cDovL3d3dy53My5vcmcvMjAwMC9zdmciPjwvc3ZnPg==\" style=\"--smush-placeholder-width: 150px; --smush-placeholder-aspect-ratio: 150\/110;\" \/><a href=\"https:\/\/www.qc.cuny.edu\/academics\/hll\/mariana-zinni\">Mariana Zinni<\/a><br \/><\/strong>Undergraduate &amp; Major Advisor\u200b<\/div>\n<div>\n<p>Professor<br \/>Phd University of Pittsburgh<\/p>\n<p><em>Early Modern Latin American literature<\/p>\n<p><\/em><\/p>\n<\/div>\n<div><\/div>\n<div><\/div>\n<div><\/div>\n<div><em>Office<\/em>:<em>\u00a0<\/em>Queens Hall\u00a0100B<br \/><em>Voice<\/em>:718-997-5663<br \/><em>Fax<\/em>:718-997-5669<br \/><em>Email<\/em>:\u00a0<a href=\"mailto:mariana.zinni@qc.cuny.edu\">mariana.zinni@qc.cuny.edu<\/a><\/div>\n<\/div>\n<div>\n<div>\u00a0<\/div>\n<\/div>\n<p>[\/et_pb_text][et_pb_text admin_label=&#8221;Fernandez&#8221; _builder_version=&#8221;4.22.1&#8243; _module_preset=&#8221;default&#8221; global_colors_info=&#8221;{}&#8221;]<\/p>\n<p><strong><img decoding=\"async\" class=\"wp-image-8501 size-thumbnail alignright lazyload\" data-src=\"https:\/\/www.qc.cuny.edu\/academics\/hll\/wp-content\/uploads\/sites\/82\/2022\/04\/alvaro-150x110.jpg\" alt=\"\" width=\"150\" height=\"110\" src=\"data:image\/svg+xml;base64,PHN2ZyB3aWR0aD0iMSIgaGVpZ2h0PSIxIiB4bWxucz0iaHR0cDovL3d3dy53My5vcmcvMjAwMC9zdmciPjwvc3ZnPg==\" style=\"--smush-placeholder-width: 150px; --smush-placeholder-aspect-ratio: 150\/110;\" \/><a href=\"https:\/\/www.qc.cuny.edu\/academics\/hll\/alvaro-fernandez\">\u00c1lvaro Fern\u00e1ndez<\/a><\/strong><br \/>Associate Professor<br \/>PhD, Stony Brook University<\/p>\n<p><em>Contemporary Spanish Literature &amp; Cinema<br \/>Latin American politics in cultural productions<\/em><\/p>\n<p><em>Office<\/em>:<em>\u00a0<\/em>Queens Hall 105J<br \/><em>Voice<\/em>: 718-997-5332<br \/><em>Fax<\/em>: 718-997-5669<br \/><em>Email<\/em>:\u00a0<a href=\"mailto:alvaro.fernandez@qc.cuny.edu\">alvaro.fernandez@qc.cuny.edu<\/a><\/p>\n<div>\u00a0<\/div>\n<p>[\/et_pb_text][\/et_pb_column][\/et_pb_row][et_pb_row _builder_version=&#8221;4.17.1&#8243; _module_preset=&#8221;default&#8221; global_colors_info=&#8221;{}&#8221;][et_pb_column type=&#8221;4_4&#8243; _builder_version=&#8221;4.17.1&#8243; _module_preset=&#8221;default&#8221; global_colors_info=&#8221;{}&#8221;][dsm_text_divider header=&#8221;Faculty Emeritus&#8221; color=&#8221;#E71939&#8243; admin_label=&#8221;Emeritus Divider&#8221; _builder_version=&#8221;4.22.1&#8243; _module_preset=&#8221;default&#8221; global_colors_info=&#8221;{}&#8221;][\/dsm_text_divider][\/et_pb_column][\/et_pb_row][et_pb_row column_structure=&#8221;1_2,1_2&#8243; _builder_version=&#8221;4.17.4&#8243; _module_preset=&#8221;default&#8221; global_colors_info=&#8221;{}&#8221;][et_pb_column type=&#8221;1_2&#8243; _builder_version=&#8221;4.17.1&#8243; _module_preset=&#8221;default&#8221; global_colors_info=&#8221;{}&#8221;][et_pb_text admin_label=&#8221;Casco&#8221; _builder_version=&#8221;4.22.1&#8243; _module_preset=&#8221;default&#8221; global_colors_info=&#8221;{}&#8221;]<\/p>\n<p><strong>M\u00f3nica Casco<\/strong><br \/><em>Email<\/em>:\u00a0<a href=\"mailto:monica.casco@qc.cuny.edu\">monica.casco@qc.cuny.edu<\/a><strong><br \/><\/strong><\/p>\n<div>\u00a0<\/div>\n<p>[\/et_pb_text][et_pb_text admin_label=&#8221;Llorens&#8221; _builder_version=&#8221;4.22.1&#8243; _module_preset=&#8221;default&#8221; global_colors_info=&#8221;{}&#8221;]<\/p>\n<p><strong>Irma Llorens<\/strong><br \/><em>Email<\/em>:\u00a0<a href=\"mailto:irma.llorens@qc.cuny.edu\">irma.llorens@qc.cuny.edu<\/a><strong><br \/><\/strong><\/p>\n<div>\u00a0<\/div>\n<p>[\/et_pb_text][\/et_pb_column][et_pb_column type=&#8221;1_2&#8243; _builder_version=&#8221;4.17.1&#8243; _module_preset=&#8221;default&#8221; global_colors_info=&#8221;{}&#8221;][et_pb_text admin_label=&#8221;Glickman&#8221; _builder_version=&#8221;4.22.1&#8243; _module_preset=&#8221;default&#8221; global_colors_info=&#8221;{}&#8221;]<\/p>\n<p><strong><img decoding=\"async\" class=\"wp-image-8507 size-thumbnail alignright lazyload\" data-src=\"https:\/\/www.qc.cuny.edu\/academics\/hll\/wp-content\/uploads\/sites\/82\/2022\/04\/nora-150x110.jpg\" alt=\"\" width=\"150\" height=\"110\" src=\"data:image\/svg+xml;base64,PHN2ZyB3aWR0aD0iMSIgaGVpZ2h0PSIxIiB4bWxucz0iaHR0cDovL3d3dy53My5vcmcvMjAwMC9zdmciPjwvc3ZnPg==\" style=\"--smush-placeholder-width: 150px; --smush-placeholder-aspect-ratio: 150\/110;\" \/><a href=\"https:\/\/www.qc.cuny.edu\/academics\/hll\/nora-glickman\">Nora Glickman<\/a><\/strong><br \/><em>Email<\/em>:\u00a0<br \/><a href=\"mailto:nora.glickman@qc.cuny.edu\">nora.glickman@qc.cuny.edu<\/a><\/p>\n<div>\u00a0<\/div>\n<p>[\/et_pb_text][et_pb_text admin_label=&#8221;Pena&#8221; _builder_version=&#8221;4.27.4&#8243; _module_preset=&#8221;default&#8221; global_colors_info=&#8221;{}&#8221;]<\/p>\n<div><strong><img decoding=\"async\" class=\"wp-image-8503 size-thumbnail alignright lazyload\" data-src=\"https:\/\/www.qc.cuny.edu\/academics\/hll\/wp-content\/uploads\/sites\/82\/2022\/04\/beatriz-150x110.jpg\" alt=\"\" width=\"150\" height=\"110\" src=\"data:image\/svg+xml;base64,PHN2ZyB3aWR0aD0iMSIgaGVpZ2h0PSIxIiB4bWxucz0iaHR0cDovL3d3dy53My5vcmcvMjAwMC9zdmciPjwvc3ZnPg==\" style=\"--smush-placeholder-width: 150px; --smush-placeholder-aspect-ratio: 150\/110;\" \/><a href=\"https:\/\/www.qc.cuny.edu\/academics\/hll\/beatriz-carolina-pena\">Beatriz Carolina Pe\u00f1a<\/a><br \/><\/strong><em>Email<\/em>:\u00a0<a href=\"mailto:beatriz.pena@qc.cuny.edu\">beatriz.pena@qc.cuny.edu<\/a><\/div>\n<p>[\/et_pb_text][\/et_pb_column][\/et_pb_row][et_pb_row _builder_version=&#8221;4.17.1&#8243; _module_preset=&#8221;default&#8221; global_colors_info=&#8221;{}&#8221;][et_pb_column type=&#8221;4_4&#8243; _builder_version=&#8221;4.17.1&#8243; _module_preset=&#8221;default&#8221; global_colors_info=&#8221;{}&#8221;][dsm_text_divider header=&#8221;Part-Time Faculty&#8221; color=&#8221;#E71939&#8243; admin_label=&#8221;Adjunct Divider&#8221; _builder_version=&#8221;4.22.1&#8243; _module_preset=&#8221;default&#8221; global_colors_info=&#8221;{}&#8221;][\/dsm_text_divider][et_pb_text disabled_on=&#8221;on|on|on&#8221; _builder_version=&#8221;4.17.1&#8243; _module_preset=&#8221;default&#8221; disabled=&#8221;on&#8221; global_colors_info=&#8221;{}&#8221;]<\/p>\n<table style=\"border-collapse: collapse;width: 100%;height: 460px\" border=\"1\">\n<tbody>\n<tr style=\"height: 23px\">\n<td style=\"width: 33.3333%;height: 23px\"><strong>Maria del Roc\u00edo\u00a0Carranza Brito<\/strong><\/td>\n<td style=\"width: 33.3333%;height: 23px\">Adjunct Lecturer<\/td>\n<td style=\"width: 33.3333%;height: 23px\"><a href=\"mailto:maria.carranza@qc.cuny.edu\">maria.carranza@qc.cuny.edu<\/a><\/td>\n<\/tr>\n<tr style=\"height: 23px\">\n<td style=\"width: 33.3333%;height: 23px\"><strong>Priscilla\u00a0Chen<\/strong><strong><br \/><\/strong><\/td>\n<td style=\"width: 33.3333%;height: 23px\">Adjunct Lecturer<\/td>\n<td style=\"width: 33.3333%;height: 23px\"><a href=\"mailto:priscilla.chen@qc.cuny.edu\">priscilla.chen@qc.cuny.edu<\/a><\/td>\n<\/tr>\n<tr style=\"height: 23px\">\n<td style=\"width: 33.3333%;height: 23px\"><strong>Catarina Cordeiro<\/strong><\/td>\n<td style=\"width: 33.3333%;height: 23px\">Adjunct Lecturer<\/td>\n<td style=\"width: 33.3333%;height: 23px\"><a href=\"mailto:catherine.cordeiro@qc.cuny.edu\">catherine.cordeiro@qc.cuny.edu<\/a><\/td>\n<\/tr>\n<tr style=\"height: 23px\">\n<td style=\"width: 33.3333%;height: 23px\"><strong>Jabri Dionisio<\/strong><\/td>\n<td style=\"width: 33.3333%;height: 23px\">Adjunct Lecturer<\/td>\n<td style=\"width: 33.3333%;height: 23px\"><a href=\"mailto:jabri.dionisio@qc.cuny.edu\">jabri.dionisio@qc.cuny.edu<\/a><\/td>\n<\/tr>\n<tr style=\"height: 23px\">\n<td style=\"width: 33.3333%;height: 23px\"><strong>Rosanna Esqu\u00e9n<\/strong><strong><br \/><\/strong><\/td>\n<td style=\"width: 33.3333%;height: 23px\">Adjunct Lecturer<\/td>\n<td style=\"width: 33.3333%;height: 23px\"><a href=\"mailto:rosanna.esquen@qc.cuny.edu\">rosanna.esquen@qc.cuny.edu<\/a><\/td>\n<\/tr>\n<tr style=\"height: 23px\">\n<td style=\"width: 33.3333%;height: 23px\"><strong>Ingrid\u00a0G\u00f3mez<\/strong><strong><br \/><\/strong><\/td>\n<td style=\"width: 33.3333%;height: 23px\">Adjunct Lecturer<\/td>\n<td style=\"width: 33.3333%;height: 23px\"><a href=\"mailto:ingrid.gomez@qc.cuny.edu\">ingrid.gomez@qc.cuny.edu<\/a><\/td>\n<\/tr>\n<tr style=\"height: 23px\">\n<td style=\"width: 33.3333%;height: 23px\"><strong class=\"ms-rteThemeForeColor-2-5\">Idalina Keller<\/strong><strong><br \/><\/strong><\/td>\n<td style=\"width: 33.3333%;height: 23px\">Adjunct\u00a0Lecturer &#8211; Portuguese<\/td>\n<td style=\"width: 33.3333%;height: 23px\"><a href=\"mailto:idalina.keller@qc.cuny.edu\">idalina.keller@qc.cuny.edu<\/a><\/td>\n<\/tr>\n<tr style=\"height: 23px\">\n<td style=\"width: 33.3333%;height: 23px\"><strong class=\"ms-rteThemeForeColor-2-5\">Laura Herrera Liendo<\/strong><strong class=\"ms-rteThemeForeColor-2-5\"><br \/><\/strong><\/td>\n<td style=\"width: 33.3333%;height: 23px\">Adjunct Lecturer<\/td>\n<td style=\"width: 33.3333%;height: 23px\"><a href=\"mailto:laura.herreraliendo@qc.cuny.edu\">laura.herreraliendo@qc.cuny.edu<\/a><\/td>\n<\/tr>\n<tr style=\"height: 23px\">\n<td style=\"width: 33.3333%;height: 23px\"><strong class=\"ms-rteThemeForeColor-2-5\">Nadia Madacsi<\/strong><strong class=\"ms-rteThemeForeColor-2-5\"><br \/><\/strong><\/td>\n<td style=\"width: 33.3333%;height: 23px\">Adjunct Lecturer<\/td>\n<td style=\"width: 33.3333%;height: 23px\"><a href=\"mailto:nadia.madacsi@qc.cuny.edu\">nadia.madacsi@qc.cuny.edu<\/a><\/td>\n<\/tr>\n<tr style=\"height: 23px\">\n<td style=\"width: 33.3333%;height: 23px\"><strong class=\"ms-rteThemeForeColor-2-5\">Melisa\u00a0Mart\u00ednez Ascanio<\/strong><strong class=\"ms-rteThemeForeColor-2-5\"><br \/><\/strong><\/td>\n<td style=\"width: 33.3333%;height: 23px\">Adjunct Lecturer<\/td>\n<td style=\"width: 33.3333%;height: 23px\"><a href=\"mailto:melisa.martinezascanio72@login.cuny.edu\">melisa.martinezascanio72@login.cuny.edu\u200b<\/a><\/td>\n<\/tr>\n<tr style=\"height: 23px\">\n<td style=\"width: 33.3333%;height: 23px\"><strong class=\"ms-rteThemeForeColor-2-5\">Roberto Elvira\u00a0Mathez<\/strong><strong class=\"ms-rteThemeForeColor-2-5\"><br \/><\/strong><\/td>\n<td style=\"width: 33.3333%;height: 23px\">Adjunct Lecturer<\/td>\n<td style=\"width: 33.3333%;height: 23px\"><a href=\"mailto:roberto.elviramathez@qc.cuny.edu\">roberto.elviramathez@qc.cuny.edu<\/a><\/td>\n<\/tr>\n<tr style=\"height: 23px\">\n<td style=\"width: 33.3333%;height: 23px\"><strong class=\"ms-rteThemeForeColor-2-5\">Maria Milan<\/strong><strong class=\"ms-rteThemeForeColor-2-5\"><br \/><\/strong><\/td>\n<td style=\"width: 33.3333%;height: 23px\">Adjunct Lecturer<\/td>\n<td style=\"width: 33.3333%;height: 23px\"><a href=\"mailto:maria.milan@qc.cuny.edu\">maria.milan@qc.cuny.edu<\/a><\/td>\n<\/tr>\n<tr style=\"height: 23px\">\n<td style=\"width: 33.3333%;height: 23px\"><strong class=\"ms-rteThemeForeColor-2-5\">Pablo Moraga<\/strong><strong class=\"ms-rteThemeForeColor-2-5\"><br \/><\/strong><\/td>\n<td style=\"width: 33.3333%;height: 23px\">Adjunct\u00a0Assistant Professor<\/td>\n<td style=\"width: 33.3333%;height: 23px\"><a href=\"mailto:pablo.moraga@qc.cuny.edu\">pablo.moraga@qc.cuny.edu<\/a><\/td>\n<\/tr>\n<tr style=\"height: 23px\">\n<td style=\"width: 33.3333%;height: 23px\"><strong>Alicia Park<\/strong><strong class=\"ms-rteThemeForeColor-2-5\"><br \/><\/strong><\/td>\n<td style=\"width: 33.3333%;height: 23px\">Adjunct Lecturer<\/td>\n<td style=\"width: 33.3333%;height: 23px\"><a href=\"mailto:alicia.park@qc.cuny.edu\">alicia.park@qc.cuny.edu<\/a><\/td>\n<\/tr>\n<tr style=\"height: 23px\">\n<td style=\"width: 33.3333%;height: 23px\"><b>Eduardo Recinos<\/b><strong><br \/><\/strong><\/td>\n<td style=\"width: 33.3333%;height: 23px\">Adjunct Lecturer<\/td>\n<td style=\"width: 33.3333%;height: 23px\"><a href=\"mailto:eduardo.recinosvasquez@qc.cuny.edu\">eduardo.recinosvasquez@qc.cuny.edu\u200b<\/a><\/td>\n<\/tr>\n<tr style=\"height: 23px\">\n<td style=\"width: 33.3333%;height: 23px\"><b>Rafael S\u00e1nchez G\u00f3mez<\/b><b><br \/><\/b><\/td>\n<td style=\"width: 33.3333%;height: 23px\">Adjunct Lecturer<\/td>\n<td style=\"width: 33.3333%;height: 23px\"><a href=\"mailto:rafael.sanchez@qc.cuny.edu\">rafael.sanchez@qc.cuny.edu<\/a><\/td>\n<\/tr>\n<tr style=\"height: 23px\">\n<td style=\"width: 33.3333%;height: 23px\"><strong>Isabel de Sena<\/strong><b><br \/><\/b><\/td>\n<td style=\"width: 33.3333%;height: 23px\">Adjunct\u00a0Assistant Professor<\/td>\n<td style=\"width: 33.3333%;height: 23px\"><a href=\"mailto:isabel.sena@qc.cuny.edu\">isabel.sena@qc.cuny.edu<\/a><\/td>\n<\/tr>\n<tr style=\"height: 23px\">\n<td style=\"width: 33.3333%;height: 23px\"><strong>Tatiana Schwartz<\/strong><strong><br \/><\/strong><\/td>\n<td style=\"width: 33.3333%;height: 23px\">Adjunct\u00a0Lecturer &#8211;\u00a0Portuguese<\/td>\n<td style=\"width: 33.3333%;height: 23px\"><a href=\"mailto:tatiana.schwartz@qc.cuny.edu\">tatiana.schwartz@qc.cuny.edu<\/a><\/td>\n<\/tr>\n<tr style=\"height: 23px\">\n<td style=\"width: 33.3333%;height: 23px\"><strong>Edgar Ver\u00e1stegui<\/strong><strong><br \/><\/strong><\/td>\n<td style=\"width: 33.3333%;height: 23px\">Adjunct Assistant Professor<\/td>\n<td style=\"width: 33.3333%;height: 23px\"><a href=\"mailto:edgar.verastegui@qc.cuny.edu\">edgar.verastegui@qc.cuny.edu<\/a><\/td>\n<\/tr>\n<tr style=\"height: 23px\">\n<td style=\"width: 33.3333%;height: 23px\"><strong>Mary Aufenanger<\/strong><strong><br \/><\/strong><\/td>\n<td style=\"width: 33.3333%;height: 23px\">Adjunct Lecturer<\/td>\n<td style=\"width: 33.3333%;height: 23px\">\n<div>\n<div><a href=\"mailto:mary.zamudio@qc.cuny.edu\">mary.zamudio@qc.cuny.edu<\/a><\/div>\n<\/div>\n<\/td>\n<\/tr>\n<\/tbody>\n<\/table>\n<p>[\/et_pb_text][DIVI_wpDataTable id=&#8221;25&#8243; admin_label=&#8221;adjunct faculty table&#8221; _builder_version=&#8221;4.22.1&#8243; _module_preset=&#8221;default&#8221; global_colors_info=&#8221;{}&#8221;][\/DIVI_wpDataTable][\/et_pb_column][\/et_pb_row][\/et_pb_section]<\/p>\n","protected":false},"excerpt":{"rendered":"<p><div class=\"et_pb_module dsm_text_divider dsm_text_divider_0\">\n\t\t\t\t\n\t\t\t\t\n\t\t\t\t\n\t\t\t\t\n\t\t\t\t\n\t\t\t\t\n\t\t\t\t<div class=\"et_pb_module_inner\">\n\t\t\t\t\t<div class=\"dsm-text-divider-wrapper dsm-text-divider-align-center et_pb_bg_layout_light\">\n\t\t\t\t\n\t\t\t\t\n\t\t\t\t<div class=\"dsm-text-divider-before dsm-divider\"><\/div>\n\t\t\t\t<h3 class=\"dsm-text-divider-header et_pb_module_header\"><span>Full-Time Faculty<\/span><\/h3>\n\t\t\t\t<div class=\"dsm-text-divider-after dsm-divider\"><\/div>\n\t\t\t<\/div>\n\t\t\t\t<\/div>\n\t\t\t<\/div>Barbara SimerkaDepartment Chair and Professor\u00a0PhD University of Southern California\u00a0 Early modern Spanish literature\u00a0\u00a0Gender and interdisciplinary studies Office:\u00a0Queens Hall\u00a0105GVoice:\u00a0718-997-5628Fax: 718-997-5669Email:\u00a0barbara.simerka@qc.cuny.eduMark HoffAssistant ProfessorPhD The Ohio State University Hispanic and Romance linguistics Office:\u00a0Queens Hall 100CVoice: 718-997-5660Fax: 718-997-5669Email:\u00a0mark.hoff@qc.cuny.edu \u00a0\u00a0 Brais Outes-Le\u00f3nAssociate Professor PhD Yale University Contemporary Latin American literatureOffice:\u00a0Queens Hall\u00a0105E [&hellip;]<\/p>\n","protected":false},"author":105,"featured_media":0,"parent":0,"menu_order":0,"comment_status":"closed","ping_status":"closed","template":"","meta":{"_et_pb_use_builder":"on","_et_pb_old_content":"","_et_gb_content_width":"","inline_featured_image":false,"footnotes":""},"page_category":[],"wf_page_folders":[217],"class_list":["post-8528","page","type-page","status-publish","hentry"],"_links":{"self":[{"href":"https:\/\/www.qc.cuny.edu\/academics\/hll\/wp-json\/wp\/v2\/pages\/8528","targetHints":{"allow":["GET"]}}],"collection":[{"href":"https:\/\/www.qc.cuny.edu\/academics\/hll\/wp-json\/wp\/v2\/pages"}],"about":[{"href":"https:\/\/www.qc.cuny.edu\/academics\/hll\/wp-json\/wp\/v2\/types\/page"}],"author":[{"embeddable":true,"href":"https:\/\/www.qc.cuny.edu\/academics\/hll\/wp-json\/wp\/v2\/users\/105"}],"replies":[{"embeddable":true,"href":"https:\/\/www.qc.cuny.edu\/academics\/hll\/wp-json\/wp\/v2\/comments?post=8528"}],"version-history":[{"count":0,"href":"https:\/\/www.qc.cuny.edu\/academics\/hll\/wp-json\/wp\/v2\/pages\/8528\/revisions"}],"wp:attachment":[{"href":"https:\/\/www.qc.cuny.edu\/academics\/hll\/wp-json\/wp\/v2\/media?parent=8528"}],"wp:term":[{"taxonomy":"page_category","embeddable":true,"href":"https:\/\/www.qc.cuny.edu\/academics\/hll\/wp-json\/wp\/v2\/page_category?post=8528"},{"taxonomy":"wf_page_folders","embeddable":true,"href":"https:\/\/www.qc.cuny.edu\/academics\/hll\/wp-json\/wp\/v2\/wf_page_folders?post=8528"}],"curies":[{"name":"wp","href":"https:\/\/api.w.org\/{rel}","templated":true}]}}