{"id":3750,"date":"2022-05-12T13:02:26","date_gmt":"2022-05-12T17:02:26","guid":{"rendered":"http:\/\/149.4.100.129\/academics\/sees\/?page_id=3750"},"modified":"2025-08-14T14:37:54","modified_gmt":"2025-08-14T18:37:54","slug":"faculty-research-cecilia-mchugh","status":"publish","type":"page","link":"https:\/\/www.qc.cuny.edu\/academics\/sees\/faculty-research-cecilia-mchugh\/","title":{"rendered":"Cecilia M. McHugh"},"content":{"rendered":"<p>[et_pb_section fb_built=&#8221;1&#8243; admin_label=&#8221;section&#8221; _builder_version=&#8221;4.16&#8243; global_colors_info=&#8221;{}&#8221;][et_pb_row column_structure=&#8221;2_3,1_3&#8243; _builder_version=&#8221;4.17.3&#8243; _module_preset=&#8221;default&#8221; global_colors_info=&#8221;{}&#8221;][et_pb_column type=&#8221;2_3&#8243; _builder_version=&#8221;4.17.0&#8243; _module_preset=&#8221;default&#8221; global_colors_info=&#8221;{}&#8221;][et_pb_image src=&#8221;https:\/\/www.qc.cuny.edu\/academics\/sees\/wp-content\/uploads\/sites\/124\/2022\/08\/My-project-2-300&#215;300.jpg&#8221; alt=&#8221;Cecilia M. McHugh&#8221; title_text=&#8221;My project (2)&#8221; align=&#8221;center&#8221; _builder_version=&#8221;4.22.2&#8243; _module_preset=&#8221;default&#8221; hover_enabled=&#8221;0&#8243; border_width_all=&#8221;1px&#8221; border_color_all=&#8221;#000000&#8243; box_shadow_style=&#8221;preset2&#8243; global_colors_info=&#8221;{}&#8221; sticky_enabled=&#8221;0&#8243;][\/et_pb_image][et_pb_text _builder_version=&#8221;4.27.4&#8243; _module_preset=&#8221;default&#8221; text_font=&#8221;Open Sans||||||||&#8221; text_font_size=&#8221;16px&#8221; header_4_font=&#8221;Open Sans|600|||on||||&#8221; header_4_text_color=&#8221;#E71939&#8243; text_orientation=&#8221;center&#8221; hover_enabled=&#8221;0&#8243; global_colors_info=&#8221;{}&#8221; sticky_enabled=&#8221;0&#8243;]<\/p>\n<h4>Cecilia M. McHugh<\/h4>\n<p><strong>Distinguished Professor<\/strong><br \/>Marine Geology and Sedimentology<\/p>\n<p>Science Building, Room E 202<br \/>Phone: 718-997-3322<br \/><a href=\"mailto:Cecilia.Mchugh@qc.cuny.edu\">Cecilia.Mchugh@qc.cuny.edu<\/a><\/p>\n<p>[\/et_pb_text][et_pb_text ul_position=&#8221;inside&#8221; _builder_version=&#8221;4.17.6&#8243; _module_preset=&#8221;default&#8221; text_font=&#8221;Open Sans||||||||&#8221; text_font_size=&#8221;16px&#8221; header_4_font=&#8221;Open Sans|600|||on||||&#8221; header_4_text_color=&#8221;#E71939&#8243; hover_enabled=&#8221;0&#8243; global_colors_info=&#8221;{}&#8221; sticky_enabled=&#8221;0&#8243;]<\/p>\n<h4 style=\"text-align: justify\">Research Interests<\/h4>\n<p style=\"text-align: justify\">The catastrophic earthquakes and tsunamis in Sumatra, 2004; Haiti, 2010; Chile 2010 and Japan 2011 heightened public awareness to these natural hazards and of their consequence for the heavily populated coastal regions of the world. Large earthquakes and tsunamis associated to tectonic plate boundaries cause devastating loss of life and property. As part of the International Ocean Discovery Program, McHugh together with collaborators from Europe and Japan have been scheduled to drill in the Japan Trench to study earthquakes and tsunamis. Many student opportunities will occur as a result of this international expedition scheduled for 2020. We are developing new methodologies in submarine paleoseismology to document historical and prehistorical earthquakes to help improve geohazards assessment. We use high-resolution geophysical instruments (sidescan sonar, multibeam bathymetry, subbottom profiles) and sediment sampling (long piston and gravity cores, multicores, dredges) to study the seafloor and subbottom layers. Students McCain Moore and Elissa Olivera have studied the 2011 Japan earthquake and tsunami. Jessica Dutton, Adina Hakimian and Nicole Braudy studied earthquake event deposits in the North Anatolia Fault in the Marmara Sea Turkey, El Pilar Fault in Cariaco Basin, Venezuela, the floor of the Mediterranean Sea associated to the Calabrian Ridge plate boundary, and were part of an NSF RAPID RESPONSE to study the 2010 Haiti earthquake and tsunami only two weeks after it occurred.\u00a0Opportunities exist to continue these studies in the Caribbean and Mediterranean Seas.<\/p>\n<p style=\"text-align: justify\">Other ongoing research projects investigate a paleoclimatic and paleoceanographic signal from sediments recovered in smaller basins such as the Marmara Sea and Black Sea, Turkey. The reconnections of these marginal basins to the world&#8217;s ocean after the Late Pleistocene glaciations can track global sea-level rise due to the dramatic sedimentation changes and complete replacement in the fauna and flora that occurs as these basins change from lacustrine to marine settings. Damayanti Gurung completed a Ph.D. as part of this project and opportunities are available for students in these fields.<\/p>\n<p style=\"text-align: justify\">Closer to home we are studying Long Island Sound and Sandy Hook Bay, highly urbanized estuaries that have been severely impacted by anthropogenic activities. Elana Klein (PhD), Alexandrea Bowman, Andrea Balbas, Edwige Lauture (MA), Michael Delegatti (MA) and Adam Kaiser are measuring grain size variability, heavy metals, organic matter concentrations, and interpreting the abundances in terms of coastal and estuarine processes.\u00a0This program has been funded until 2019 and likely for two more years for studying Western Long Island Sound.<\/p>\n<p style=\"text-align: justify\">Long-term research includes 5 Ocean Drilling Legs, Alvin Dives, and oceanographic cruises to Western Australia, Canterbury Basin offshore New Zealand and New Jersey Continental Margins to study paleoceanography such as the initiation of monsoon in the Indian Ocean and the consequences of global sea level change. These studies have provided insights into climate change. Robert Applebaum (PhD), Corinne Hartin, Helene Gould, Jessica Bong, Prasala Tuladhar, and Jaswinder Kaur are involved in these ongoing studies.<\/p>\n<p style=\"text-align: justify\">Recent research is focusing on Bangladesh. A country where seismic risk is high, fluvial processes mighty, and where ~160 million people inhabit at or near coastal zones. An international, multinstitutional program is being implemented to study tectonics, seismic risk and fluvial processes of the mighty Ganges-Brahmaputra fluvial system. Ph.D. student Dhiman Mondal and MA Sharif Mustaque, discovered that an M8.5 earthquake and tsunami occurred in 1762 and documented coastal sedimentation in SE Bangladesh. Opportunities to become involved in this program are open to both graduate and undergraduate students. Please contact C. McHugh for this purpose.<\/p>\n<p>[\/et_pb_text][et_pb_text ul_position=&#8221;inside&#8221; _builder_version=&#8221;4.27.4&#8243; _module_preset=&#8221;default&#8221; text_font=&#8221;Open Sans||||||||&#8221; text_font_size=&#8221;16px&#8221; header_4_font=&#8221;Open Sans|600|||on||||&#8221; header_4_text_color=&#8221;#E71939&#8243; hover_enabled=&#8221;0&#8243; global_colors_info=&#8221;{}&#8221; sticky_enabled=&#8221;0&#8243;]<\/p>\n<h4 style=\"text-align: justify\">Teaching Philosophy and Interests<\/h4>\n<p style=\"text-align: justify\">Teaching at Queens College and The City University of New York is a great experience due to the diverse student population. Having immigrated to New York City from Buenos Aires, Argentina after high school and without speaking the language, the most important message I give my students is, &#8220;set a goal, something that you truly like, and go for it!&#8221; It can be done! There are many opportunities for studies in the Earth and Environmental Sciences, which is a critical and needed field given how man is affecting our planet today.<\/p>\n<p>&nbsp;<\/p>\n<h4>Additional Websites and Links<\/h4>\n<ul>\n<li><a href=\"https:\/\/scholar.google.com\/citations?user=tW9u6gcAAAAJ&amp;hl=en\" target=\"_blank\" rel=\"noopener\">Google Scholar : Cecilia M. McHugh<\/a><\/li>\n<\/ul>\n<p>[\/et_pb_text][et_pb_text ul_position=&#8221;inside&#8221; disabled_on=&#8221;on|on|on&#8221; _builder_version=&#8221;4.21.0&#8243; _module_preset=&#8221;default&#8221; text_font=&#8221;Open Sans||||||||&#8221; text_font_size=&#8221;16px&#8221; header_4_font=&#8221;Open Sans|600|||on||||&#8221; header_4_text_color=&#8221;#E71939&#8243; disabled=&#8221;on&#8221; global_colors_info=&#8221;{}&#8221;]<\/p>\n<div>\n<h4>Courses taught<\/h4>\n<p><strong>Undergraduate<\/strong><\/p>\n<ul>\n<li>GEOL 8: Oceanography<\/li>\n<li>GEOL 216: Dynamics of the Oceans and Atmospheres<\/li>\n<\/ul>\n<p><strong>Graduate<\/strong><\/p>\n<ul>\n<li>GEOL 747:\u00a0Coastal and Estuarine Processes<\/li>\n<li>GEOL 780: Marine Geology<\/li>\n<\/ul>\n<\/div>\n<p>[\/et_pb_text][et_pb_text ul_position=&#8221;inside&#8221; disabled_on=&#8221;on|on|on&#8221; _builder_version=&#8221;4.21.0&#8243; _module_preset=&#8221;default&#8221; text_font=&#8221;Open Sans||||||||&#8221; text_font_size=&#8221;16px&#8221; header_4_font=&#8221;Open Sans|600|||on||||&#8221; header_4_text_color=&#8221;#E71939&#8243; disabled=&#8221;on&#8221; global_colors_info=&#8221;{}&#8221;]<\/p>\n<p><strong><u>Publications<\/u><\/strong><\/p>\n<p><em style=\"font-size: 13.3333px\">*Student<\/em><\/p>\n<p style=\"margin-left: 0.5in;text-indent: -0.5in\">*Ishiwa, T., Yokoyama, Y., Reuning, L<strong><u>., McHugh, C.,<\/u><\/strong>De Vleeschouwer, D., (in final review). Australia summer monsoon variability in the past 14,000 years revealed by IODP Expedition 356 sediments. <em>Progress in Earth and Planetary Science<\/em>(PEPS-D-18-00080).<\/p>\n<p style=\"margin-left: 0.5in;text-indent: -0.5in\">*Kioka, A., Schwestermann, T., Moernaut, J., Ikehara, K., Kanamatsu, T., <strong><u>McHugh, C. M.,<\/u><\/strong>dos Santos Ferreira, C., Wiemer, G., Haghipour, N., Kopf, A. J., Eglinton, T. I., Strasser, M., (in final review). Megathrust earthquake drives drastic organic carbon supply into the hadal trench. <em>Scientific Reports (SREP18-2232-T<\/em>).<\/p>\n<p style=\"margin-left: 0.5in;text-indent: -0.5in\">*Tagliaro, G., Fulthorpe, C. S., Gallagher, S. J., <strong><u>McHugh, C. M<\/u><\/strong>., Kominz, M., Lavier, L. L., 2018. Neogene siliciclastic deposition and climate variability on a carbonate margin: Australia Northwest Shelf. <em>Marine Geology 403:285-300. <\/em><a href=\"https:\/\/doi.org\/10.1016\/j.margeo.2018.06.007\" target=\"_blank\" rel=\"noopener\">https:\/\/doi.org\/10.1016\/j.margeo.2018.06.007<\/a><\/p>\n<p style=\"margin-left: 0.5in;text-indent: -0.5in\">*Mondal, D., <strong><u>McHugh, C.M<\/u><\/strong>., Mortlock, R., Steckler, M., Mustaque, S. 2018. Microatolls document the 1762 and prior earthquakes along the southeast coast of Bangladesh. <em>Tectonophysics<\/em>. doi:1016\/j.tecto.2018.07.020<\/p>\n<p style=\"margin-left: 0.5in;text-indent: -0.5in\">*Usami, K., Ikehara, K. Kanamatsu, T.,\u00a0<strong><u>McHugh, C<\/u><\/strong><u>. <\/u>Supercycle in great earthquake recurrence along the Japan Trench over the last 4000 years.\u00a0<em>Geoscience Letters <\/em>5(11), pg. 1-12 https:\/\/doi.org\/10.1186\/s40562-018-0110-2<\/p>\n<p style=\"margin-left: 0.5in;text-indent: -0.5in\"><strong><u>McHugh, C.M<\/u><\/strong>., Fulthorpe, C. S., Hoyanagi, K., Blum. P., Mountain, G.S., Miller, K.G., 2017. The sedimentary imprint of Pleistocene glacio-eustasy: Implications for global correlations of seismic sequences.\u00a0<em>Geosphere<\/em>, v. 14, no 1, p 1-21. DOI:10.1130\/GES01569.1<\/p>\n<p style=\"margin-left: 0.5in;text-indent: -0.5in\">Kanamatsu, T., Usami, K.,\u00a0<strong><u>McHugh, C.M.,<\/u><\/strong>Ikehara, K., 2017. High-resolution chronology of sediment below CCD based on Holocene paleomagnetic secular variations in the Tohoku-oki earthquake rupture zone. 2017.\u00a0<em>Geochemistry Geophysics Geosystems\u00a0<\/em>18, p 1-13. Doi:10.1002\/2017GC006878<\/p>\n<p style=\"margin-left: 0.5in;text-indent: -0.5in\">Christensen, B.A., Renema, W., Henderiks, J., De Vleeschouwer, D., Groenveld, J., Castaneda, I., Reuning, L., Bogus, K., Auer, G., Ishiwa, T.,\u00a0<strong><u>McHugh, C.M<\/u><\/strong><u>., <\/u>Gallagher, S. J., Fulthorpe, C.S., and IODP Expedition 356 Scientists, 2017. Indonesian Throughflow drove Australian climate from humid Pliocene to arid Pleistocene.\u00a0<em>Geophysical Research Letters <\/em>44, p, 6914-6925. Doi:10.1002\/2017GL072977.<\/p>\n<p style=\"margin-left: 0.5in;text-indent: -0.5in\">Groeneveld, J., Henderiks, J., Renema, W.,\u00a0<strong><u>McHugh, C.M.<\/u><\/strong><u>, <\/u>DeVleeschouwer, D., Christensen, B.A., Fulthorpe, C.S., Reuning, L., Gallagher, S.J., Bogus, K., Auer, G., Ishiwa, T., and Expedition 356 Scientists. 2017. Australian shelf sediments reveal shifts in Miocene Southern Hemisphere Westerlies.\u00a0<em>Science Adv<\/em>ances: vol. 3, no. 5,<em>e1602567,\u00a0<\/em>DOI: 10.1126\/sciadv.1602567<\/p>\n<p style=\"margin-left: 0.5in;text-indent: -0.5in\"><strong><u>McHugh, C.M., <\/u><\/strong>Kanamatsu, T., Seeber, L., Bopp, R., Cormier, M.-H., Usami, K., 2016. Remobilization of surficial slope sediment triggered by the A.D. 2011 M<sub>w<\/sub>9 Tohoku-Oki earthquake and tsunami along the Japan Trench.\u00a0<em>Geology 44(5), 391-394.\u00a0<\/em>doi:10.1130\/G37650.<\/p>\n<p style=\"margin-left: 0.5in;text-indent: -0.5in\"><strong><u>McHugh, C. M., <\/u><\/strong>Strasser, M., Cattaneo, A., Ikehara, K., 2016. Submarine Paleoseismology: Using Giant Piston Coring within IODP to fill the gap in the Long-term Records of Great Earthquakes. Ocean Discovery,\u00a0<em>The US Scientific Ocean Drilling Community Newsletter<\/em>, Spring 2016, pgs. 4-5.<\/p>\n<p style=\"margin-left: 0.5in;text-indent: -0.5in\">*Wright, V. D., Hornbach, M. J.,\u00a0<strong><u>McHugh, C<\/u>., <\/strong>Mann, P. 2015. Factors contributing to the 2005-Present, rapid rise in lake levels, Dominican Republic and Haiti (Hispaniola).\u00a0<em>Natural Resources <\/em>vol 6, No. 8. DOI:10.4236\/nr.2015.68045<\/p>\n<p style=\"margin-left: 0.5in;text-indent: -0.5in\">Strasser, M., Cattaneo, A., Ikehara, K.,\u00a0<strong><u>McHugh, C.M., <\/u><\/strong>2015. Submarine Paleoseismology\u00a0: Using giant-piston coring within IODP to fill the gap in long-term records of great earthquakes \u2013 16-18 July 2015, Zurich (Switzerland).\u00a0<em>ECORD Newsletter<\/em>, 25: 24.<\/p>\n<p style=\"margin-left: 0.5in;text-indent: -0.5in\"><strong><u>McHugh, C.M<\/u><\/strong><strong>., <\/strong>Seeber, M.-H. Cormier, M. Hornbach, 2014. Submarine Paleoseismology along Populated Transform Boundaries: The Enriquillo-Plantain-Garden Fault, Canal du Sud, Haiti, and the North Anatolian Fault, Marmara Sea, Turkey. Oceanography Special Issue on Submarine Natural Hazards. <em>Oceanography <\/em>27(2), p. 118-131.<\/p>\n<p style=\"margin-left: 0.5in;text-indent: -0.5in\"><strong><u>McHugh, C.M.G<\/u><\/strong>., Braudy, N., \u00c7a\u011fatay, M. N., Sorlien, C., Cormier, M.-H., Seeber, L., Henry, P., 2014. Seafloor ruptures along the North Anatolia Fault in the Marmara Sea, Turkey: Link with the adjacent basin turbidite record.\u00a0<em>Marine Geology <\/em>353, p. 65-83.<\/p>\n<p style=\"margin-left: 0.5in;text-indent: -0.5in\"><strong><u>McHugh, C.M<\/u><\/strong><u>., <\/u>Seeber, L., \u00c7a\u011fatay, N., Henry, P., Sorlien, C., Steckler, M., U\u00e7arku\u015f, G., 2012. Tectonic Hazards along Continental Transform Boundaries \u201cAn Integrated Ocean Drilling Program Marmara-Trans Workshop on Continental Transform Boundaries: Tectonic Evolution and Geohazards .\u00a0<em>Integrated Ocean Drilling Program Scientific Drilling Journal No. 13\u00a0<\/em>Pages 60-64.<\/p>\n<p style=\"margin-left: 0.5in;text-indent: -0.5in\">Shillington, D.J., Seeber, L., Sorlien, C.C., Steckler, M.S., Kurt, H., Dondurur, D., Cifici, G., Cormier, M.-H.,\u00a0<strong><u>McHugh, C.M.G<\/u>., <\/strong>Gurcay, S., Poyraz, D., Okay, S., Atgin, O., Diebold, J. B., 2012. Evidence for widespread creep on the flanks of the Sea of Marmara Transform basin from marine geophysical data.\u00a0<em>Geology <\/em>40, p 439-442.<\/p>\n<p style=\"margin-left: 0.5in;text-indent: -0.5in\"><strong><u>McHugh, C.M<\/u><\/strong>., Seeber, L., 2011. Studying tectonic hazards along continental transform boundaries<em>. EOS Transactions American Geophysical Union<\/em>, V. 92, No. 48, p. 444.<\/p>\n<p style=\"margin-left: 0.5in;text-indent: -0.5in\"><strong><u>McHugh, C.,<\/u><\/strong>Seeber, L., Braudy, N., Cormier, M.-H., Davis, M., Dieudonn\u00e9, N., Deming, J., Diebold, J., Douilly, R., Gulick, S., Hornbach, M., Johnson, H., Mishkin, K., Sorlien, C., Steckler, M., Symithe, S., Templeton, J., 2011. Offshore sedimentary effects of the 12 January Haiti earthquake. <em>Geology 39, 8, 723-726. doi:10.1130\/G31815.1<\/em><\/p>\n<p style=\"margin-left: 0.5in;text-indent: -0.5in\">*Hornbach, M.J., N. Braudy, R.W. Briggs, M.H. Cormier, M.B. Davis, J.B. Diebold, N. Dieudonn\u00e9, R. Douilly, C. Frohlich, S.P.S. Gulick, H.E. Johnson, P. Mann, <strong><u>M. G. McHugh,<\/u><\/strong>K. Mishkin, C.S. Prentice, L. Seeber, C.C. Sorlien, M.S. Steckler. S.J. Symithe, F.W. Taylor, J. Templeton, 2010. High tsunami frequency as a result of combined strike-slip faulting and coastal landslides, <em>Nature Geoscience, 3<\/em>, 783-788.<\/p>\n<p>[\/et_pb_text][\/et_pb_column][et_pb_column type=&#8221;1_3&#8243; _builder_version=&#8221;4.17.1&#8243; _module_preset=&#8221;default&#8221; custom_padding=&#8221;|||20px|false|false&#8221; custom_padding_tablet=&#8221;20px|||0px|false|false&#8221; custom_padding_phone=&#8221;20px|||0px|false|false&#8221; custom_padding_last_edited=&#8221;on|desktop&#8221; border_width_left=&#8221;1px&#8221; border_width_top_tablet=&#8221;1px&#8221; border_width_top_phone=&#8221;1px&#8221; border_width_top_last_edited=&#8221;on|desktop&#8221; border_width_left_tablet=&#8221;0px&#8221; border_width_left_phone=&#8221;0px&#8221; border_width_left_last_edited=&#8221;on|desktop&#8221; global_colors_info=&#8221;{}&#8221;][et_pb_text _builder_version=&#8221;4.27.4&#8243; _module_preset=&#8221;default&#8221; text_font=&#8221;Open Sans||||||||&#8221; text_font_size=&#8221;16px&#8221; header_4_font=&#8221;Open Sans|600|||on||||&#8221; header_4_text_color=&#8221;#E71939&#8243; locked=&#8221;off&#8221; global_colors_info=&#8221;{}&#8221;]<\/p>\n<h4>Faculty Listing<\/h4>\n<p><a href=\"https:\/\/www.qc.cuny.edu\/academics\/sees\/faculty-research-stephen-pekar\">Stephen Pekar<\/a><br \/><a href=\"https:\/\/www.qc.cuny.edu\/academics\/sees\/faculty-research-jeffrey-bird\/\">Jeffrey Bird<\/a><br \/><a href=\"https:\/\/www.qc.cuny.edu\/academics\/sees\/faculty-research-william-blanford\">William J. Blanford<\/a><br \/><a href=\"https:\/\/www.qc.cuny.edu\/academics\/sees\/faculty-research-jacquelyn-bracco\">Jacquelyn Bracco<\/a><br \/><a href=\"https:\/\/www.qc.cuny.edu\/academics\/sees\/faculty-research-timothy-eaton\">Timothy Eaton<\/a><br \/><a href=\"https:\/\/www.qc.cuny.edu\/academics\/sees\/faculty-research-dianne-greenfield\">Dianne I. Greenfield<\/a><br \/><a href=\"https:\/\/www.qc.cuny.edu\/academics\/sees\/faculty-research-marc-antoine-longpre\">Marc-Antoine Longpre<\/a><br \/><a href=\"https:\/\/www.qc.cuny.edu\/academics\/sees\/alia-lesnek\/\">Alia Lesnek<\/a><br \/><a href=\"https:\/\/www.qc.cuny.edu\/academics\/sees\/faculty-research-cecilia-mchugh\">Cecilia M. McHugh<\/a><br \/><a href=\"https:\/\/www.qc.cuny.edu\/academics\/sees\/faculty-research-gregory-omullan\">Gregory O&#8217;Mullan<\/a><br \/><a href=\"https:\/\/www.qc.cuny.edu\/academics\/sees\/faculty-research-dax-soule\">Dax Soule<\/a><br \/><a href=\"https:\/\/www.qc.cuny.edu\/academics\/sees\/faculty-research-gillian-stewart\">Gillian Stewart<\/a><br \/><a href=\"https:\/\/www.qc.cuny.edu\/academics\/sees\/pedro-val\/\">Pedro Val<\/a><a href=\"https:\/\/www.qc.cuny.edu\/academics\/sees\/faculty-research-chuixiang-yi\"><br \/><\/a><a href=\"https:\/\/www.qc.cuny.edu\/academics\/sees\/faculty-research-chuixiang-yi\">Chuixiang Yi<\/a><br \/><a href=\"https:\/\/www.qc.cuny.edu\/academics\/sees\/christine-ramadhin\/\" target=\"_blank\" rel=\"noopener\">Christine Ramadhin<\/a><br \/><a href=\"https:\/\/www.qc.cuny.edu\/academics\/sees\/faculty-research-dara-laczniak\/\" target=\"_blank\" rel=\"noopener\">Dara Laczniak<\/a><\/p>\n<p>&nbsp;<\/p>\n<p>&nbsp;<\/p>\n<p>&nbsp;<\/p>\n<p>[\/et_pb_text][\/et_pb_column][\/et_pb_row][\/et_pb_section]<\/p>\n","protected":false},"excerpt":{"rendered":"<p>Cecilia M. McHugh Distinguished ProfessorMarine Geology and Sedimentology Science Building, Room E 202Phone: 718-997-3322Cecilia.Mchugh@qc.cuny.eduResearch Interests The catastrophic earthquakes and tsunamis in Sumatra, 2004; Haiti, 2010; Chile 2010 and Japan 2011 heightened public awareness to these natural hazards and of their consequence for the heavily populated coastal regions of the world. Large earthquakes and tsunamis associated [&hellip;]<\/p>\n","protected":false},"author":2,"featured_media":0,"parent":0,"menu_order":0,"comment_status":"closed","ping_status":"closed","template":"","meta":{"_et_pb_use_builder":"on","_et_pb_old_content":"","_et_gb_content_width":"","inline_featured_image":false,"footnotes":""},"page_category":[],"wf_page_folders":[],"class_list":["post-3750","page","type-page","status-publish","hentry"],"_links":{"self":[{"href":"https:\/\/www.qc.cuny.edu\/academics\/sees\/wp-json\/wp\/v2\/pages\/3750","targetHints":{"allow":["GET"]}}],"collection":[{"href":"https:\/\/www.qc.cuny.edu\/academics\/sees\/wp-json\/wp\/v2\/pages"}],"about":[{"href":"https:\/\/www.qc.cuny.edu\/academics\/sees\/wp-json\/wp\/v2\/types\/page"}],"author":[{"embeddable":true,"href":"https:\/\/www.qc.cuny.edu\/academics\/sees\/wp-json\/wp\/v2\/users\/2"}],"replies":[{"embeddable":true,"href":"https:\/\/www.qc.cuny.edu\/academics\/sees\/wp-json\/wp\/v2\/comments?post=3750"}],"version-history":[{"count":0,"href":"https:\/\/www.qc.cuny.edu\/academics\/sees\/wp-json\/wp\/v2\/pages\/3750\/revisions"}],"wp:attachment":[{"href":"https:\/\/www.qc.cuny.edu\/academics\/sees\/wp-json\/wp\/v2\/media?parent=3750"}],"wp:term":[{"taxonomy":"page_category","embeddable":true,"href":"https:\/\/www.qc.cuny.edu\/academics\/sees\/wp-json\/wp\/v2\/page_category?post=3750"},{"taxonomy":"wf_page_folders","embeddable":true,"href":"https:\/\/www.qc.cuny.edu\/academics\/sees\/wp-json\/wp\/v2\/wf_page_folders?post=3750"}],"curies":[{"name":"wp","href":"https:\/\/api.w.org\/{rel}","templated":true}]}}